{"id":2166,"date":"2025-03-24T12:59:33","date_gmt":"2025-03-24T12:59:33","guid":{"rendered":"https:\/\/www.marbesur.com\/services\/"},"modified":"2026-03-20T13:41:30","modified_gmt":"2026-03-20T13:41:30","slug":"services","status":"publish","type":"page","link":"https:\/\/www.marbesur.com\/en\/services\/","title":{"rendered":"Services"},"content":{"rendered":"<p>[et_pb_section fb_built=&#8221;1&#8243; _builder_version=&#8221;4.27.4&#8243; _module_preset=&#8221;default&#8221; global_colors_info=&#8221;{}&#8221;][et_pb_row column_structure=&#8221;1_2,1_2&#8243; _builder_version=&#8221;4.27.4&#8243; _module_preset=&#8221;default&#8221; max_width=&#8221;1500px&#8221; global_colors_info=&#8221;{}&#8221;][et_pb_column type=&#8221;1_2&#8243; _builder_version=&#8221;4.27.4&#8243; _module_preset=&#8221;default&#8221; global_colors_info=&#8221;{}&#8221;][dnxte_multi_heading text_one=&#8221;SERVICIOS&#8221; text_two=&#8221;Construyendo Futuro en M\u00e1laga y Granada&#8221; display_type_select=&#8221;on&#8221; text_one_reveal_effect=&#8221;on&#8221; text_one_reveal_color_before=&#8221;#52B3DE&#8221; _builder_version=&#8221;4.27.4&#8243; _module_preset=&#8221;default&#8221; text_one_font=&#8221;|||on|||||&#8221; text_one_font_size=&#8221;36px&#8221; text_one_line_height=&#8221;1.1em&#8221; text_two_font=&#8221;|300|||||||&#8221; text_two_font_size=&#8221;22px&#8221; text_two_line_height=&#8221;1.2em&#8221; custom_margin=&#8221;||0px||false|false&#8221; custom_padding=&#8221;||0px||false|false&#8221; global_colors_info=&#8221;{}&#8221;][\/dnxte_multi_heading][et_pb_text _builder_version=&#8221;4.27.4&#8243; _module_preset=&#8221;default&#8221; custom_margin=&#8221;0px||0px||false|false&#8221; custom_padding=&#8221;0px||0px||false|false&#8221; global_colors_info=&#8221;{}&#8221;]<\/p>\n<p><span data-metadata=\"&lt;!--(figmeta)eyJmaWxlS2V5IjoiTmUxc1lrcXFhUkhsYk0yZWM1N1hFYyIsInBhc3RlSUQiOjE2NjgzNDAwNTgsImRhdGFUeXBlIjoic2NlbmUifQo=(\/figmeta)--&gt;\"><\/span><\/p>\n<div class=\"wpb_text_column wpb_content_element \">\n<div class=\"wpb_wrapper\">\n<p>The idea of<span> <\/span><strong>Obras y Proyectos MARBESUR, S.L.<\/strong>, was created starting its activity in the sector of the<span> <\/span><strong>construction<\/strong><span> <\/span>with the origin of the company as such, since the founder of the company wanted to develop this<span> <\/span><strong>project<\/strong><span> <\/span>with<span> <\/span><strong>young entrepreneurs<\/strong><span> <\/span>with a<span> <\/span><strong>very consolidated experience.<\/strong><\/p>\n<\/div>\n<\/div>\n<div class=\"wpb_text_column wpb_content_element \">\n<div class=\"wpb_wrapper\">\n<p>Since its inception, the rigorous<span> <\/span><strong>management criteria<\/strong>, together with their<span> <\/span><strong>reinvestment policy<\/strong><span> <\/span>and diversification. On the other hand, the resources earmarked for <span> <\/span><strong>research<\/strong>,<span> <\/span><strong>new technologies<\/strong><span> <\/span>and have a<span> <\/span><strong>excellent team<\/strong><span> <\/span>in continuous training, enable the company to offer the best possible<span> <\/span><strong>best solution<\/strong><span> <\/span>to the needs of customers.<\/p>\n<\/div>\n<\/div>\n<p>[\/et_pb_text][\/et_pb_column][et_pb_column type=&#8221;1_2&#8243; _builder_version=&#8221;4.27.4&#8243; _module_preset=&#8221;default&#8221; global_colors_info=&#8221;{}&#8221;][et_pb_video src=&#8221;https:\/\/www.youtube.com\/watch?v=K3JohzaVWtM&#8221; image_src=&#8221;\/\/i.ytimg.com\/vi\/K3JohzaVWtM\/hqdefault.jpg&#8221; play_icon_color=&#8221;rgba(0,0,0,0.85)&#8221; _builder_version=&#8221;4.27.4&#8243; _module_preset=&#8221;default&#8221; border_width_bottom=&#8221;4px&#8221; border_color_bottom=&#8221;#52B3DE&#8221; global_colors_info=&#8221;{}&#8221;][\/et_pb_video][\/et_pb_column][\/et_pb_row][et_pb_row column_structure=&#8221;1_3,1_3,1_3&#8243; _builder_version=&#8221;4.27.4&#8243; _module_preset=&#8221;default&#8221; max_width=&#8221;1500px&#8221; custom_padding=&#8221;60px||5px||false|false&#8221; global_colors_info=&#8221;{}&#8221;][et_pb_column type=&#8221;1_3&#8243; _builder_version=&#8221;4.27.4&#8243; _module_preset=&#8221;default&#8221; global_colors_info=&#8221;{}&#8221;][dnxte_ultimate_image_hover dnxtiep_uih_heading_text=&#8221;ARCHITECTURE AND PROJECTS&#8221; dnxtiep_uih_image=&#8221;https:\/\/www.marbesur.com\/wp-content\/uploads\/2025\/03\/arquitectura-9.jpg&#8221; dnxtiep_uih_image_hover_effect=&#8221;effect-13&#8243; dnxtiep_uih_heading_margin=&#8221;-50px||||false|false&#8221; dnxtiep_uih_description_margin=&#8221;||||false|false&#8221; dnxtiep_uih_bg_overlay=&#8221;#0A0000&#8243; dnxtiep_uih_focus_bg=&#8221;RGBA(255,255,255,0)&#8221; dnxtiep_uih_image_opacity=&#8221;0.6  &#8221; _builder_version=&#8221;4.27.4&#8243; _dynamic_attributes=&#8221;link_option_url&#8221; _module_preset=&#8221;default&#8221; hover_text_fonts_font=&#8221;|600|||||||&#8221; hover_text_fonts_text_color=&#8221;#FFFFFF&#8221; hover_text_fonts_font_size=&#8221;26px&#8221; hover_text_fonts_line_height=&#8221;1.3em&#8221; hover_text_heading_bold_text_color=&#8221;#FFFFFF&#8221; transform_translate=&#8221;-1px|0px&#8221; custom_margin=&#8221;||-3px|||&#8221; link_option_url=&#8221;@ET-DC@eyJkeW5hbWljIjp0cnVlLCJjb250ZW50IjoicG9zdF9saW5rX3VybF9wYWdlIiwic2V0dGluZ3MiOnsicG9zdF9pZCI6IjM0NiJ9fQ==@&#8221; hover_enabled=&#8221;0&#8243; hover_text_fonts_text_shadow_style=&#8221;preset2&#8243; global_colors_info=&#8221;{}&#8221; sticky_enabled=&#8221;0&#8243;][\/dnxte_ultimate_image_hover][\/et_pb_column][et_pb_column type=&#8221;1_3&#8243; _builder_version=&#8221;4.27.4&#8243; _module_preset=&#8221;default&#8221; global_colors_info=&#8221;{}&#8221;][dnxte_ultimate_image_hover dnxtiep_uih_heading_text=&#8221;POOLS&#8221; dnxtiep_uih_image=&#8221;https:\/\/www.marbesur.com\/wp-content\/uploads\/2025\/03\/Piscinas.png&#8221; dnxtiep_uih_image_hover_effect=&#8221;effect-13&#8243; dnxtiep_uih_heading_margin=&#8221;-50px||||false|false&#8221; dnxtiep_uih_description_margin=&#8221;||||false|false&#8221; dnxtiep_uih_bg_overlay=&#8221;#0A0000&#8243; dnxtiep_uih_focus_bg=&#8221;RGBA(255,255,255,0)&#8221; dnxtiep_uih_image_opacity=&#8221;0.6  &#8221; _builder_version=&#8221;4.27.4&#8243; _dynamic_attributes=&#8221;link_option_url&#8221; _module_preset=&#8221;default&#8221; hover_text_fonts_font=&#8221;|600|||||||&#8221; hover_text_fonts_text_color=&#8221;#FFFFFF&#8221; hover_text_fonts_font_size=&#8221;26px&#8221; hover_text_fonts_line_height=&#8221;1.3em&#8221; hover_text_heading_bold_text_color=&#8221;#FFFFFF&#8221; transform_translate=&#8221;-1px|0px&#8221; custom_margin=&#8221;||-3px|||&#8221; link_option_url=&#8221;@ET-DC@eyJkeW5hbWljIjp0cnVlLCJjb250ZW50IjoicG9zdF9saW5rX3VybF9wYWdlIiwic2V0dGluZ3MiOnsicG9zdF9pZCI6IjM4NyJ9fQ==@&#8221; hover_enabled=&#8221;0&#8243; hover_text_fonts_text_shadow_style=&#8221;preset2&#8243; global_colors_info=&#8221;{}&#8221; sticky_enabled=&#8221;0&#8243;][\/dnxte_ultimate_image_hover][\/et_pb_column][et_pb_column type=&#8221;1_3&#8243; _builder_version=&#8221;4.27.4&#8243; _module_preset=&#8221;default&#8221; global_colors_info=&#8221;{}&#8221;][dnxte_ultimate_image_hover dnxtiep_uih_heading_text=&#8221;ASBESTOS HANDLING&#8221; dnxtiep_uih_image=&#8221;https:\/\/www.marbesur.com\/wp-content\/uploads\/2025\/03\/manipulacion.png&#8221; dnxtiep_uih_image_hover_effect=&#8221;effect-13&#8243; dnxtiep_uih_heading_margin=&#8221;-50px||||false|false&#8221; dnxtiep_uih_description_margin=&#8221;||||false|false&#8221; dnxtiep_uih_bg_overlay=&#8221;#0A0000&#8243; dnxtiep_uih_focus_bg=&#8221;RGBA(255,255,255,0)&#8221; dnxtiep_uih_image_opacity=&#8221;0.6  &#8221; _builder_version=&#8221;4.27.4&#8243; _dynamic_attributes=&#8221;link_option_url&#8221; _module_preset=&#8221;default&#8221; hover_text_fonts_font=&#8221;|600|||||||&#8221; hover_text_fonts_text_color=&#8221;#FFFFFF&#8221; hover_text_fonts_font_size=&#8221;26px&#8221; hover_text_fonts_line_height=&#8221;1.3em&#8221; hover_text_heading_bold_text_color=&#8221;#FFFFFF&#8221; link_option_url=&#8221;@ET-DC@eyJkeW5hbWljIjp0cnVlLCJjb250ZW50IjoicG9zdF9saW5rX3VybF9wYWdlIiwic2V0dGluZ3MiOnsicG9zdF9pZCI6IjM3MSJ9fQ==@&#8221; hover_enabled=&#8221;0&#8243; hover_text_fonts_text_shadow_style=&#8221;preset2&#8243; locked=&#8221;off&#8221; global_colors_info=&#8221;{}&#8221; sticky_enabled=&#8221;0&#8243;][\/dnxte_ultimate_image_hover][\/et_pb_column][\/et_pb_row][et_pb_row column_structure=&#8221;1_3,1_3,1_3&#8243; _builder_version=&#8221;4.27.4&#8243; _module_preset=&#8221;default&#8221; max_width=&#8221;1500px&#8221; custom_margin=&#8221;-2px|auto||auto||&#8221; custom_padding=&#8221;43px||3px||false|false&#8221; global_colors_info=&#8221;{}&#8221;][et_pb_column type=&#8221;1_3&#8243; _builder_version=&#8221;4.27.4&#8243; _module_preset=&#8221;default&#8221; global_colors_info=&#8221;{}&#8221;][dnxte_ultimate_image_hover dnxtiep_uih_heading_text=&#8221;CONSTRUCTION AND BUILDING&#8221; dnxtiep_uih_image=&#8221;https:\/\/www.marbesur.com\/wp-content\/uploads\/2025\/03\/construccion-y-edificacion.jpg&#8221; dnxtiep_uih_image_hover_effect=&#8221;effect-13&#8243; dnxtiep_uih_heading_margin=&#8221;-50px||||false|false&#8221; dnxtiep_uih_description_margin=&#8221;||||false|false&#8221; dnxtiep_uih_bg_overlay=&#8221;#0A0000&#8243; dnxtiep_uih_focus_bg=&#8221;RGBA(255,255,255,0)&#8221; dnxtiep_uih_image_opacity=&#8221;0.6  &#8221; _builder_version=&#8221;4.27.4&#8243; _dynamic_attributes=&#8221;link_option_url&#8221; _module_preset=&#8221;default&#8221; hover_text_fonts_font=&#8221;|600|||||||&#8221; hover_text_fonts_text_color=&#8221;#FFFFFF&#8221; hover_text_fonts_font_size=&#8221;26px&#8221; hover_text_fonts_line_height=&#8221;1.3em&#8221; hover_text_heading_bold_text_color=&#8221;#FFFFFF&#8221; custom_margin=&#8221;||-1px|||&#8221; link_option_url=&#8221;@ET-DC@eyJkeW5hbWljIjp0cnVlLCJjb250ZW50IjoicG9zdF9saW5rX3VybF9wYWdlIiwic2V0dGluZ3MiOnsicG9zdF9pZCI6IjM2MSJ9fQ==@&#8221; hover_enabled=&#8221;0&#8243; hover_text_fonts_text_shadow_style=&#8221;preset2&#8243; global_colors_info=&#8221;{}&#8221; sticky_enabled=&#8221;0&#8243;][\/dnxte_ultimate_image_hover][\/et_pb_column][et_pb_column type=&#8221;1_3&#8243; _builder_version=&#8221;4.27.4&#8243; _module_preset=&#8221;default&#8221; global_colors_info=&#8221;{}&#8221;][dnxte_ultimate_image_hover dnxtiep_uih_heading_text=&#8221;REHABILITATION&#8221; dnxtiep_uih_image=&#8221;https:\/\/www.marbesur.com\/wp-content\/uploads\/2025\/03\/rehabilitaciones.jpg&#8221; dnxtiep_uih_image_hover_effect=&#8221;effect-13&#8243; dnxtiep_uih_heading_margin=&#8221;-50px||||false|false&#8221; dnxtiep_uih_description_margin=&#8221;||||false|false&#8221; dnxtiep_uih_bg_overlay=&#8221;#0A0000&#8243; dnxtiep_uih_focus_bg=&#8221;RGBA(255,255,255,0)&#8221; dnxtiep_uih_image_opacity=&#8221;0.6  &#8221; _builder_version=&#8221;4.27.4&#8243; _dynamic_attributes=&#8221;link_option_url&#8221; _module_preset=&#8221;default&#8221; hover_text_fonts_font=&#8221;|600|||||||&#8221; hover_text_fonts_text_color=&#8221;#FFFFFF&#8221; hover_text_fonts_font_size=&#8221;26px&#8221; hover_text_fonts_line_height=&#8221;1.3em&#8221; hover_text_heading_bold_text_color=&#8221;#FFFFFF&#8221; link_option_url=&#8221;@ET-DC@eyJkeW5hbWljIjp0cnVlLCJjb250ZW50IjoicG9zdF9saW5rX3VybF9wYWdlIiwic2V0dGluZ3MiOnsicG9zdF9pZCI6IjM5OCJ9fQ==@&#8221; hover_enabled=&#8221;0&#8243; hover_text_fonts_text_shadow_style=&#8221;preset2&#8243; global_colors_info=&#8221;{}&#8221; sticky_enabled=&#8221;0&#8243;][\/dnxte_ultimate_image_hover][\/et_pb_column][et_pb_column type=&#8221;1_3&#8243; _builder_version=&#8221;4.27.4&#8243; _module_preset=&#8221;default&#8221; global_colors_info=&#8221;{}&#8221;][dnxte_ultimate_image_hover dnxtiep_uih_heading_text=&#8221;CIVIL WORKS&#8221; dnxtiep_uih_image=&#8221;https:\/\/www.marbesur.com\/wp-content\/uploads\/2025\/03\/obra-civil.jpg&#8221; dnxtiep_uih_image_hover_effect=&#8221;effect-13&#8243; dnxtiep_uih_heading_margin=&#8221;-50px||||false|false&#8221; dnxtiep_uih_description_margin=&#8221;||||false|false&#8221; dnxtiep_uih_bg_overlay=&#8221;#0A0000&#8243; dnxtiep_uih_focus_bg=&#8221;RGBA(255,255,255,0)&#8221; dnxtiep_uih_image_opacity=&#8221;0.6  &#8221; _builder_version=&#8221;4.27.4&#8243; _dynamic_attributes=&#8221;link_option_url&#8221; _module_preset=&#8221;default&#8221; hover_text_fonts_font=&#8221;|600|||||||&#8221; hover_text_fonts_text_color=&#8221;#FFFFFF&#8221; hover_text_fonts_font_size=&#8221;26px&#8221; hover_text_fonts_line_height=&#8221;1.3em&#8221; hover_text_heading_bold_text_color=&#8221;#FFFFFF&#8221; link_option_url=&#8221;@ET-DC@eyJkeW5hbWljIjp0cnVlLCJjb250ZW50IjoicG9zdF9saW5rX3VybF9wYWdlIiwic2V0dGluZ3MiOnsicG9zdF9pZCI6IjQwNCJ9fQ==@&#8221; hover_enabled=&#8221;0&#8243; hover_text_fonts_text_shadow_style=&#8221;preset2&#8243; locked=&#8221;off&#8221; global_colors_info=&#8221;{}&#8221; sticky_enabled=&#8221;0&#8243;][\/dnxte_ultimate_image_hover][\/et_pb_column][\/et_pb_row][\/et_pb_section]<\/p>\n","protected":false},"excerpt":{"rendered":"<p><div class=\"et_pb_module dnxte_multi_heading dnxte_multi_heading_0\">\n\t\t\t\t\n\t\t\t\t\n\t\t\t\t\n\t\t\t\t\n\t\t\t\t\n\t\t\t\t\n\t\t\t\t<div class=\"et_pb_module_inner\">\n\t\t\t\t\t<div class=\"wrapper\"><h1 class='header-level '><span class=\"dnxt-text-one reveal-effect masker wow\"><span class=\"dnxt-gradient-text-color-1\">SERVICIOS<\/span><\/span><span class=\"dnxt-text-two \"><span class=\"dnxt-gradient-text-color-2\">Construyendo Futuro en M\u00e1laga y Granada<\/span><\/span><\/h1><\/div>\n\t\t\t\t<\/div>\n\t\t\t<\/div> The idea of Obras y Proyectos MARBESUR, S.L., was created starting its activity in the sector of the construction with the origin of the company as such, since the founder of the company [&hellip;]<\/p>\n","protected":false},"author":1,"featured_media":0,"parent":0,"menu_order":0,"comment_status":"closed","ping_status":"closed","template":"","meta":{"_et_pb_use_builder":"on","_et_pb_old_content":"","_et_gb_content_width":"","footnotes":""},"class_list":["post-2166","page","type-page","status-publish","hentry"],"yoast_head":"<!-- This site is optimized with the Yoast SEO plugin v27.2 - https:\/\/yoast.com\/product\/yoast-seo-wordpress\/ -->\n<title>Service that we offer in Marbesur. We are experts<\/title>\n<meta name=\"description\" content=\"We offer various services related to construction, swimming pools, asbestos handling and building renovations.\" \/>\n<meta name=\"robots\" content=\"index, follow, max-snippet:-1, max-image-preview:large, max-video-preview:-1\" \/>\n<link rel=\"canonical\" href=\"https:\/\/www.marbesur.com\/en\/services\/\" \/>\n<meta property=\"og:locale\" content=\"en_US\" \/>\n<meta property=\"og:type\" content=\"article\" \/>\n<meta property=\"og:title\" content=\"Service that we offer in Marbesur. We are experts\" \/>\n<meta property=\"og:description\" content=\"We offer various services related to construction, swimming pools, asbestos handling and building renovations.\" \/>\n<meta property=\"og:url\" content=\"https:\/\/www.marbesur.com\/en\/services\/\" \/>\n<meta property=\"og:site_name\" content=\"Marbesur - Empresa de Proyectos y Obras en Granada y M\u00e1laga.\" \/>\n<meta property=\"article:modified_time\" content=\"2026-03-20T13:41:30+00:00\" \/>\n<meta name=\"twitter:card\" content=\"summary_large_image\" \/>\n<meta name=\"twitter:label1\" content=\"Est. reading time\" \/>\n\t<meta name=\"twitter:data1\" content=\"6 minutes\" \/>\n<script type=\"application\/ld+json\" class=\"yoast-schema-graph\">{\"@context\":\"https:\/\/schema.org\",\"@graph\":[{\"@type\":\"WebPage\",\"@id\":\"https:\/\/www.marbesur.com\/en\/services\/\",\"url\":\"https:\/\/www.marbesur.com\/en\/services\/\",\"name\":\"Service that we offer in Marbesur. We are experts\",\"isPartOf\":{\"@id\":\"https:\/\/www.marbesur.com\/en\/#website\"},\"datePublished\":\"2025-03-24T12:59:33+00:00\",\"dateModified\":\"2026-03-20T13:41:30+00:00\",\"description\":\"We offer various services related to construction, swimming pools, asbestos handling and building renovations.\",\"breadcrumb\":{\"@id\":\"https:\/\/www.marbesur.com\/en\/services\/#breadcrumb\"},\"inLanguage\":\"en-US\",\"potentialAction\":[{\"@type\":\"ReadAction\",\"target\":[\"https:\/\/www.marbesur.com\/en\/services\/\"]}]},{\"@type\":\"BreadcrumbList\",\"@id\":\"https:\/\/www.marbesur.com\/en\/services\/#breadcrumb\",\"itemListElement\":[{\"@type\":\"ListItem\",\"position\":1,\"name\":\"Portada\",\"item\":\"https:\/\/www.marbesur.com\/en\/\"},{\"@type\":\"ListItem\",\"position\":2,\"name\":\"Services\"}]},{\"@type\":\"WebSite\",\"@id\":\"https:\/\/www.marbesur.com\/en\/#website\",\"url\":\"https:\/\/www.marbesur.com\/en\/\",\"name\":\"Marbesur - Empresa de Proyectos y Obras en Granada y M\u00e1laga.\",\"description\":\"Empresa especializada en proyectos de obras en Granada y M\u00e1laga. Especialistas en la realizaci\u00f3n de reformas y rehabilitaciones integrales.\",\"potentialAction\":[{\"@type\":\"SearchAction\",\"target\":{\"@type\":\"EntryPoint\",\"urlTemplate\":\"https:\/\/www.marbesur.com\/en\/?s={search_term_string}\"},\"query-input\":{\"@type\":\"PropertyValueSpecification\",\"valueRequired\":true,\"valueName\":\"search_term_string\"}}],\"inLanguage\":\"en-US\"}]}<\/script>\n<!-- \/ Yoast SEO plugin. -->","yoast_head_json":{"title":"Service that we offer in Marbesur. We are experts","description":"We offer various services related to construction, swimming pools, asbestos handling and building renovations.","robots":{"index":"index","follow":"follow","max-snippet":"max-snippet:-1","max-image-preview":"max-image-preview:large","max-video-preview":"max-video-preview:-1"},"canonical":"https:\/\/www.marbesur.com\/en\/services\/","og_locale":"en_US","og_type":"article","og_title":"Service that we offer in Marbesur. We are experts","og_description":"We offer various services related to construction, swimming pools, asbestos handling and building renovations.","og_url":"https:\/\/www.marbesur.com\/en\/services\/","og_site_name":"Marbesur - Empresa de Proyectos y Obras en Granada y M\u00e1laga.","article_modified_time":"2026-03-20T13:41:30+00:00","twitter_card":"summary_large_image","twitter_misc":{"Est. reading time":"6 minutes"},"schema":{"@context":"https:\/\/schema.org","@graph":[{"@type":"WebPage","@id":"https:\/\/www.marbesur.com\/en\/services\/","url":"https:\/\/www.marbesur.com\/en\/services\/","name":"Service that we offer in Marbesur. We are experts","isPartOf":{"@id":"https:\/\/www.marbesur.com\/en\/#website"},"datePublished":"2025-03-24T12:59:33+00:00","dateModified":"2026-03-20T13:41:30+00:00","description":"We offer various services related to construction, swimming pools, asbestos handling and building renovations.","breadcrumb":{"@id":"https:\/\/www.marbesur.com\/en\/services\/#breadcrumb"},"inLanguage":"en-US","potentialAction":[{"@type":"ReadAction","target":["https:\/\/www.marbesur.com\/en\/services\/"]}]},{"@type":"BreadcrumbList","@id":"https:\/\/www.marbesur.com\/en\/services\/#breadcrumb","itemListElement":[{"@type":"ListItem","position":1,"name":"Portada","item":"https:\/\/www.marbesur.com\/en\/"},{"@type":"ListItem","position":2,"name":"Services"}]},{"@type":"WebSite","@id":"https:\/\/www.marbesur.com\/en\/#website","url":"https:\/\/www.marbesur.com\/en\/","name":"Marbesur - Empresa de Proyectos y Obras en Granada y M\u00e1laga.","description":"Empresa especializada en proyectos de obras en Granada y M\u00e1laga. Especialistas en la realizaci\u00f3n de reformas y rehabilitaciones integrales.","potentialAction":[{"@type":"SearchAction","target":{"@type":"EntryPoint","urlTemplate":"https:\/\/www.marbesur.com\/en\/?s={search_term_string}"},"query-input":{"@type":"PropertyValueSpecification","valueRequired":true,"valueName":"search_term_string"}}],"inLanguage":"en-US"}]}},"_links":{"self":[{"href":"https:\/\/www.marbesur.com\/en\/wp-json\/wp\/v2\/pages\/2166","targetHints":{"allow":["GET"]}}],"collection":[{"href":"https:\/\/www.marbesur.com\/en\/wp-json\/wp\/v2\/pages"}],"about":[{"href":"https:\/\/www.marbesur.com\/en\/wp-json\/wp\/v2\/types\/page"}],"author":[{"embeddable":true,"href":"https:\/\/www.marbesur.com\/en\/wp-json\/wp\/v2\/users\/1"}],"replies":[{"embeddable":true,"href":"https:\/\/www.marbesur.com\/en\/wp-json\/wp\/v2\/comments?post=2166"}],"version-history":[{"count":2,"href":"https:\/\/www.marbesur.com\/en\/wp-json\/wp\/v2\/pages\/2166\/revisions"}],"predecessor-version":[{"id":2193,"href":"https:\/\/www.marbesur.com\/en\/wp-json\/wp\/v2\/pages\/2166\/revisions\/2193"}],"wp:attachment":[{"href":"https:\/\/www.marbesur.com\/en\/wp-json\/wp\/v2\/media?parent=2166"}],"curies":[{"name":"wp","href":"https:\/\/api.w.org\/{rel}","templated":true}]}}