{"id":2114,"date":"2025-03-24T12:59:26","date_gmt":"2025-03-24T12:59:26","guid":{"rendered":"https:\/\/www.marbesur.com\/swimming-pools\/"},"modified":"2026-03-20T13:44:01","modified_gmt":"2026-03-20T13:44:01","slug":"swimming-pools","status":"publish","type":"page","link":"https:\/\/www.marbesur.com\/en\/swimming-pools\/","title":{"rendered":"Swimming pools"},"content":{"rendered":"<p>[et_pb_section fb_built=&#8221;1&#8243; _builder_version=&#8221;4.27.4&#8243; _module_preset=&#8221;default&#8221; global_colors_info=&#8221;{}&#8221;][et_pb_row column_structure=&#8221;1_2,1_2&#8243; _builder_version=&#8221;4.27.4&#8243; _module_preset=&#8221;default&#8221; max_width=&#8221;1500px&#8221; global_colors_info=&#8221;{}&#8221;][et_pb_column type=&#8221;1_2&#8243; _builder_version=&#8221;4.27.4&#8243; _module_preset=&#8221;default&#8221; global_colors_info=&#8221;{}&#8221;][dnxte_multi_heading text_one=&#8221;SWIMMING POOLS&#8221; text_two=&#8221;Building the Future in Malaga and Granada&#8221; display_type_select=&#8221;on&#8221; text_one_reveal_effect=&#8221;on&#8221; text_one_reveal_color_before=&#8221;#52B3DE&#8221; _builder_version=&#8221;4.27.4&#8243; _module_preset=&#8221;default&#8221; text_one_font=&#8221;|||on|||||&#8221; text_one_font_size=&#8221;36px&#8221; text_one_line_height=&#8221;1.1em&#8221; text_two_font=&#8221;|300|||||||&#8221; text_two_font_size=&#8221;22px&#8221; text_two_line_height=&#8221;1.2em&#8221; custom_margin=&#8221;||0px||false|false&#8221; custom_padding=&#8221;||0px||false|false&#8221; hover_enabled=&#8221;0&#8243; global_colors_info=&#8221;{}&#8221; sticky_enabled=&#8221;0&#8243;][\/dnxte_multi_heading][et_pb_text _builder_version=&#8221;4.27.4&#8243; _module_preset=&#8221;default&#8221; custom_margin=&#8221;0px||0px||false|false&#8221; custom_padding=&#8221;0px||0px||false|false&#8221; global_colors_info=&#8221;{}&#8221;]<\/p>\n<p><span data-metadata=\"&lt;!--(figmeta)eyJmaWxlS2V5IjoiTmUxc1lrcXFhUkhsYk0yZWM1N1hFYyIsInBhc3RlSUQiOjE2NjgzNDAwNTgsImRhdGFUeXBlIjoic2NlbmUifQo=(\/figmeta)--&gt;\"><\/span><\/p>\n<div class=\"wpb_text_column wpb_content_element \">\n<div class=\"wpb_wrapper\">\n<p><strong>Each customer is special and each pool has its own personality.<\/strong><\/p>\n<p>In<span> <\/span><strong>Obras y Proyectos Marbesur<\/strong><span> <\/span>we take care of every detail and offer you a personalized design, we have the best landscape designers and the best technology to ensure a customized design specifically for your home.<\/p>\n<p>We are dedicated to the<span> <\/span><strong>construction and rehabilitation<\/strong><span> <\/span>of swimming pools in shotcrete (g\u00fcnite), providing 10 years of warranty on the waterproofing of the pool.<\/p>\n<p>Trust fully in the professionals of our company that from the first contact until the delivery of the pool in correct operation will treat you in<span> <\/span><strong>exclusive way<\/strong><span> <\/span>so that you do not have to worry about anything.<\/p>\n<p>We treat our customers in an exclusive way by providing<span> <\/span> with<strong>detailed and non-binding estimates.<\/strong><\/p>\n<\/div>\n<\/div>\n<p>[\/et_pb_text][\/et_pb_column][et_pb_column type=&#8221;1_2&#8243; _builder_version=&#8221;4.27.4&#8243; _module_preset=&#8221;default&#8221; global_colors_info=&#8221;{}&#8221;][et_pb_image src=&#8221;https:\/\/www.marbesur.com\/wp-content\/uploads\/2025\/03\/piscinas-3.png&#8221; alt=&#8221;Pools 3&#8243; title_text=&#8221;Pools 3&#8243; _builder_version=&#8221;4.27.4&#8243; _module_preset=&#8221;default&#8221; transform_translate=&#8221;4px|23px&#8221; custom_padding=&#8221;||0px|||&#8221; global_colors_info=&#8221;{}&#8221;][\/et_pb_image][\/et_pb_column][\/et_pb_row][et_pb_row _builder_version=&#8221;4.27.4&#8243; _module_preset=&#8221;default&#8221; max_width=&#8221;1500px&#8221; custom_padding=&#8221;0px||0px||false|false&#8221; global_colors_info=&#8221;{}&#8221;][et_pb_column type=&#8221;4_4&#8243; _builder_version=&#8221;4.27.4&#8243; _module_preset=&#8221;default&#8221; global_colors_info=&#8221;{}&#8221;][et_pb_text _builder_version=&#8221;4.27.4&#8243; _module_preset=&#8221;default&#8221; custom_margin=&#8221;0px||0px||false|false&#8221; custom_padding=&#8221;0px||0px||false|false&#8221; global_colors_info=&#8221;{}&#8221;]<\/p>\n<div class=\"wpb_text_column wpb_content_element \">\n<div class=\"wpb_wrapper\">\n<p>There is no better recommendation than that of our own customers who are satisfied with the work done. There are hundreds of families enjoying a swimming pool made by our company.<\/p>\n<p>Our clients endorse our work.<\/p>\n<\/div>\n<\/div>\n<p>[\/et_pb_text][\/et_pb_column][\/et_pb_row][et_pb_row _builder_version=&#8221;4.27.4&#8243; _module_preset=&#8221;default&#8221; max_width=&#8221;1500px&#8221; global_colors_info=&#8221;{}&#8221;][et_pb_column type=&#8221;4_4&#8243; _builder_version=&#8221;4.27.4&#8243; _module_preset=&#8221;default&#8221; global_colors_info=&#8221;{}&#8221;][dnxte_coverflowslider_parent dnxte_coverflow_speed=&#8221;300&#8243; dnxte_coverflow_arrows=&#8221;on&#8221; dnxte_coverflow_arrow_color=&#8221;#52B3DE&#8221; _builder_version=&#8221;4.27.4&#8243; _module_preset=&#8221;default&#8221; custom_margin=&#8221;16px|||||&#8221; global_colors_info=&#8221;{}&#8221;][dnxte_coverflowslider_child coverflowslider_image=&#8221;https:\/\/www.marbesur.com\/wp-content\/uploads\/2025\/03\/piscinas-8.png&#8221; _builder_version=&#8221;4.27.4&#8243; _module_preset=&#8221;default&#8221; global_colors_info=&#8221;{}&#8221;][\/dnxte_coverflowslider_child][dnxte_coverflowslider_child coverflowslider_image=&#8221;https:\/\/www.marbesur.com\/wp-content\/uploads\/2025\/03\/piscinas-6.png&#8221; _builder_version=&#8221;4.27.4&#8243; _module_preset=&#8221;default&#8221; global_colors_info=&#8221;{}&#8221;][\/dnxte_coverflowslider_child][dnxte_coverflowslider_child coverflowslider_image=&#8221;https:\/\/www.marbesur.com\/wp-content\/uploads\/2025\/03\/piscinas-5.png&#8221; _builder_version=&#8221;4.27.4&#8243; _module_preset=&#8221;default&#8221; global_colors_info=&#8221;{}&#8221;][\/dnxte_coverflowslider_child][dnxte_coverflowslider_child coverflowslider_image=&#8221;https:\/\/www.marbesur.com\/wp-content\/uploads\/2025\/03\/piscinas-4.png&#8221; _builder_version=&#8221;4.27.4&#8243; _module_preset=&#8221;default&#8221; global_colors_info=&#8221;{}&#8221;][\/dnxte_coverflowslider_child][dnxte_coverflowslider_child coverflowslider_image=&#8221;https:\/\/www.marbesur.com\/wp-content\/uploads\/2025\/03\/piscinas-3.png&#8221; _builder_version=&#8221;4.27.4&#8243; _module_preset=&#8221;default&#8221; global_colors_info=&#8221;{}&#8221;][\/dnxte_coverflowslider_child][dnxte_coverflowslider_child coverflowslider_image=&#8221;https:\/\/www.marbesur.com\/wp-content\/uploads\/2025\/03\/piscinas-2.png&#8221; _builder_version=&#8221;4.27.4&#8243; _module_preset=&#8221;default&#8221; global_colors_info=&#8221;{}&#8221;][\/dnxte_coverflowslider_child][dnxte_coverflowslider_child coverflowslider_image=&#8221;https:\/\/www.marbesur.com\/wp-content\/uploads\/2025\/03\/piscinas-1.png&#8221; _builder_version=&#8221;4.27.4&#8243; _module_preset=&#8221;default&#8221; global_colors_info=&#8221;{}&#8221;][\/dnxte_coverflowslider_child][\/dnxte_coverflowslider_parent][\/et_pb_column][\/et_pb_row][et_pb_row make_equal=&#8221;on&#8221; _builder_version=&#8221;4.27.4&#8243; _module_preset=&#8221;default&#8221; max_width=&#8221;1500px&#8221; custom_margin=&#8221;0px||0px||false|false&#8221; custom_padding=&#8221;0px||0px||false|false&#8221; custom_css_main_element=&#8221;align-items:flex-end;&#8221; global_colors_info=&#8221;{}&#8221;][et_pb_column type=&#8221;4_4&#8243; _builder_version=&#8221;4.27.4&#8243; _module_preset=&#8221;default&#8221; global_colors_info=&#8221;{}&#8221;][dnxte_button button_text=&#8221;ver m\u00e1s trabajos&#8221; button_link=&#8221;https:\/\/www.marbesur.com\/trabajos\/#piscinas&#8221; dnxt_button_alignment=&#8221;center&#8221; btn_icon=&#8221;&#x39;||divi||400&#8243; btn_icon_color=&#8221;#FFFFFF&#8221; dnxt_hover_2d=&#8221;dnxt-hover-float&#8221; dnxt_hover_bg_color=&#8221;#C4E7F6&#8243; dnxt_hover_icons=&#8221;dnxt-hover-icon-pulse-grow&#8221; _builder_version=&#8221;4.27.4&#8243; _module_preset=&#8221;default&#8221; btn_fonts_font=&#8221;&#8211;et_global_heading_font|||on|||||&#8221; btn_fonts_text_color=&#8221;#FFFFFF&#8221; btn_fonts_font_size=&#8221;18px&#8221; btn_fonts_line_height=&#8221;1.5em&#8221; background_enable_color=&#8221;off&#8221; use_background_color_gradient=&#8221;on&#8221; background_color_gradient_stops=&#8221;#52b3de 0%|#52b3de 100%&#8221; custom_margin=&#8221;20px||||false|false&#8221; custom_padding=&#8221;10px|40px|10px|40px|false|false&#8221; border_radii_btn_border=&#8221;on|0px|0px|0px|0px&#8221; border_width_all_btn_border=&#8221;0px&#8221; global_colors_info=&#8221;{}&#8221;][\/dnxte_button][\/et_pb_column][\/et_pb_row][\/et_pb_section]<\/p>\n","protected":false},"excerpt":{"rendered":"<p><div class=\"et_pb_module dnxte_multi_heading dnxte_multi_heading_0\">\n\t\t\t\t\n\t\t\t\t\n\t\t\t\t\n\t\t\t\t\n\t\t\t\t\n\t\t\t\t\n\t\t\t\t<div class=\"et_pb_module_inner\">\n\t\t\t\t\t<div class=\"wrapper\"><h1 class='header-level '><span class=\"dnxt-text-one reveal-effect masker wow\"><span class=\"dnxt-gradient-text-color-1\">SWIMMING POOLS<\/span><\/span><span class=\"dnxt-text-two \"><span class=\"dnxt-gradient-text-color-2\">Building the Future in Malaga and Granada<\/span><\/span><\/h1><\/div>\n\t\t\t\t<\/div>\n\t\t\t<\/div> Each customer is special and each pool has its own personality. In Obras y Proyectos Marbesur we take care of every detail and offer you a personalized design, we [&hellip;]<\/p>\n","protected":false},"author":1,"featured_media":0,"parent":0,"menu_order":0,"comment_status":"closed","ping_status":"closed","template":"","meta":{"_et_pb_use_builder":"on","_et_pb_old_content":"","_et_gb_content_width":"","footnotes":""},"class_list":["post-2114","page","type-page","status-publish","hentry"],"yoast_head":"<!-- This site is optimized with the Yoast SEO plugin v27.2 - https:\/\/yoast.com\/product\/yoast-seo-wordpress\/ -->\n<title>Swimming Pool Construction and Landscaping. Marbestur, specialists<\/title>\n<meta name=\"description\" content=\"We take care of every detail and offer a customized pool design, tailored to your needs. Find out about our services\" \/>\n<meta name=\"robots\" content=\"index, follow, max-snippet:-1, max-image-preview:large, max-video-preview:-1\" \/>\n<link rel=\"canonical\" href=\"https:\/\/www.marbesur.com\/en\/swimming-pools\/\" \/>\n<meta property=\"og:locale\" content=\"en_US\" \/>\n<meta property=\"og:type\" content=\"article\" \/>\n<meta property=\"og:title\" content=\"Swimming Pool Construction and Landscaping. Marbestur, specialists\" \/>\n<meta property=\"og:description\" content=\"We take care of every detail and offer a customized pool design, tailored to your needs. Find out about our services\" \/>\n<meta property=\"og:url\" content=\"https:\/\/www.marbesur.com\/en\/swimming-pools\/\" \/>\n<meta property=\"og:site_name\" content=\"Marbesur - Empresa de Proyectos y Obras en Granada y M\u00e1laga.\" \/>\n<meta property=\"article:modified_time\" content=\"2026-03-20T13:44:01+00:00\" \/>\n<meta name=\"twitter:card\" content=\"summary_large_image\" \/>\n<meta name=\"twitter:label1\" content=\"Est. reading time\" \/>\n\t<meta name=\"twitter:data1\" content=\"3 minutes\" \/>\n<script type=\"application\/ld+json\" class=\"yoast-schema-graph\">{\"@context\":\"https:\/\/schema.org\",\"@graph\":[{\"@type\":\"WebPage\",\"@id\":\"https:\/\/www.marbesur.com\/en\/swimming-pools\/\",\"url\":\"https:\/\/www.marbesur.com\/en\/swimming-pools\/\",\"name\":\"Swimming Pool Construction and Landscaping. Marbestur, specialists\",\"isPartOf\":{\"@id\":\"https:\/\/www.marbesur.com\/en\/#website\"},\"datePublished\":\"2025-03-24T12:59:26+00:00\",\"dateModified\":\"2026-03-20T13:44:01+00:00\",\"description\":\"We take care of every detail and offer a customized pool design, tailored to your needs. Find out about our services\",\"breadcrumb\":{\"@id\":\"https:\/\/www.marbesur.com\/en\/swimming-pools\/#breadcrumb\"},\"inLanguage\":\"en-US\",\"potentialAction\":[{\"@type\":\"ReadAction\",\"target\":[\"https:\/\/www.marbesur.com\/en\/swimming-pools\/\"]}]},{\"@type\":\"BreadcrumbList\",\"@id\":\"https:\/\/www.marbesur.com\/en\/swimming-pools\/#breadcrumb\",\"itemListElement\":[{\"@type\":\"ListItem\",\"position\":1,\"name\":\"Portada\",\"item\":\"https:\/\/www.marbesur.com\/en\/\"},{\"@type\":\"ListItem\",\"position\":2,\"name\":\"Swimming pools\"}]},{\"@type\":\"WebSite\",\"@id\":\"https:\/\/www.marbesur.com\/en\/#website\",\"url\":\"https:\/\/www.marbesur.com\/en\/\",\"name\":\"Marbesur - Empresa de Proyectos y Obras en Granada y M\u00e1laga.\",\"description\":\"Empresa especializada en proyectos de obras en Granada y M\u00e1laga. Especialistas en la realizaci\u00f3n de reformas y rehabilitaciones integrales.\",\"potentialAction\":[{\"@type\":\"SearchAction\",\"target\":{\"@type\":\"EntryPoint\",\"urlTemplate\":\"https:\/\/www.marbesur.com\/en\/?s={search_term_string}\"},\"query-input\":{\"@type\":\"PropertyValueSpecification\",\"valueRequired\":true,\"valueName\":\"search_term_string\"}}],\"inLanguage\":\"en-US\"}]}<\/script>\n<!-- \/ Yoast SEO plugin. -->","yoast_head_json":{"title":"Swimming Pool Construction and Landscaping. Marbestur, specialists","description":"We take care of every detail and offer a customized pool design, tailored to your needs. Find out about our services","robots":{"index":"index","follow":"follow","max-snippet":"max-snippet:-1","max-image-preview":"max-image-preview:large","max-video-preview":"max-video-preview:-1"},"canonical":"https:\/\/www.marbesur.com\/en\/swimming-pools\/","og_locale":"en_US","og_type":"article","og_title":"Swimming Pool Construction and Landscaping. Marbestur, specialists","og_description":"We take care of every detail and offer a customized pool design, tailored to your needs. Find out about our services","og_url":"https:\/\/www.marbesur.com\/en\/swimming-pools\/","og_site_name":"Marbesur - Empresa de Proyectos y Obras en Granada y M\u00e1laga.","article_modified_time":"2026-03-20T13:44:01+00:00","twitter_card":"summary_large_image","twitter_misc":{"Est. reading time":"3 minutes"},"schema":{"@context":"https:\/\/schema.org","@graph":[{"@type":"WebPage","@id":"https:\/\/www.marbesur.com\/en\/swimming-pools\/","url":"https:\/\/www.marbesur.com\/en\/swimming-pools\/","name":"Swimming Pool Construction and Landscaping. Marbestur, specialists","isPartOf":{"@id":"https:\/\/www.marbesur.com\/en\/#website"},"datePublished":"2025-03-24T12:59:26+00:00","dateModified":"2026-03-20T13:44:01+00:00","description":"We take care of every detail and offer a customized pool design, tailored to your needs. Find out about our services","breadcrumb":{"@id":"https:\/\/www.marbesur.com\/en\/swimming-pools\/#breadcrumb"},"inLanguage":"en-US","potentialAction":[{"@type":"ReadAction","target":["https:\/\/www.marbesur.com\/en\/swimming-pools\/"]}]},{"@type":"BreadcrumbList","@id":"https:\/\/www.marbesur.com\/en\/swimming-pools\/#breadcrumb","itemListElement":[{"@type":"ListItem","position":1,"name":"Portada","item":"https:\/\/www.marbesur.com\/en\/"},{"@type":"ListItem","position":2,"name":"Swimming pools"}]},{"@type":"WebSite","@id":"https:\/\/www.marbesur.com\/en\/#website","url":"https:\/\/www.marbesur.com\/en\/","name":"Marbesur - Empresa de Proyectos y Obras en Granada y M\u00e1laga.","description":"Empresa especializada en proyectos de obras en Granada y M\u00e1laga. Especialistas en la realizaci\u00f3n de reformas y rehabilitaciones integrales.","potentialAction":[{"@type":"SearchAction","target":{"@type":"EntryPoint","urlTemplate":"https:\/\/www.marbesur.com\/en\/?s={search_term_string}"},"query-input":{"@type":"PropertyValueSpecification","valueRequired":true,"valueName":"search_term_string"}}],"inLanguage":"en-US"}]}},"_links":{"self":[{"href":"https:\/\/www.marbesur.com\/en\/wp-json\/wp\/v2\/pages\/2114","targetHints":{"allow":["GET"]}}],"collection":[{"href":"https:\/\/www.marbesur.com\/en\/wp-json\/wp\/v2\/pages"}],"about":[{"href":"https:\/\/www.marbesur.com\/en\/wp-json\/wp\/v2\/types\/page"}],"author":[{"embeddable":true,"href":"https:\/\/www.marbesur.com\/en\/wp-json\/wp\/v2\/users\/1"}],"replies":[{"embeddable":true,"href":"https:\/\/www.marbesur.com\/en\/wp-json\/wp\/v2\/comments?post=2114"}],"version-history":[{"count":3,"href":"https:\/\/www.marbesur.com\/en\/wp-json\/wp\/v2\/pages\/2114\/revisions"}],"predecessor-version":[{"id":2195,"href":"https:\/\/www.marbesur.com\/en\/wp-json\/wp\/v2\/pages\/2114\/revisions\/2195"}],"wp:attachment":[{"href":"https:\/\/www.marbesur.com\/en\/wp-json\/wp\/v2\/media?parent=2114"}],"curies":[{"name":"wp","href":"https:\/\/api.w.org\/{rel}","templated":true}]}}