{"id":2000,"date":"2025-05-12T06:41:48","date_gmt":"2025-05-12T06:41:48","guid":{"rendered":"https:\/\/www.marbesur.com\/privacy-policy\/"},"modified":"2026-03-20T08:24:07","modified_gmt":"2026-03-20T08:24:07","slug":"privacy-policy","status":"publish","type":"page","link":"https:\/\/www.marbesur.com\/en\/privacy-policy\/","title":{"rendered":"Privacy Policy"},"content":{"rendered":"<p>[et_pb_section fb_built=&#8221;1&#8243; _builder_version=&#8221;4.27.4&#8243; _module_preset=&#8221;default&#8221; global_colors_info=&#8221;{}&#8221;][et_pb_row _builder_version=&#8221;4.27.4&#8243; _module_preset=&#8221;default&#8221; max_width=&#8221;1500px&#8221; global_colors_info=&#8221;{}&#8221;][et_pb_column type=&#8221;4_4&#8243; _builder_version=&#8221;4.27.4&#8243; _module_preset=&#8221;default&#8221; global_colors_info=&#8221;{}&#8221;][dnxte_multi_heading text_one=&#8221;pol\u00edtica de privacidad&#8221; text_two=&#8221;www.marbesur.com&#8221; display_type_select=&#8221;on&#8221; text_one_reveal_effect=&#8221;on&#8221; text_one_reveal_color_before=&#8221;#52B3DE&#8221; _builder_version=&#8221;4.27.4&#8243; _module_preset=&#8221;default&#8221; text_one_font=&#8221;|||on|||||&#8221; text_one_font_size=&#8221;36px&#8221; text_one_line_height=&#8221;1.1em&#8221; text_two_font=&#8221;|300|||||||&#8221; text_two_font_size=&#8221;22px&#8221; text_two_line_height=&#8221;1.2em&#8221; custom_margin=&#8221;||0px||false|false&#8221; custom_padding=&#8221;||0px||false|false&#8221; global_colors_info=&#8221;{}&#8221;][\/dnxte_multi_heading][et_pb_text _builder_version=&#8221;4.27.4&#8243; _module_preset=&#8221;default&#8221; custom_margin=&#8221;0px||0px||false|false&#8221; custom_padding=&#8221;0px||0px||false|false&#8221; hover_enabled=&#8221;0&#8243; global_colors_info=&#8221;{}&#8221; sticky_enabled=&#8221;0&#8243;]<\/p>\n<h3 data-start=\"257\" data-end=\"291\" class=\"\">1. Data Controller<\/h3>\n<p data-start=\"293\" data-end=\"377\" class=\"\">The data controller of the data collected through this website is:<\/p>\n<p data-start=\"379\" data-end=\"609\" class=\"\"><strong data-start=\"379\" data-end=\"415\">Obras y Proyectos Marbesur, S.L.<\/strong><br data-start=\"415\" data-end=\"418\">CIF: B93099182<br data-start=\"432\" data-end=\"435\">Address: Avd. Mijas n\u00ba2, Edif. J. Serrano, Portal 1, Planta 1\u00aa, Oficina 3B-3C, 29649 Mijas Costa &#8211; M\u00e1laga<br data-start=\"542\" data-end=\"545\">Email: <a data-start=\"565\" data-end=\"582\" class=\"cursor-pointer\" rel=\"noopener\">info@marbesur.com<\/a><br data-start=\"582\" data-end=\"585\">Telephone: 952 46 32 54  <\/p>\n<h3 data-start=\"611\" data-end=\"656\" class=\"\">2. Purpose of data processing<\/h3>\n<p data-start=\"658\" data-end=\"806\" class=\"\">Through the website <strong data-start=\"671\" data-end=\"697\">contact form<\/strong> we collect the following personal data: <strong data-start=\"755\" data-end=\"805\">name, telephone, e-mail and message.<\/strong><\/p>\n<p>The purposes of the treatment are:<\/p>\n<ul>\n<li>Respond to inquiries and requests received through the form.<\/li>\n<li>Send informative or commercial communications related to our activity (only if the user checks the corresponding subscription box).<\/li>\n<\/ul>\n<h3 data-start=\"920\" data-end=\"952\" class=\"\">3. Data Retention<\/h3>\n<p data-start=\"954\" data-end=\"1093\" class=\"\">The personal data provided will be kept <strong data-start=\"1005\" data-end=\"1042\">for a maximum period of one year<\/strong>, unless the user requests its deletion earlier.<\/p>\n<h3 data-start=\"1095\" data-end=\"1134\" class=\"\">4. Legitimation for the treatment<\/h3>\n<p data-start=\"1178\" data-end=\"1215\" class=\"\">The legal basis for the treatment is:<\/p>\n<ul data-start=\"1217\" data-end=\"1558\">\n<li data-start=\"1217\" data-end=\"1359\" class=\"\">\n<p data-start=\"1219\" data-end=\"1359\" class=\"\"><strong data-start=\"1219\" data-end=\"1252\">The user&#8217;s consent<\/strong>, granted by checking the corresponding box and voluntarily submitting their data through the form.<\/p>\n<\/li>\n<li data-start=\"1360\" data-end=\"1558\" class=\"\">\n<p data-start=\"1362\" data-end=\"1558\" class=\"\">In the case of sending informative or commercial communications, the processing is based on <strong data-start=\"1455\" data-end=\"1486\">the explicit consent<\/strong> given by voluntarily ticking the subscription box.<\/p>\n<\/li>\n<\/ul>\n<blockquote data-start=\"1560\" data-end=\"1729\">\n<p data-start=\"1562\" data-end=\"1729\" class=\"\">The user may <strong data-start=\"1579\" data-end=\"1629\">withdraw his consent at any time<\/strong>, without affecting the lawfulness of the processing based on the consent prior to its withdrawal.<\/p>\n<\/blockquote>\n<h3 data-start=\"1328\" data-end=\"1361\" class=\"\">5. Data recipients<\/h3>\n<p data-start=\"1363\" data-end=\"1715\" class=\"\">No data will be transferred to third parties, unless legally required.<br data-start=\"1418\" data-end=\"1421\">However, we inform you that we use third party services for the hosting of the website<strong data-start=\"1520\" data-end=\"1544\">(hosting services<\/strong>) and analysis tools such as <strong data-start=\"1578\" data-end=\"1598\">Google Analytics<\/strong>, which may involve international data transfers, subject to appropriate safeguards in accordance with the GDPR.<\/p>\n<h3 data-start=\"1717\" data-end=\"1744\" class=\"\">6. User&#8217;s rights<\/h3>\n<p data-start=\"1746\" data-end=\"1827\" class=\"\">You may exercise the following rights in relation to your personal data:<\/p>\n<ul data-start=\"1829\" data-end=\"2118\">\n<li data-start=\"1829\" data-end=\"1872\" class=\"\">\n<p data-start=\"1831\" data-end=\"1872\" class=\"\">Right of access to your personal data.<\/p>\n<\/li>\n<li data-start=\"1873\" data-end=\"1937\" class=\"\">\n<p data-start=\"1875\" data-end=\"1937\" class=\"\">Right to rectify inaccurate or incomplete data.<\/p>\n<\/li>\n<li data-start=\"1938\" data-end=\"1981\" class=\"\">\n<p data-start=\"1940\" data-end=\"1981\" class=\"\">Right of deletion (right to be forgotten).<\/p>\n<\/li>\n<li data-start=\"1982\" data-end=\"2033\" class=\"\">\n<p data-start=\"1984\" data-end=\"2033\" class=\"\">Right to object to the processing of your data.<\/p>\n<\/li>\n<li data-start=\"2034\" data-end=\"2076\" class=\"\">\n<p data-start=\"2036\" data-end=\"2076\" class=\"\">Right to limitation of processing.<\/p>\n<\/li>\n<li data-start=\"2077\" data-end=\"2118\" class=\"\">\n<p data-start=\"2079\" data-end=\"2118\" class=\"\">Right to data portability.<\/p>\n<\/li>\n<\/ul>\n<p data-start=\"2120\" data-end=\"2267\" class=\"\">To exercise these rights, you can send an express request together with a copy of your ID card or equivalent document to:<br data-start=\"2240\" data-end=\"2243\">\ud83d\udce7 <strong data-start=\"2246\" data-end=\"2267\"><a data-start=\"2248\" data-end=\"2265\" class=\"cursor-pointer\" rel=\"noopener\">info@marbesur.com<\/a><\/strong><\/p>\n<p data-start=\"2269\" data-end=\"2451\" class=\"\">Also, if you believe that your personal data have not been treated in accordance with the regulations, you can file a complaint with the <strong data-start=\"2400\" data-end=\"2450\">Spanish Data Protection Agency (AEPD).<\/strong><\/p>\n<h3 data-start=\"2453\" data-end=\"2482\" class=\"\">7. Data security<\/h3>\n<p data-start=\"2484\" data-end=\"2732\" class=\"\">Obras y Proyectos Marbesur, S.L. undertakes to comply with its obligation of secrecy with respect to personal data and its duty to protect them, adopting the necessary technical and organizational measures to ensure their safety.<\/p>\n<p>[\/et_pb_text][\/et_pb_column][\/et_pb_row][\/et_pb_section]<\/p>\n","protected":false},"excerpt":{"rendered":"<p><div class=\"et_pb_module dnxte_multi_heading dnxte_multi_heading_0\">\n\t\t\t\t\n\t\t\t\t\n\t\t\t\t\n\t\t\t\t\n\t\t\t\t\n\t\t\t\t\n\t\t\t\t<div class=\"et_pb_module_inner\">\n\t\t\t\t\t<div class=\"wrapper\"><h1 class='header-level '><span class=\"dnxt-text-one reveal-effect masker wow\"><span class=\"dnxt-gradient-text-color-1\">pol\u00edtica de privacidad<\/span><\/span><span class=\"dnxt-text-two \"><span class=\"dnxt-gradient-text-color-2\">www.marbesur.com<\/span><\/span><\/h1><\/div>\n\t\t\t\t<\/div>\n\t\t\t<\/div>1. Data Controller The data controller of the data collected through this website is: Obras y Proyectos Marbesur, S.L.CIF: B93099182Address: Avd. Mijas n\u00ba2, Edif. J. Serrano, Portal 1, Planta 1\u00aa, Oficina 3B-3C, 29649 Mijas Costa &#8211; M\u00e1lagaEmail: [&hellip;]<\/p>\n","protected":false},"author":1,"featured_media":0,"parent":0,"menu_order":0,"comment_status":"closed","ping_status":"closed","template":"","meta":{"_et_pb_use_builder":"on","_et_pb_old_content":"","_et_gb_content_width":"","footnotes":""},"class_list":["post-2000","page","type-page","status-publish","hentry"],"yoast_head":"<!-- This site is optimized with the Yoast SEO plugin v27.2 - https:\/\/yoast.com\/product\/yoast-seo-wordpress\/ -->\n<title>Privacy Policy - Marbesur - Empresa de Proyectos y Obras en Granada y M\u00e1laga.<\/title>\n<meta name=\"robots\" content=\"index, follow, max-snippet:-1, max-image-preview:large, max-video-preview:-1\" \/>\n<link rel=\"canonical\" href=\"https:\/\/www.marbesur.com\/en\/privacy-policy\/\" \/>\n<meta property=\"og:locale\" content=\"en_US\" \/>\n<meta property=\"og:type\" content=\"article\" \/>\n<meta property=\"og:title\" content=\"Privacy Policy - Marbesur - Empresa de Proyectos y Obras en Granada y M\u00e1laga.\" \/>\n<meta property=\"og:description\" content=\"1. Data Controller The data controller of the data collected through this website is: Obras y Proyectos Marbesur, S.L.CIF: B93099182Address: Avd. Mijas n\u00ba2, Edif. J. Serrano, Portal 1, Planta 1\u00aa, Oficina 3B-3C, 29649 Mijas Costa - M\u00e1lagaEmail: [&hellip;]\" \/>\n<meta property=\"og:url\" content=\"https:\/\/www.marbesur.com\/en\/privacy-policy\/\" \/>\n<meta property=\"og:site_name\" content=\"Marbesur - Empresa de Proyectos y Obras en Granada y M\u00e1laga.\" \/>\n<meta property=\"article:modified_time\" content=\"2026-03-20T08:24:07+00:00\" \/>\n<meta name=\"twitter:card\" content=\"summary_large_image\" \/>\n<meta name=\"twitter:label1\" content=\"Est. reading time\" \/>\n\t<meta name=\"twitter:data1\" content=\"3 minutes\" \/>\n<script type=\"application\/ld+json\" class=\"yoast-schema-graph\">{\"@context\":\"https:\/\/schema.org\",\"@graph\":[{\"@type\":\"WebPage\",\"@id\":\"https:\/\/www.marbesur.com\/en\/privacy-policy\/\",\"url\":\"https:\/\/www.marbesur.com\/en\/privacy-policy\/\",\"name\":\"Privacy Policy - Marbesur - Empresa de Proyectos y Obras en Granada y M\u00e1laga.\",\"isPartOf\":{\"@id\":\"https:\/\/www.marbesur.com\/en\/#website\"},\"datePublished\":\"2025-05-12T06:41:48+00:00\",\"dateModified\":\"2026-03-20T08:24:07+00:00\",\"breadcrumb\":{\"@id\":\"https:\/\/www.marbesur.com\/en\/privacy-policy\/#breadcrumb\"},\"inLanguage\":\"en-US\",\"potentialAction\":[{\"@type\":\"ReadAction\",\"target\":[\"https:\/\/www.marbesur.com\/en\/privacy-policy\/\"]}]},{\"@type\":\"BreadcrumbList\",\"@id\":\"https:\/\/www.marbesur.com\/en\/privacy-policy\/#breadcrumb\",\"itemListElement\":[{\"@type\":\"ListItem\",\"position\":1,\"name\":\"Portada\",\"item\":\"https:\/\/www.marbesur.com\/en\/\"},{\"@type\":\"ListItem\",\"position\":2,\"name\":\"Privacy Policy\"}]},{\"@type\":\"WebSite\",\"@id\":\"https:\/\/www.marbesur.com\/en\/#website\",\"url\":\"https:\/\/www.marbesur.com\/en\/\",\"name\":\"Marbesur - Empresa de Proyectos y Obras en Granada y M\u00e1laga.\",\"description\":\"Empresa especializada en proyectos de obras en Granada y M\u00e1laga. Especialistas en la realizaci\u00f3n de reformas y rehabilitaciones integrales.\",\"potentialAction\":[{\"@type\":\"SearchAction\",\"target\":{\"@type\":\"EntryPoint\",\"urlTemplate\":\"https:\/\/www.marbesur.com\/en\/?s={search_term_string}\"},\"query-input\":{\"@type\":\"PropertyValueSpecification\",\"valueRequired\":true,\"valueName\":\"search_term_string\"}}],\"inLanguage\":\"en-US\"}]}<\/script>\n<!-- \/ Yoast SEO plugin. -->","yoast_head_json":{"title":"Privacy Policy - Marbesur - Empresa de Proyectos y Obras en Granada y M\u00e1laga.","robots":{"index":"index","follow":"follow","max-snippet":"max-snippet:-1","max-image-preview":"max-image-preview:large","max-video-preview":"max-video-preview:-1"},"canonical":"https:\/\/www.marbesur.com\/en\/privacy-policy\/","og_locale":"en_US","og_type":"article","og_title":"Privacy Policy - Marbesur - Empresa de Proyectos y Obras en Granada y M\u00e1laga.","og_description":"1. Data Controller The data controller of the data collected through this website is: Obras y Proyectos Marbesur, S.L.CIF: B93099182Address: Avd. Mijas n\u00ba2, Edif. J. Serrano, Portal 1, Planta 1\u00aa, Oficina 3B-3C, 29649 Mijas Costa - M\u00e1lagaEmail: [&hellip;]","og_url":"https:\/\/www.marbesur.com\/en\/privacy-policy\/","og_site_name":"Marbesur - Empresa de Proyectos y Obras en Granada y M\u00e1laga.","article_modified_time":"2026-03-20T08:24:07+00:00","twitter_card":"summary_large_image","twitter_misc":{"Est. reading time":"3 minutes"},"schema":{"@context":"https:\/\/schema.org","@graph":[{"@type":"WebPage","@id":"https:\/\/www.marbesur.com\/en\/privacy-policy\/","url":"https:\/\/www.marbesur.com\/en\/privacy-policy\/","name":"Privacy Policy - Marbesur - Empresa de Proyectos y Obras en Granada y M\u00e1laga.","isPartOf":{"@id":"https:\/\/www.marbesur.com\/en\/#website"},"datePublished":"2025-05-12T06:41:48+00:00","dateModified":"2026-03-20T08:24:07+00:00","breadcrumb":{"@id":"https:\/\/www.marbesur.com\/en\/privacy-policy\/#breadcrumb"},"inLanguage":"en-US","potentialAction":[{"@type":"ReadAction","target":["https:\/\/www.marbesur.com\/en\/privacy-policy\/"]}]},{"@type":"BreadcrumbList","@id":"https:\/\/www.marbesur.com\/en\/privacy-policy\/#breadcrumb","itemListElement":[{"@type":"ListItem","position":1,"name":"Portada","item":"https:\/\/www.marbesur.com\/en\/"},{"@type":"ListItem","position":2,"name":"Privacy Policy"}]},{"@type":"WebSite","@id":"https:\/\/www.marbesur.com\/en\/#website","url":"https:\/\/www.marbesur.com\/en\/","name":"Marbesur - Empresa de Proyectos y Obras en Granada y M\u00e1laga.","description":"Empresa especializada en proyectos de obras en Granada y M\u00e1laga. Especialistas en la realizaci\u00f3n de reformas y rehabilitaciones integrales.","potentialAction":[{"@type":"SearchAction","target":{"@type":"EntryPoint","urlTemplate":"https:\/\/www.marbesur.com\/en\/?s={search_term_string}"},"query-input":{"@type":"PropertyValueSpecification","valueRequired":true,"valueName":"search_term_string"}}],"inLanguage":"en-US"}]}},"_links":{"self":[{"href":"https:\/\/www.marbesur.com\/en\/wp-json\/wp\/v2\/pages\/2000","targetHints":{"allow":["GET"]}}],"collection":[{"href":"https:\/\/www.marbesur.com\/en\/wp-json\/wp\/v2\/pages"}],"about":[{"href":"https:\/\/www.marbesur.com\/en\/wp-json\/wp\/v2\/types\/page"}],"author":[{"embeddable":true,"href":"https:\/\/www.marbesur.com\/en\/wp-json\/wp\/v2\/users\/1"}],"replies":[{"embeddable":true,"href":"https:\/\/www.marbesur.com\/en\/wp-json\/wp\/v2\/comments?post=2000"}],"version-history":[{"count":8,"href":"https:\/\/www.marbesur.com\/en\/wp-json\/wp\/v2\/pages\/2000\/revisions"}],"predecessor-version":[{"id":2029,"href":"https:\/\/www.marbesur.com\/en\/wp-json\/wp\/v2\/pages\/2000\/revisions\/2029"}],"wp:attachment":[{"href":"https:\/\/www.marbesur.com\/en\/wp-json\/wp\/v2\/media?parent=2000"}],"curies":[{"name":"wp","href":"https:\/\/api.w.org\/{rel}","templated":true}]}}