{"id":1978,"date":"2025-05-12T06:34:22","date_gmt":"2025-05-12T06:34:22","guid":{"rendered":"https:\/\/www.marbesur.com\/legal-notice\/"},"modified":"2026-03-20T08:23:30","modified_gmt":"2026-03-20T08:23:30","slug":"legal-notice","status":"publish","type":"page","link":"https:\/\/www.marbesur.com\/en\/legal-notice\/","title":{"rendered":"Legal Notice"},"content":{"rendered":"<p>[et_pb_section fb_built=&#8221;1&#8243; _builder_version=&#8221;4.27.4&#8243; _module_preset=&#8221;default&#8221; global_colors_info=&#8221;{}&#8221; theme_builder_area=&#8221;post_content&#8221;][et_pb_row _builder_version=&#8221;4.27.4&#8243; _module_preset=&#8221;default&#8221; max_width=&#8221;1500px&#8221; hover_enabled=&#8221;0&#8243; global_colors_info=&#8221;{}&#8221; theme_builder_area=&#8221;post_content&#8221; sticky_enabled=&#8221;0&#8243;][et_pb_column type=&#8221;4_4&#8243; _builder_version=&#8221;4.27.4&#8243; _module_preset=&#8221;default&#8221; global_colors_info=&#8221;{}&#8221; theme_builder_area=&#8221;post_content&#8221;][dnxte_multi_heading text_one=&#8221;aviso legal&#8221; text_two=&#8221;www.marbesur.com&#8221; display_type_select=&#8221;on&#8221; text_one_reveal_effect=&#8221;on&#8221; text_one_reveal_color_before=&#8221;#52B3DE&#8221; _builder_version=&#8221;4.27.4&#8243; _module_preset=&#8221;default&#8221; text_one_font=&#8221;|||on|||||&#8221; text_one_font_size=&#8221;36px&#8221; text_one_line_height=&#8221;1.1em&#8221; text_two_font=&#8221;|300|||||||&#8221; text_two_font_size=&#8221;22px&#8221; text_two_line_height=&#8221;1.2em&#8221; custom_margin=&#8221;||0px||false|false&#8221; custom_padding=&#8221;||0px||false|false&#8221; hover_enabled=&#8221;0&#8243; global_colors_info=&#8221;{}&#8221; theme_builder_area=&#8221;post_content&#8221; sticky_enabled=&#8221;0&#8243;][\/dnxte_multi_heading][et_pb_text _builder_version=&#8221;4.27.4&#8243; _module_preset=&#8221;default&#8221; custom_margin=&#8221;0px||0px||false|false&#8221; custom_padding=&#8221;0px||0px||false|false&#8221; hover_enabled=&#8221;0&#8243; global_colors_info=&#8221;{}&#8221; theme_builder_area=&#8221;post_content&#8221; sticky_enabled=&#8221;0&#8243;]<\/p>\n<p data-start=\"228\" data-end=\"472\" class=\"\">In compliance with the duty of information contained in Article 10 of Law 34\/2002, of July 11, Services of the Information Society and Electronic Commerce, it is reported that the owner of the web site <strong data-start=\"448\" data-end=\"468\"><a data-start=\"450\" data-end=\"466\" rel=\"noopener\" target=\"_new\" class=\"\" href=\"http:\/\/www.marbesur.com\/en\/\">www.marbesur.com<\/a><\/strong> is:<\/p>\n<p data-start=\"474\" data-end=\"704\" class=\"\"><strong data-start=\"474\" data-end=\"510\">Obras y Proyectos Marbesur, S.L.<\/strong><br data-start=\"510\" data-end=\"513\">CIF: B93099182<br data-start=\"527\" data-end=\"530\">Address: Avd. Mijas n\u00ba2, Edif. J. Serrano, Portal 1, Planta 1\u00aa, Oficina 3B-3C, 29649 Mijas Costa &#8211; M\u00e1laga<br data-start=\"637\" data-end=\"640\">Telephone: 952 46 32 54<br data-start=\"662\" data-end=\"665\">E-mail: <a data-start=\"685\" data-end=\"702\" class=\"cursor-pointer\" rel=\"noopener\">info@marbesur.com<\/a>  <\/p>\n<p data-start=\"706\" data-end=\"1006\" class=\"\">The company is registered in the Mercantile Registry as a limited liability company. Its main activity is <strong data-start=\"810\" data-end=\"854\">construction and real estate activities<\/strong>, specifically the <strong data-start=\"873\" data-end=\"918\">construction of private and civil works<\/strong>. The corresponding CNAE 2009 is <strong data-start=\"955\" data-end=\"1005\">4121 &#8211; Construction of residential buildings<\/strong>.  <\/p>\n<h3 data-start=\"1008\" data-end=\"1030\" class=\"\">Terms and conditions of use<\/h3>\n<p data-start=\"1032\" data-end=\"1434\" class=\"\">The access and use of the website attributes the condition of user, accepting from such access the present conditions of use. The user agrees to use the website in accordance with the law, good faith, public order and this Legal Notice. It is forbidden to use the website for illicit or harmful purposes, or that may cause damage or impede the normal operation of the site.  <\/p>\n<h3 data-start=\"1436\" data-end=\"1474\" class=\"\">Intellectual and industrial property<\/h3>\n<p data-start=\"1476\" data-end=\"1762\" class=\"\">All the contents of the web site (texts, images, designs, software, etc.) are property of Obras y Proyectos Marbesur, S.L. or, in its case, of third parties that have authorized its use. Their reproduction, distribution or transformation without the express authorization of the owner is prohibited. <\/p>\n<h3 data-start=\"1764\" data-end=\"1798\" class=\"\">Protection of personal data<\/h3>\n<p data-start=\"1800\" data-end=\"2090\" class=\"\">Obras y Proyectos Marbesur, S.L. complies with current legislation on personal data protection, in accordance with Regulation (EU) 2016\/679 (RGPD) and Organic Law 3\/2018 (LOPDGDD). For more information on how we treat your data, you can consult our Privacy Policy. <\/p>\n<h3 data-start=\"2092\" data-end=\"2111\" class=\"\">Responsibility<\/h3>\n<p data-start=\"2113\" data-end=\"2352\" class=\"\">The owner shall not be liable for any damages arising from the use of the contents of the website, nor does it guarantee the absence of viruses or harmful elements that could cause technical problems to the user&#8217;s computer system.<\/p>\n<h3 data-start=\"2354\" data-end=\"2379\" class=\"\">Applicable legislation<\/h3>\n<p data-start=\"2381\" data-end=\"2597\" class=\"\">These conditions are governed by Spanish law. For the resolution of any dispute that may arise from accessing the website, the parties submit to the Courts and Tribunals of Malaga. <\/p>\n<p>[\/et_pb_text][\/et_pb_column][\/et_pb_row][\/et_pb_section]<\/p>\n","protected":false},"excerpt":{"rendered":"<p><div class=\"et_pb_module dnxte_multi_heading dnxte_multi_heading_0\">\n\t\t\t\t\n\t\t\t\t\n\t\t\t\t\n\t\t\t\t\n\t\t\t\t\n\t\t\t\t\n\t\t\t\t<div class=\"et_pb_module_inner\">\n\t\t\t\t\t<div class=\"wrapper\"><h1 class='header-level '><span class=\"dnxt-text-one reveal-effect masker wow\"><span class=\"dnxt-gradient-text-color-1\">aviso legal<\/span><\/span><span class=\"dnxt-text-two \"><span class=\"dnxt-gradient-text-color-2\">www.marbesur.com<\/span><\/span><\/h1><\/div>\n\t\t\t\t<\/div>\n\t\t\t<\/div>In compliance with the duty of information contained in Article 10 of Law 34\/2002, of July 11, Services of the Information Society and Electronic Commerce, it is reported that the owner of the web site [&hellip;]<\/p>\n","protected":false},"author":1,"featured_media":0,"parent":0,"menu_order":0,"comment_status":"closed","ping_status":"closed","template":"","meta":{"_et_pb_use_builder":"on","_et_pb_old_content":"","_et_gb_content_width":"","footnotes":""},"class_list":["post-1978","page","type-page","status-publish","hentry"],"yoast_head":"<!-- This site is optimized with the Yoast SEO plugin v27.2 - https:\/\/yoast.com\/product\/yoast-seo-wordpress\/ -->\n<title>Legal Notice - Marbesur - Empresa de Proyectos y Obras en Granada y M\u00e1laga.<\/title>\n<meta name=\"robots\" content=\"index, follow, max-snippet:-1, max-image-preview:large, max-video-preview:-1\" \/>\n<link rel=\"canonical\" href=\"https:\/\/www.marbesur.com\/en\/legal-notice\/\" \/>\n<meta property=\"og:locale\" content=\"en_US\" \/>\n<meta property=\"og:type\" content=\"article\" \/>\n<meta property=\"og:title\" content=\"Legal Notice - Marbesur - Empresa de Proyectos y Obras en Granada y M\u00e1laga.\" \/>\n<meta property=\"og:description\" content=\"In compliance with the duty of information contained in Article 10 of Law 34\/2002, of July 11, Services of the Information Society and Electronic Commerce, it is reported that the owner of the web site [&hellip;]\" \/>\n<meta property=\"og:url\" content=\"https:\/\/www.marbesur.com\/en\/legal-notice\/\" \/>\n<meta property=\"og:site_name\" content=\"Marbesur - Empresa de Proyectos y Obras en Granada y M\u00e1laga.\" \/>\n<meta property=\"article:modified_time\" content=\"2026-03-20T08:23:30+00:00\" \/>\n<meta name=\"twitter:card\" content=\"summary_large_image\" \/>\n<meta name=\"twitter:label1\" content=\"Est. reading time\" \/>\n\t<meta name=\"twitter:data1\" content=\"3 minutes\" \/>\n<script type=\"application\/ld+json\" class=\"yoast-schema-graph\">{\"@context\":\"https:\/\/schema.org\",\"@graph\":[{\"@type\":\"WebPage\",\"@id\":\"https:\/\/www.marbesur.com\/en\/legal-notice\/\",\"url\":\"https:\/\/www.marbesur.com\/en\/legal-notice\/\",\"name\":\"Legal Notice - Marbesur - Empresa de Proyectos y Obras en Granada y M\u00e1laga.\",\"isPartOf\":{\"@id\":\"https:\/\/www.marbesur.com\/en\/#website\"},\"datePublished\":\"2025-05-12T06:34:22+00:00\",\"dateModified\":\"2026-03-20T08:23:30+00:00\",\"breadcrumb\":{\"@id\":\"https:\/\/www.marbesur.com\/en\/legal-notice\/#breadcrumb\"},\"inLanguage\":\"en-US\",\"potentialAction\":[{\"@type\":\"ReadAction\",\"target\":[\"https:\/\/www.marbesur.com\/en\/legal-notice\/\"]}]},{\"@type\":\"BreadcrumbList\",\"@id\":\"https:\/\/www.marbesur.com\/en\/legal-notice\/#breadcrumb\",\"itemListElement\":[{\"@type\":\"ListItem\",\"position\":1,\"name\":\"Portada\",\"item\":\"https:\/\/www.marbesur.com\/en\/\"},{\"@type\":\"ListItem\",\"position\":2,\"name\":\"Legal Notice\"}]},{\"@type\":\"WebSite\",\"@id\":\"https:\/\/www.marbesur.com\/en\/#website\",\"url\":\"https:\/\/www.marbesur.com\/en\/\",\"name\":\"Marbesur - Empresa de Proyectos y Obras en Granada y M\u00e1laga.\",\"description\":\"Empresa especializada en proyectos de obras en Granada y M\u00e1laga. Especialistas en la realizaci\u00f3n de reformas y rehabilitaciones integrales.\",\"potentialAction\":[{\"@type\":\"SearchAction\",\"target\":{\"@type\":\"EntryPoint\",\"urlTemplate\":\"https:\/\/www.marbesur.com\/en\/?s={search_term_string}\"},\"query-input\":{\"@type\":\"PropertyValueSpecification\",\"valueRequired\":true,\"valueName\":\"search_term_string\"}}],\"inLanguage\":\"en-US\"}]}<\/script>\n<!-- \/ Yoast SEO plugin. -->","yoast_head_json":{"title":"Legal Notice - Marbesur - Empresa de Proyectos y Obras en Granada y M\u00e1laga.","robots":{"index":"index","follow":"follow","max-snippet":"max-snippet:-1","max-image-preview":"max-image-preview:large","max-video-preview":"max-video-preview:-1"},"canonical":"https:\/\/www.marbesur.com\/en\/legal-notice\/","og_locale":"en_US","og_type":"article","og_title":"Legal Notice - Marbesur - Empresa de Proyectos y Obras en Granada y M\u00e1laga.","og_description":"In compliance with the duty of information contained in Article 10 of Law 34\/2002, of July 11, Services of the Information Society and Electronic Commerce, it is reported that the owner of the web site [&hellip;]","og_url":"https:\/\/www.marbesur.com\/en\/legal-notice\/","og_site_name":"Marbesur - Empresa de Proyectos y Obras en Granada y M\u00e1laga.","article_modified_time":"2026-03-20T08:23:30+00:00","twitter_card":"summary_large_image","twitter_misc":{"Est. reading time":"3 minutes"},"schema":{"@context":"https:\/\/schema.org","@graph":[{"@type":"WebPage","@id":"https:\/\/www.marbesur.com\/en\/legal-notice\/","url":"https:\/\/www.marbesur.com\/en\/legal-notice\/","name":"Legal Notice - Marbesur - Empresa de Proyectos y Obras en Granada y M\u00e1laga.","isPartOf":{"@id":"https:\/\/www.marbesur.com\/en\/#website"},"datePublished":"2025-05-12T06:34:22+00:00","dateModified":"2026-03-20T08:23:30+00:00","breadcrumb":{"@id":"https:\/\/www.marbesur.com\/en\/legal-notice\/#breadcrumb"},"inLanguage":"en-US","potentialAction":[{"@type":"ReadAction","target":["https:\/\/www.marbesur.com\/en\/legal-notice\/"]}]},{"@type":"BreadcrumbList","@id":"https:\/\/www.marbesur.com\/en\/legal-notice\/#breadcrumb","itemListElement":[{"@type":"ListItem","position":1,"name":"Portada","item":"https:\/\/www.marbesur.com\/en\/"},{"@type":"ListItem","position":2,"name":"Legal Notice"}]},{"@type":"WebSite","@id":"https:\/\/www.marbesur.com\/en\/#website","url":"https:\/\/www.marbesur.com\/en\/","name":"Marbesur - Empresa de Proyectos y Obras en Granada y M\u00e1laga.","description":"Empresa especializada en proyectos de obras en Granada y M\u00e1laga. Especialistas en la realizaci\u00f3n de reformas y rehabilitaciones integrales.","potentialAction":[{"@type":"SearchAction","target":{"@type":"EntryPoint","urlTemplate":"https:\/\/www.marbesur.com\/en\/?s={search_term_string}"},"query-input":{"@type":"PropertyValueSpecification","valueRequired":true,"valueName":"search_term_string"}}],"inLanguage":"en-US"}]}},"_links":{"self":[{"href":"https:\/\/www.marbesur.com\/en\/wp-json\/wp\/v2\/pages\/1978","targetHints":{"allow":["GET"]}}],"collection":[{"href":"https:\/\/www.marbesur.com\/en\/wp-json\/wp\/v2\/pages"}],"about":[{"href":"https:\/\/www.marbesur.com\/en\/wp-json\/wp\/v2\/types\/page"}],"author":[{"embeddable":true,"href":"https:\/\/www.marbesur.com\/en\/wp-json\/wp\/v2\/users\/1"}],"replies":[{"embeddable":true,"href":"https:\/\/www.marbesur.com\/en\/wp-json\/wp\/v2\/comments?post=1978"}],"version-history":[{"count":1,"href":"https:\/\/www.marbesur.com\/en\/wp-json\/wp\/v2\/pages\/1978\/revisions"}],"predecessor-version":[{"id":1981,"href":"https:\/\/www.marbesur.com\/en\/wp-json\/wp\/v2\/pages\/1978\/revisions\/1981"}],"wp:attachment":[{"href":"https:\/\/www.marbesur.com\/en\/wp-json\/wp\/v2\/media?parent=1978"}],"curies":[{"name":"wp","href":"https:\/\/api.w.org\/{rel}","templated":true}]}}