{"id":2335,"date":"2026-04-23T14:02:11","date_gmt":"2026-04-23T14:02:11","guid":{"rendered":"https:\/\/www.marbesur.com\/?page_id=2335"},"modified":"2026-04-23T14:19:00","modified_gmt":"2026-04-23T14:19:00","slug":"vielen-dank-fuer-die-kontaktaufnahme","status":"publish","type":"page","link":"https:\/\/www.marbesur.com\/de\/vielen-dank-fuer-die-kontaktaufnahme\/","title":{"rendered":"Vielen Dank f\u00fcr die Kontaktaufnahme"},"content":{"rendered":"<p>[et_pb_section fb_built=&#8220;1&#8243; _builder_version=&#8220;4.27.4&#8243; _module_preset=&#8220;default&#8220; global_colors_info=&#8220;{}&#8220;][et_pb_row column_structure=&#8220;1_4,1_2,1_4&#8243; _builder_version=&#8220;4.27.4&#8243; _module_preset=&#8220;default&#8220; max_width=&#8220;1500px&#8220; global_colors_info=&#8220;{}&#8220;][et_pb_column type=&#8220;1_4&#8243; _builder_version=&#8220;4.27.4&#8243; _module_preset=&#8220;default&#8220; global_colors_info=&#8220;{}&#8220;][\/et_pb_column][et_pb_column type=&#8220;1_2&#8243; _builder_version=&#8220;4.27.4&#8243; _module_preset=&#8220;default&#8220; global_colors_info=&#8220;{}&#8220;][dnxte_multi_heading text_one=&#8220;Vielen Dank f\u00fcr Ihre Kontaktaufnahme mit Marbesur.&#8220; text_two=&#8220;Die Zukunft gestalten in M\u00e1laga und Granada&#8220; display_type_select=&#8220;on&#8220; text_one_reveal_effect=&#8220;on&#8220; text_one_reveal_color_before=&#8220;#52B3DE&#8220; _builder_version=&#8220;4.27.4&#8243; _module_preset=&#8220;default&#8220; text_one_font=&#8220;|||on|||||&#8220; text_one_font_size=&#8220;36px&#8220; text_one_line_height=&#8220;1.1em&#8220; text_two_font=&#8220;|300|||||||&#8220; text_two_font_size=&#8220;22px&#8220; text_two_line_height=&#8220;1.2em&#8220; custom_margin=&#8220;||0px||false|false&#8220; custom_padding=&#8220;||0px||false|false&#8220; global_colors_info=&#8220;{}&#8220;][\/dnxte_multi_heading][et_pb_text _builder_version=&#8220;4.27.4&#8243; _module_preset=&#8220;default&#8220; custom_margin=&#8220;0px||0px||false|false&#8220; custom_padding=&#8220;0px||0px||false|false&#8220; global_colors_info=&#8220;{}&#8220;]<\/p>\n<p>Wir haben Ihre Nachricht erhalten. Wir werden uns in K\u00fcrze mit Ihnen in Verbindung setzen, um Ihre Anfrage zu besprechen und Ihnen die besten Optionen f\u00fcr Ihr Investitions- oder Immobilienprojekt anzubieten.<\/p>\n<p>[\/et_pb_text][\/et_pb_column][et_pb_column type=&#8220;1_4&#8243; _builder_version=&#8220;4.27.4&#8243; _module_preset=&#8220;default&#8220; global_colors_info=&#8220;{}&#8220;][\/et_pb_column][\/et_pb_row][et_pb_row _builder_version=&#8220;4.27.4&#8243; _module_preset=&#8220;default&#8220; max_width=&#8220;1500px&#8220; global_colors_info=&#8220;{}&#8220;][et_pb_column type=&#8220;4_4&#8243; _builder_version=&#8220;4.27.4&#8243; _module_preset=&#8220;default&#8220; global_colors_info=&#8220;{}&#8220;][dnxte_coverflowslider_parent dnxte_coverflow_loop=&#8220;on&#8220; dnxte_coverflow_centered_slides=&#8220;on&#8220; dnxte_coverflow_speed=&#8220;300&#8243; dnxte_coverflow_arrows=&#8220;on&#8220; dnxte_coverflow_breakpoint_desktop=&#8220;2&#8243; dnxte_coverflow_arrow_color=&#8220;#52B3DE&#8220; dnxte_coverflow_dots_active_color=&#8220;#52B3DE&#8220; _builder_version=&#8220;4.27.4&#8243; _module_preset=&#8220;default&#8220; global_colors_info=&#8220;{}&#8220;][dnxte_coverflowslider_child coverflowslider_image=&#8220;https:\/\/www.marbesur.com\/wp-content\/uploads\/2025\/03\/arquitectura-1.jpg&#8220; _builder_version=&#8220;4.27.4&#8243; _module_preset=&#8220;default&#8220; global_colors_info=&#8220;{}&#8220;][\/dnxte_coverflowslider_child][dnxte_coverflowslider_child coverflowslider_image=&#8220;https:\/\/www.marbesur.com\/wp-content\/uploads\/2025\/03\/arquitectura-2.jpg&#8220; _builder_version=&#8220;4.27.4&#8243; _module_preset=&#8220;default&#8220; global_colors_info=&#8220;{}&#8220;][\/dnxte_coverflowslider_child][dnxte_coverflowslider_child coverflowslider_image=&#8220;https:\/\/www.marbesur.com\/wp-content\/uploads\/2025\/03\/arquitectura-3.jpg&#8220; _builder_version=&#8220;4.27.4&#8243; _module_preset=&#8220;default&#8220; global_colors_info=&#8220;{}&#8220;][\/dnxte_coverflowslider_child][dnxte_coverflowslider_child coverflowslider_image=&#8220;https:\/\/www.marbesur.com\/wp-content\/uploads\/2025\/03\/arquitectura-4.jpg&#8220; _builder_version=&#8220;4.27.4&#8243; _module_preset=&#8220;default&#8220; global_colors_info=&#8220;{}&#8220;][\/dnxte_coverflowslider_child][dnxte_coverflowslider_child coverflowslider_image=&#8220;https:\/\/www.marbesur.com\/wp-content\/uploads\/2025\/03\/arquitectura-5.jpg&#8220; _builder_version=&#8220;4.27.4&#8243; _module_preset=&#8220;default&#8220; global_colors_info=&#8220;{}&#8220;][\/dnxte_coverflowslider_child][dnxte_coverflowslider_child coverflowslider_image=&#8220;https:\/\/www.marbesur.com\/wp-content\/uploads\/2025\/03\/arquitectura-7.jpg&#8220; _builder_version=&#8220;4.27.4&#8243; _module_preset=&#8220;default&#8220; global_colors_info=&#8220;{}&#8220;][\/dnxte_coverflowslider_child][dnxte_coverflowslider_child coverflowslider_image=&#8220;https:\/\/www.marbesur.com\/wp-content\/uploads\/2025\/03\/arquitectura-6.jpg&#8220; _builder_version=&#8220;4.27.4&#8243; _module_preset=&#8220;default&#8220; global_colors_info=&#8220;{}&#8220;][\/dnxte_coverflowslider_child][\/dnxte_coverflowslider_parent][\/et_pb_column][\/et_pb_row][\/et_pb_section]<\/p>\n","protected":false},"excerpt":{"rendered":"<p><div class=\"et_pb_module dnxte_multi_heading dnxte_multi_heading_0\">\n\t\t\t\t\n\t\t\t\t\n\t\t\t\t\n\t\t\t\t\n\t\t\t\t\n\t\t\t\t\n\t\t\t\t<div class=\"et_pb_module_inner\">\n\t\t\t\t\t<div class=\"wrapper\"><h1 class='header-level '><span class=\"dnxt-text-one reveal-effect masker wow\"><span class=\"dnxt-gradient-text-color-1\">Vielen Dank f\u00fcr Ihre Kontaktaufnahme mit Marbesur.<\/span><\/span><span class=\"dnxt-text-two \"><span class=\"dnxt-gradient-text-color-2\">Die Zukunft gestalten in M\u00e1laga und Granada<\/span><\/span><\/h1><\/div>\n\t\t\t\t<\/div>\n\t\t\t<\/div>Wir haben Ihre Nachricht erhalten. Wir werden uns in K\u00fcrze mit Ihnen in Verbindung setzen, um Ihre Anfrage zu besprechen und Ihnen die besten Optionen f\u00fcr Ihr [&hellip;]<\/p>\n","protected":false},"author":1,"featured_media":0,"parent":0,"menu_order":0,"comment_status":"closed","ping_status":"closed","template":"","meta":{"_et_pb_use_builder":"on","_et_pb_old_content":"","_et_gb_content_width":"","footnotes":""},"class_list":["post-2335","page","type-page","status-publish","hentry"],"yoast_head":"<!-- This site is optimized with the Yoast SEO plugin v27.2 - https:\/\/yoast.com\/product\/yoast-seo-wordpress\/ -->\n<title>Vielen Dank f\u00fcr Ihre Kontaktaufnahme mit Marbesur.<\/title>\n<meta name=\"description\" content=\"Colaboramos con una amplia cartera de Arquitectos para ofrecer a nuestros clientes la m\u00e1xima variedad de Dise\u00f1os Desc\u00fabralosWir haben Ihre Nachricht erhalten. Wir werden uns in K\u00fcrze mit Ihnen in Verbindung setzen, um Ihre Anfrage zu besprechen und Ihnen die besten Optionen f\u00fcr Ihr Investitions- oder Immobilienprojekt anzubieten.\" \/>\n<meta name=\"robots\" content=\"index, follow, max-snippet:-1, max-image-preview:large, max-video-preview:-1\" \/>\n<link rel=\"canonical\" href=\"https:\/\/www.marbesur.com\/de\/vielen-dank-fuer-die-kontaktaufnahme\/\" \/>\n<meta property=\"og:locale\" content=\"de_DE\" \/>\n<meta property=\"og:type\" content=\"article\" \/>\n<meta property=\"og:title\" content=\"Vielen Dank f\u00fcr Ihre Kontaktaufnahme mit Marbesur.\" \/>\n<meta property=\"og:description\" content=\"Colaboramos con una amplia cartera de Arquitectos para ofrecer a nuestros clientes la m\u00e1xima variedad de Dise\u00f1os Desc\u00fabralosWir haben Ihre Nachricht erhalten. Wir werden uns in K\u00fcrze mit Ihnen in Verbindung setzen, um Ihre Anfrage zu besprechen und Ihnen die besten Optionen f\u00fcr Ihr Investitions- oder Immobilienprojekt anzubieten.\" \/>\n<meta property=\"og:url\" content=\"https:\/\/www.marbesur.com\/de\/vielen-dank-fuer-die-kontaktaufnahme\/\" \/>\n<meta property=\"og:site_name\" content=\"Marbesur - Empresa de Proyectos y Obras en Granada y M\u00e1laga.\" \/>\n<meta property=\"article:modified_time\" content=\"2026-04-23T14:19:00+00:00\" \/>\n<meta name=\"twitter:card\" content=\"summary_large_image\" \/>\n<meta name=\"twitter:label1\" content=\"Gesch\u00e4tzte Lesezeit\" \/>\n\t<meta name=\"twitter:data1\" content=\"2\u00a0Minuten\" \/>\n<script type=\"application\/ld+json\" class=\"yoast-schema-graph\">{\"@context\":\"https:\/\/schema.org\",\"@graph\":[{\"@type\":\"WebPage\",\"@id\":\"https:\/\/www.marbesur.com\/de\/vielen-dank-fuer-die-kontaktaufnahme\/\",\"url\":\"https:\/\/www.marbesur.com\/de\/vielen-dank-fuer-die-kontaktaufnahme\/\",\"name\":\"Vielen Dank f\u00fcr Ihre Kontaktaufnahme mit Marbesur.\",\"isPartOf\":{\"@id\":\"https:\/\/www.marbesur.com\/de\/#website\"},\"datePublished\":\"2026-04-23T14:02:11+00:00\",\"dateModified\":\"2026-04-23T14:19:00+00:00\",\"description\":\"Colaboramos con una amplia cartera de Arquitectos para ofrecer a nuestros clientes la m\u00e1xima variedad de Dise\u00f1os Desc\u00fabralosWir haben Ihre Nachricht erhalten. Wir werden uns in K\u00fcrze mit Ihnen in Verbindung setzen, um Ihre Anfrage zu besprechen und Ihnen die besten Optionen f\u00fcr Ihr Investitions- oder Immobilienprojekt anzubieten.\",\"breadcrumb\":{\"@id\":\"https:\/\/www.marbesur.com\/de\/vielen-dank-fuer-die-kontaktaufnahme\/#breadcrumb\"},\"inLanguage\":\"de\",\"potentialAction\":[{\"@type\":\"ReadAction\",\"target\":[\"https:\/\/www.marbesur.com\/de\/vielen-dank-fuer-die-kontaktaufnahme\/\"]}]},{\"@type\":\"BreadcrumbList\",\"@id\":\"https:\/\/www.marbesur.com\/de\/vielen-dank-fuer-die-kontaktaufnahme\/#breadcrumb\",\"itemListElement\":[{\"@type\":\"ListItem\",\"position\":1,\"name\":\"Portada\",\"item\":\"https:\/\/www.marbesur.com\/de\/\"},{\"@type\":\"ListItem\",\"position\":2,\"name\":\"Vielen Dank f\u00fcr die Kontaktaufnahme\"}]},{\"@type\":\"WebSite\",\"@id\":\"https:\/\/www.marbesur.com\/de\/#website\",\"url\":\"https:\/\/www.marbesur.com\/de\/\",\"name\":\"Marbesur - Empresa de Proyectos y Obras en Granada y M\u00e1laga.\",\"description\":\"Empresa especializada en proyectos de obras en Granada y M\u00e1laga. Especialistas en la realizaci\u00f3n de reformas y rehabilitaciones integrales.\",\"potentialAction\":[{\"@type\":\"SearchAction\",\"target\":{\"@type\":\"EntryPoint\",\"urlTemplate\":\"https:\/\/www.marbesur.com\/de\/?s={search_term_string}\"},\"query-input\":{\"@type\":\"PropertyValueSpecification\",\"valueRequired\":true,\"valueName\":\"search_term_string\"}}],\"inLanguage\":\"de\"}]}<\/script>\n<!-- \/ Yoast SEO plugin. -->","yoast_head_json":{"title":"Vielen Dank f\u00fcr Ihre Kontaktaufnahme mit Marbesur.","description":"Colaboramos con una amplia cartera de Arquitectos para ofrecer a nuestros clientes la m\u00e1xima variedad de Dise\u00f1os Desc\u00fabralosWir haben Ihre Nachricht erhalten. Wir werden uns in K\u00fcrze mit Ihnen in Verbindung setzen, um Ihre Anfrage zu besprechen und Ihnen die besten Optionen f\u00fcr Ihr Investitions- oder Immobilienprojekt anzubieten.","robots":{"index":"index","follow":"follow","max-snippet":"max-snippet:-1","max-image-preview":"max-image-preview:large","max-video-preview":"max-video-preview:-1"},"canonical":"https:\/\/www.marbesur.com\/de\/vielen-dank-fuer-die-kontaktaufnahme\/","og_locale":"de_DE","og_type":"article","og_title":"Vielen Dank f\u00fcr Ihre Kontaktaufnahme mit Marbesur.","og_description":"Colaboramos con una amplia cartera de Arquitectos para ofrecer a nuestros clientes la m\u00e1xima variedad de Dise\u00f1os Desc\u00fabralosWir haben Ihre Nachricht erhalten. Wir werden uns in K\u00fcrze mit Ihnen in Verbindung setzen, um Ihre Anfrage zu besprechen und Ihnen die besten Optionen f\u00fcr Ihr Investitions- oder Immobilienprojekt anzubieten.","og_url":"https:\/\/www.marbesur.com\/de\/vielen-dank-fuer-die-kontaktaufnahme\/","og_site_name":"Marbesur - Empresa de Proyectos y Obras en Granada y M\u00e1laga.","article_modified_time":"2026-04-23T14:19:00+00:00","twitter_card":"summary_large_image","twitter_misc":{"Gesch\u00e4tzte Lesezeit":"2\u00a0Minuten"},"schema":{"@context":"https:\/\/schema.org","@graph":[{"@type":"WebPage","@id":"https:\/\/www.marbesur.com\/de\/vielen-dank-fuer-die-kontaktaufnahme\/","url":"https:\/\/www.marbesur.com\/de\/vielen-dank-fuer-die-kontaktaufnahme\/","name":"Vielen Dank f\u00fcr Ihre Kontaktaufnahme mit Marbesur.","isPartOf":{"@id":"https:\/\/www.marbesur.com\/de\/#website"},"datePublished":"2026-04-23T14:02:11+00:00","dateModified":"2026-04-23T14:19:00+00:00","description":"Colaboramos con una amplia cartera de Arquitectos para ofrecer a nuestros clientes la m\u00e1xima variedad de Dise\u00f1os Desc\u00fabralosWir haben Ihre Nachricht erhalten. Wir werden uns in K\u00fcrze mit Ihnen in Verbindung setzen, um Ihre Anfrage zu besprechen und Ihnen die besten Optionen f\u00fcr Ihr Investitions- oder Immobilienprojekt anzubieten.","breadcrumb":{"@id":"https:\/\/www.marbesur.com\/de\/vielen-dank-fuer-die-kontaktaufnahme\/#breadcrumb"},"inLanguage":"de","potentialAction":[{"@type":"ReadAction","target":["https:\/\/www.marbesur.com\/de\/vielen-dank-fuer-die-kontaktaufnahme\/"]}]},{"@type":"BreadcrumbList","@id":"https:\/\/www.marbesur.com\/de\/vielen-dank-fuer-die-kontaktaufnahme\/#breadcrumb","itemListElement":[{"@type":"ListItem","position":1,"name":"Portada","item":"https:\/\/www.marbesur.com\/de\/"},{"@type":"ListItem","position":2,"name":"Vielen Dank f\u00fcr die Kontaktaufnahme"}]},{"@type":"WebSite","@id":"https:\/\/www.marbesur.com\/de\/#website","url":"https:\/\/www.marbesur.com\/de\/","name":"Marbesur - Empresa de Proyectos y Obras en Granada y M\u00e1laga.","description":"Empresa especializada en proyectos de obras en Granada y M\u00e1laga. Especialistas en la realizaci\u00f3n de reformas y rehabilitaciones integrales.","potentialAction":[{"@type":"SearchAction","target":{"@type":"EntryPoint","urlTemplate":"https:\/\/www.marbesur.com\/de\/?s={search_term_string}"},"query-input":{"@type":"PropertyValueSpecification","valueRequired":true,"valueName":"search_term_string"}}],"inLanguage":"de"}]}},"_links":{"self":[{"href":"https:\/\/www.marbesur.com\/de\/wp-json\/wp\/v2\/pages\/2335","targetHints":{"allow":["GET"]}}],"collection":[{"href":"https:\/\/www.marbesur.com\/de\/wp-json\/wp\/v2\/pages"}],"about":[{"href":"https:\/\/www.marbesur.com\/de\/wp-json\/wp\/v2\/types\/page"}],"author":[{"embeddable":true,"href":"https:\/\/www.marbesur.com\/de\/wp-json\/wp\/v2\/users\/1"}],"replies":[{"embeddable":true,"href":"https:\/\/www.marbesur.com\/de\/wp-json\/wp\/v2\/comments?post=2335"}],"version-history":[{"count":6,"href":"https:\/\/www.marbesur.com\/de\/wp-json\/wp\/v2\/pages\/2335\/revisions"}],"predecessor-version":[{"id":2351,"href":"https:\/\/www.marbesur.com\/de\/wp-json\/wp\/v2\/pages\/2335\/revisions\/2351"}],"wp:attachment":[{"href":"https:\/\/www.marbesur.com\/de\/wp-json\/wp\/v2\/media?parent=2335"}],"curies":[{"name":"wp","href":"https:\/\/api.w.org\/{rel}","templated":true}]}}