{"id":2269,"date":"2025-03-24T12:59:33","date_gmt":"2025-03-24T12:59:33","guid":{"rendered":"https:\/\/www.marbesur.com\/dienstleistungen\/"},"modified":"2026-03-30T15:47:07","modified_gmt":"2026-03-30T15:47:07","slug":"dienstleistungen","status":"publish","type":"page","link":"https:\/\/www.marbesur.com\/de\/dienstleistungen\/","title":{"rendered":"Dienstleistungen"},"content":{"rendered":"<p>[et_pb_section fb_built=&#8220;1&#8243; _builder_version=&#8220;4.27.4&#8243; _module_preset=&#8220;default&#8220; global_colors_info=&#8220;{}&#8220;][et_pb_row column_structure=&#8220;1_2,1_2&#8243; _builder_version=&#8220;4.27.4&#8243; _module_preset=&#8220;default&#8220; max_width=&#8220;1500px&#8220; global_colors_info=&#8220;{}&#8220;][et_pb_column type=&#8220;1_2&#8243; _builder_version=&#8220;4.27.4&#8243; _module_preset=&#8220;default&#8220; global_colors_info=&#8220;{}&#8220;][dnxte_multi_heading text_one=&#8220;DIENSTLEISTUNGEN&#8220; text_two=&#8220;Die Zukunft gestalten in M\u00e1laga und Granada&#8220; display_type_select=&#8220;on&#8220; text_one_reveal_effect=&#8220;on&#8220; text_one_reveal_color_before=&#8220;#52B3DE&#8220; _builder_version=&#8220;4.27.4&#8243; _module_preset=&#8220;default&#8220; text_one_font=&#8220;|||on|||||&#8220; text_one_font_size=&#8220;36px&#8220; text_one_line_height=&#8220;1.1em&#8220; text_two_font=&#8220;|300|||||||&#8220; text_two_font_size=&#8220;22px&#8220; text_two_line_height=&#8220;1.2em&#8220; custom_margin=&#8220;||0px||false|false&#8220; custom_padding=&#8220;||0px||false|false&#8220; hover_enabled=&#8220;0&#8243; global_colors_info=&#8220;{}&#8220; sticky_enabled=&#8220;0&#8243;][\/dnxte_multi_heading][et_pb_text _builder_version=&#8220;4.27.4&#8243; _module_preset=&#8220;default&#8220; custom_margin=&#8220;0px||0px||false|false&#8220; custom_padding=&#8220;0px||0px||false|false&#8220; global_colors_info=&#8220;{}&#8220;]<\/p>\n<p><span data-metadata=\"&lt;!--(figmeta)eyJmaWxlS2V5IjoiTmUxc1lrcXFhUkhsYk0yZWM1N1hFYyIsInBhc3RlSUQiOjE2NjgzNDAwNTgsImRhdGFUeXBlIjoic2NlbmUifQo=(\/figmeta)--&gt;\"><\/span><\/p>\n<div class=\"wpb_text_column wpb_content_element \">\n<div class=\"wpb_wrapper\">\n<p>Die Idee von<span> <\/span><strong>Obras y Proyectos MARBESUR, S.L.<\/strong>, entstand zu Beginn der T\u00e4tigkeit im Bereich des<span> <\/span><strong>Bauwesens<\/strong><span> <\/span>mit dem Ursprung des Unternehmens als solchem, da der Gr\u00fcnder des Unternehmens dieses<span> <\/span><strong>Projekt<\/strong><span> <\/span>mit<span> <\/span><strong>jungen Unternehmern<\/strong><span> <\/span>mit einer<span> <\/span><strong>sehr konsolidierten Erfahrung entwickeln wollte.<\/strong><\/p>\n<\/div>\n<\/div>\n<div class=\"wpb_text_column wpb_content_element \">\n<div class=\"wpb_wrapper\">\n<p>Seit seiner Gr\u00fcndung hat das strenge<span> <\/span><strong>Management-Kriterien<\/strong>, zusammen mit ihren<span> <\/span><strong>Reinvestitionspolitik<\/strong><span> <\/span>und Diversifizierung. Auf der anderen Seite sind die Mittel f\u00fcr die <span> <\/span><strong>Forschung<\/strong>,<span> <\/span><strong>neue Technologien<\/strong><span> <\/span>und haben eine<span> <\/span><strong>hervorragendes Team<\/strong><span> <\/span>in st\u00e4ndiger Weiterbildung, erm\u00f6glichen es dem Unternehmen, die bestm\u00f6gliche<span> <\/span><strong>beste L\u00f6sung<\/strong><span> <\/span>auf die Bed\u00fcrfnisse der Kunden.<\/p>\n<\/div>\n<\/div>\n<p>[\/et_pb_text][\/et_pb_column][et_pb_column type=&#8220;1_2&#8243; _builder_version=&#8220;4.27.4&#8243; _module_preset=&#8220;default&#8220; global_colors_info=&#8220;{}&#8220;][et_pb_video src=&#8220;https:\/\/www.youtube.com\/watch?v=K3JohzaVWtM&#8220; image_src=&#8220;\/\/i.ytimg.com\/vi\/K3JohzaVWtM\/hqdefault.jpg&#8220; play_icon_color=&#8220;rgba(0,0,0,0.85)&#8220; _builder_version=&#8220;4.27.4&#8243; _module_preset=&#8220;default&#8220; border_width_bottom=&#8220;4px&#8220; border_color_bottom=&#8220;#52B3DE&#8220; global_colors_info=&#8220;{}&#8220;][\/et_pb_video][\/et_pb_column][\/et_pb_row][et_pb_row column_structure=&#8220;1_3,1_3,1_3&#8243; _builder_version=&#8220;4.27.4&#8243; _module_preset=&#8220;default&#8220; max_width=&#8220;1500px&#8220; custom_padding=&#8220;60px||5px||false|false&#8220; global_colors_info=&#8220;{}&#8220;][et_pb_column type=&#8220;1_3&#8243; _builder_version=&#8220;4.27.4&#8243; _module_preset=&#8220;default&#8220; global_colors_info=&#8220;{}&#8220;][dnxte_ultimate_image_hover dnxtiep_uih_heading_text=&#8220;ARCHITEKTUR UND PROJEKTE&#8220; dnxtiep_uih_image=&#8220;https:\/\/www.marbesur.com\/wp-content\/uploads\/2025\/03\/arquitectura-9.jpg&#8220; dnxtiep_uih_image_hover_effect=&#8220;effect-13&#8243; dnxtiep_uih_heading_margin=&#8220;-50px||||false|false&#8220; dnxtiep_uih_description_margin=&#8220;||||false|false&#8220; dnxtiep_uih_bg_overlay=&#8220;#0A0000&#8243; dnxtiep_uih_focus_bg=&#8220;RGBA(255,255,255,0)&#8220; dnxtiep_uih_image_opacity=&#8220;0.6  &#8220; _builder_version=&#8220;4.27.4&#8243; _dynamic_attributes=&#8220;link_option_url&#8220; _module_preset=&#8220;default&#8220; hover_text_fonts_font=&#8220;|600|||||||&#8220; hover_text_fonts_text_color=&#8220;#FFFFFF&#8220; hover_text_fonts_font_size=&#8220;26px&#8220; hover_text_fonts_line_height=&#8220;1.3em&#8220; hover_text_heading_bold_text_color=&#8220;#FFFFFF&#8220; transform_translate=&#8220;-1px|0px&#8220; custom_margin=&#8220;||-3px|||&#8220; link_option_url=&#8220;@ET-DC@eyJkeW5hbWljIjp0cnVlLCJjb250ZW50IjoicG9zdF9saW5rX3VybF9wYWdlIiwic2V0dGluZ3MiOnsicG9zdF9pZCI6IjM0NiIsImVuYWJsZV9odG1sIjoib2ZmIn19@&#8220; hover_enabled=&#8220;0&#8243; hover_text_fonts_text_shadow_style=&#8220;preset2&#8243; global_colors_info=&#8220;{}&#8220; sticky_enabled=&#8220;0&#8243;][\/dnxte_ultimate_image_hover][\/et_pb_column][et_pb_column type=&#8220;1_3&#8243; _builder_version=&#8220;4.27.4&#8243; _module_preset=&#8220;default&#8220; global_colors_info=&#8220;{}&#8220;][dnxte_ultimate_image_hover dnxtiep_uih_heading_text=&#8220;SCHWIMMB\u00c4DER&#8220; dnxtiep_uih_image=&#8220;https:\/\/www.marbesur.com\/wp-content\/uploads\/2025\/03\/Piscinas.png&#8220; dnxtiep_uih_image_hover_effect=&#8220;effect-13&#8243; dnxtiep_uih_heading_margin=&#8220;-50px||||false|false&#8220; dnxtiep_uih_description_margin=&#8220;||||false|false&#8220; dnxtiep_uih_bg_overlay=&#8220;#0A0000&#8243; dnxtiep_uih_focus_bg=&#8220;RGBA(255,255,255,0)&#8220; dnxtiep_uih_image_opacity=&#8220;0.6  &#8220; _builder_version=&#8220;4.27.4&#8243; _dynamic_attributes=&#8220;link_option_url&#8220; _module_preset=&#8220;default&#8220; hover_text_fonts_font=&#8220;|600|||||||&#8220; hover_text_fonts_text_color=&#8220;#FFFFFF&#8220; hover_text_fonts_font_size=&#8220;26px&#8220; hover_text_fonts_line_height=&#8220;1.3em&#8220; hover_text_heading_bold_text_color=&#8220;#FFFFFF&#8220; transform_translate=&#8220;-1px|0px&#8220; custom_margin=&#8220;||-3px|||&#8220; link_option_url=&#8220;@ET-DC@eyJkeW5hbWljIjp0cnVlLCJjb250ZW50IjoicG9zdF9saW5rX3VybF9wYWdlIiwic2V0dGluZ3MiOnsicG9zdF9pZCI6IjM4NyIsImVuYWJsZV9odG1sIjoib2ZmIn19@&#8220; hover_enabled=&#8220;0&#8243; hover_text_fonts_text_shadow_style=&#8220;preset2&#8243; global_colors_info=&#8220;{}&#8220; sticky_enabled=&#8220;0&#8243;][\/dnxte_ultimate_image_hover][\/et_pb_column][et_pb_column type=&#8220;1_3&#8243; _builder_version=&#8220;4.27.4&#8243; _module_preset=&#8220;default&#8220; global_colors_info=&#8220;{}&#8220;][dnxte_ultimate_image_hover dnxtiep_uih_heading_text=&#8220;Umgang mit Asbest&#8220; dnxtiep_uih_image=&#8220;https:\/\/www.marbesur.com\/wp-content\/uploads\/2025\/03\/manipulacion.png&#8220; dnxtiep_uih_image_hover_effect=&#8220;effect-13&#8243; dnxtiep_uih_heading_margin=&#8220;-50px||||false|false&#8220; dnxtiep_uih_description_margin=&#8220;||||false|false&#8220; dnxtiep_uih_bg_overlay=&#8220;#0A0000&#8243; dnxtiep_uih_focus_bg=&#8220;RGBA(255,255,255,0)&#8220; dnxtiep_uih_image_opacity=&#8220;0.6  &#8220; _builder_version=&#8220;4.27.4&#8243; _dynamic_attributes=&#8220;link_option_url&#8220; _module_preset=&#8220;default&#8220; hover_text_fonts_font=&#8220;|600||on|||||&#8220; hover_text_fonts_text_color=&#8220;#FFFFFF&#8220; hover_text_fonts_font_size=&#8220;26px&#8220; hover_text_fonts_line_height=&#8220;1.3em&#8220; hover_text_heading_bold_text_color=&#8220;#FFFFFF&#8220; link_option_url=&#8220;@ET-DC@eyJkeW5hbWljIjp0cnVlLCJjb250ZW50IjoicG9zdF9saW5rX3VybF9wYWdlIiwic2V0dGluZ3MiOnsicG9zdF9pZCI6IjM3MSIsImVuYWJsZV9odG1sIjoib2ZmIn19@&#8220; hover_enabled=&#8220;0&#8243; hover_text_fonts_text_shadow_style=&#8220;preset2&#8243; locked=&#8220;off&#8220; global_colors_info=&#8220;{}&#8220; sticky_enabled=&#8220;0&#8243;][\/dnxte_ultimate_image_hover][\/et_pb_column][\/et_pb_row][et_pb_row column_structure=&#8220;1_3,1_3,1_3&#8243; _builder_version=&#8220;4.27.4&#8243; _module_preset=&#8220;default&#8220; max_width=&#8220;1500px&#8220; custom_margin=&#8220;-2px|auto||auto||&#8220; custom_padding=&#8220;43px||3px||false|false&#8220; global_colors_info=&#8220;{}&#8220;][et_pb_column type=&#8220;1_3&#8243; _builder_version=&#8220;4.27.4&#8243; _module_preset=&#8220;default&#8220; global_colors_info=&#8220;{}&#8220;][dnxte_ultimate_image_hover dnxtiep_uih_heading_text=&#8220;BAU UND GEB\u00c4UDE&#8220; dnxtiep_uih_image=&#8220;https:\/\/www.marbesur.com\/wp-content\/uploads\/2025\/03\/construccion-y-edificacion.jpg&#8220; dnxtiep_uih_image_hover_effect=&#8220;effect-13&#8243; dnxtiep_uih_heading_margin=&#8220;-50px||||false|false&#8220; dnxtiep_uih_description_margin=&#8220;||||false|false&#8220; dnxtiep_uih_bg_overlay=&#8220;#0A0000&#8243; dnxtiep_uih_focus_bg=&#8220;RGBA(255,255,255,0)&#8220; dnxtiep_uih_image_opacity=&#8220;0.6  &#8220; _builder_version=&#8220;4.27.4&#8243; _dynamic_attributes=&#8220;link_option_url&#8220; _module_preset=&#8220;default&#8220; hover_text_fonts_font=&#8220;|600|||||||&#8220; hover_text_fonts_text_color=&#8220;#FFFFFF&#8220; hover_text_fonts_font_size=&#8220;26px&#8220; hover_text_fonts_line_height=&#8220;1.3em&#8220; hover_text_heading_bold_text_color=&#8220;#FFFFFF&#8220; custom_margin=&#8220;||-1px|||&#8220; link_option_url=&#8220;@ET-DC@eyJkeW5hbWljIjp0cnVlLCJjb250ZW50IjoicG9zdF9saW5rX3VybF9wYWdlIiwic2V0dGluZ3MiOnsicG9zdF9pZCI6IjM2MSIsImVuYWJsZV9odG1sIjoib2ZmIn19@&#8220; hover_enabled=&#8220;0&#8243; hover_text_fonts_text_shadow_style=&#8220;preset2&#8243; global_colors_info=&#8220;{}&#8220; sticky_enabled=&#8220;0&#8243;][\/dnxte_ultimate_image_hover][\/et_pb_column][et_pb_column type=&#8220;1_3&#8243; _builder_version=&#8220;4.27.4&#8243; _module_preset=&#8220;default&#8220; global_colors_info=&#8220;{}&#8220;][dnxte_ultimate_image_hover dnxtiep_uih_heading_text=&#8220;REHABILITATION&#8220; dnxtiep_uih_image=&#8220;https:\/\/www.marbesur.com\/wp-content\/uploads\/2025\/03\/rehabilitaciones.jpg&#8220; dnxtiep_uih_image_hover_effect=&#8220;effect-13&#8243; dnxtiep_uih_heading_margin=&#8220;-50px||||false|false&#8220; dnxtiep_uih_description_margin=&#8220;||||false|false&#8220; dnxtiep_uih_bg_overlay=&#8220;#0A0000&#8243; dnxtiep_uih_focus_bg=&#8220;RGBA(255,255,255,0)&#8220; dnxtiep_uih_image_opacity=&#8220;0.6  &#8220; _builder_version=&#8220;4.27.4&#8243; _dynamic_attributes=&#8220;link_option_url&#8220; _module_preset=&#8220;default&#8220; hover_text_fonts_font=&#8220;|600|||||||&#8220; hover_text_fonts_text_color=&#8220;#FFFFFF&#8220; hover_text_fonts_font_size=&#8220;26px&#8220; hover_text_fonts_line_height=&#8220;1.3em&#8220; hover_text_heading_bold_text_color=&#8220;#FFFFFF&#8220; link_option_url=&#8220;@ET-DC@eyJkeW5hbWljIjp0cnVlLCJjb250ZW50IjoicG9zdF9saW5rX3VybF9wYWdlIiwic2V0dGluZ3MiOnsicG9zdF9pZCI6IjM5OCIsImVuYWJsZV9odG1sIjoib2ZmIn19@&#8220; hover_enabled=&#8220;0&#8243; hover_text_fonts_text_shadow_style=&#8220;preset2&#8243; global_colors_info=&#8220;{}&#8220; sticky_enabled=&#8220;0&#8243;][\/dnxte_ultimate_image_hover][\/et_pb_column][et_pb_column type=&#8220;1_3&#8243; _builder_version=&#8220;4.27.4&#8243; _module_preset=&#8220;default&#8220; global_colors_info=&#8220;{}&#8220;][dnxte_ultimate_image_hover dnxtiep_uih_heading_text=&#8220;Tiefbauarbeiten&#8220; dnxtiep_uih_image=&#8220;https:\/\/www.marbesur.com\/wp-content\/uploads\/2025\/03\/obra-civil.jpg&#8220; dnxtiep_uih_image_hover_effect=&#8220;effect-13&#8243; dnxtiep_uih_heading_margin=&#8220;-50px||||false|false&#8220; dnxtiep_uih_description_margin=&#8220;||||false|false&#8220; dnxtiep_uih_bg_overlay=&#8220;#0A0000&#8243; dnxtiep_uih_focus_bg=&#8220;RGBA(255,255,255,0)&#8220; dnxtiep_uih_image_opacity=&#8220;0.6  &#8220; _builder_version=&#8220;4.27.4&#8243; _dynamic_attributes=&#8220;link_option_url&#8220; _module_preset=&#8220;default&#8220; hover_text_fonts_font=&#8220;|600||on|||||&#8220; hover_text_fonts_text_color=&#8220;#FFFFFF&#8220; hover_text_fonts_font_size=&#8220;26px&#8220; hover_text_fonts_line_height=&#8220;1.3em&#8220; hover_text_heading_bold_text_color=&#8220;#FFFFFF&#8220; link_option_url=&#8220;@ET-DC@eyJkeW5hbWljIjp0cnVlLCJjb250ZW50IjoicG9zdF9saW5rX3VybF9wYWdlIiwic2V0dGluZ3MiOnsicG9zdF9pZCI6IjQwNCIsImVuYWJsZV9odG1sIjoib2ZmIn19@&#8220; hover_enabled=&#8220;0&#8243; hover_text_fonts_text_shadow_style=&#8220;preset2&#8243; locked=&#8220;off&#8220; global_colors_info=&#8220;{}&#8220; sticky_enabled=&#8220;0&#8243;][\/dnxte_ultimate_image_hover][\/et_pb_column][\/et_pb_row][\/et_pb_section]<\/p>\n","protected":false},"excerpt":{"rendered":"<p><div class=\"et_pb_module dnxte_multi_heading dnxte_multi_heading_0\">\n\t\t\t\t\n\t\t\t\t\n\t\t\t\t\n\t\t\t\t\n\t\t\t\t\n\t\t\t\t\n\t\t\t\t<div class=\"et_pb_module_inner\">\n\t\t\t\t\t<div class=\"wrapper\"><h1 class='header-level '><span class=\"dnxt-text-one reveal-effect masker wow\"><span class=\"dnxt-gradient-text-color-1\">DIENSTLEISTUNGEN<\/span><\/span><span class=\"dnxt-text-two \"><span class=\"dnxt-gradient-text-color-2\">Die Zukunft gestalten in M\u00e1laga und Granada<\/span><\/span><\/h1><\/div>\n\t\t\t\t<\/div>\n\t\t\t<\/div> Die Idee von Obras y Proyectos MARBESUR, S.L., entstand zu Beginn der T\u00e4tigkeit im Bereich des Bauwesens mit dem Ursprung des Unternehmens als solchem, da der Gr\u00fcnder des Unternehmens dieses [&hellip;]<\/p>\n","protected":false},"author":1,"featured_media":0,"parent":0,"menu_order":0,"comment_status":"closed","ping_status":"closed","template":"","meta":{"_et_pb_use_builder":"on","_et_pb_old_content":"","_et_gb_content_width":"","footnotes":""},"class_list":["post-2269","page","type-page","status-publish","hentry"],"yoast_head":"<!-- This site is optimized with the Yoast SEO plugin v27.2 - https:\/\/yoast.com\/product\/yoast-seo-wordpress\/ -->\n<title>Service, den wir bei Marbesur anbieten. Wir sind Experten<\/title>\n<meta name=\"description\" content=\"Wir bieten verschiedene Dienstleistungen im Zusammenhang mit Bauarbeiten, Schwimmb\u00e4dern, dem Umgang mit Asbest und Geb\u00e4uderenovierungen an.\" \/>\n<meta name=\"robots\" content=\"index, follow, max-snippet:-1, max-image-preview:large, max-video-preview:-1\" \/>\n<link rel=\"canonical\" href=\"https:\/\/www.marbesur.com\/de\/dienstleistungen\/\" \/>\n<meta property=\"og:locale\" content=\"de_DE\" \/>\n<meta property=\"og:type\" content=\"article\" \/>\n<meta property=\"og:title\" content=\"Service, den wir bei Marbesur anbieten. Wir sind Experten\" \/>\n<meta property=\"og:description\" content=\"Wir bieten verschiedene Dienstleistungen im Zusammenhang mit Bauarbeiten, Schwimmb\u00e4dern, dem Umgang mit Asbest und Geb\u00e4uderenovierungen an.\" \/>\n<meta property=\"og:url\" content=\"https:\/\/www.marbesur.com\/de\/dienstleistungen\/\" \/>\n<meta property=\"og:site_name\" content=\"Marbesur - Empresa de Proyectos y Obras en Granada y M\u00e1laga.\" \/>\n<meta property=\"article:modified_time\" content=\"2026-03-30T15:47:07+00:00\" \/>\n<meta name=\"twitter:card\" content=\"summary_large_image\" \/>\n<meta name=\"twitter:label1\" content=\"Gesch\u00e4tzte Lesezeit\" \/>\n\t<meta name=\"twitter:data1\" content=\"7\u00a0Minuten\" \/>\n<script type=\"application\/ld+json\" class=\"yoast-schema-graph\">{\"@context\":\"https:\/\/schema.org\",\"@graph\":[{\"@type\":\"WebPage\",\"@id\":\"https:\/\/www.marbesur.com\/de\/dienstleistungen\/\",\"url\":\"https:\/\/www.marbesur.com\/de\/dienstleistungen\/\",\"name\":\"Service, den wir bei Marbesur anbieten. Wir sind Experten\",\"isPartOf\":{\"@id\":\"https:\/\/www.marbesur.com\/de\/#website\"},\"datePublished\":\"2025-03-24T12:59:33+00:00\",\"dateModified\":\"2026-03-30T15:47:07+00:00\",\"description\":\"Wir bieten verschiedene Dienstleistungen im Zusammenhang mit Bauarbeiten, Schwimmb\u00e4dern, dem Umgang mit Asbest und Geb\u00e4uderenovierungen an.\",\"breadcrumb\":{\"@id\":\"https:\/\/www.marbesur.com\/de\/dienstleistungen\/#breadcrumb\"},\"inLanguage\":\"de\",\"potentialAction\":[{\"@type\":\"ReadAction\",\"target\":[\"https:\/\/www.marbesur.com\/de\/dienstleistungen\/\"]}]},{\"@type\":\"BreadcrumbList\",\"@id\":\"https:\/\/www.marbesur.com\/de\/dienstleistungen\/#breadcrumb\",\"itemListElement\":[{\"@type\":\"ListItem\",\"position\":1,\"name\":\"Portada\",\"item\":\"https:\/\/www.marbesur.com\/de\/\"},{\"@type\":\"ListItem\",\"position\":2,\"name\":\"Dienstleistungen\"}]},{\"@type\":\"WebSite\",\"@id\":\"https:\/\/www.marbesur.com\/de\/#website\",\"url\":\"https:\/\/www.marbesur.com\/de\/\",\"name\":\"Marbesur - Empresa de Proyectos y Obras en Granada y M\u00e1laga.\",\"description\":\"Empresa especializada en proyectos de obras en Granada y M\u00e1laga. Especialistas en la realizaci\u00f3n de reformas y rehabilitaciones integrales.\",\"potentialAction\":[{\"@type\":\"SearchAction\",\"target\":{\"@type\":\"EntryPoint\",\"urlTemplate\":\"https:\/\/www.marbesur.com\/de\/?s={search_term_string}\"},\"query-input\":{\"@type\":\"PropertyValueSpecification\",\"valueRequired\":true,\"valueName\":\"search_term_string\"}}],\"inLanguage\":\"de\"}]}<\/script>\n<!-- \/ Yoast SEO plugin. -->","yoast_head_json":{"title":"Service, den wir bei Marbesur anbieten. Wir sind Experten","description":"Wir bieten verschiedene Dienstleistungen im Zusammenhang mit Bauarbeiten, Schwimmb\u00e4dern, dem Umgang mit Asbest und Geb\u00e4uderenovierungen an.","robots":{"index":"index","follow":"follow","max-snippet":"max-snippet:-1","max-image-preview":"max-image-preview:large","max-video-preview":"max-video-preview:-1"},"canonical":"https:\/\/www.marbesur.com\/de\/dienstleistungen\/","og_locale":"de_DE","og_type":"article","og_title":"Service, den wir bei Marbesur anbieten. Wir sind Experten","og_description":"Wir bieten verschiedene Dienstleistungen im Zusammenhang mit Bauarbeiten, Schwimmb\u00e4dern, dem Umgang mit Asbest und Geb\u00e4uderenovierungen an.","og_url":"https:\/\/www.marbesur.com\/de\/dienstleistungen\/","og_site_name":"Marbesur - Empresa de Proyectos y Obras en Granada y M\u00e1laga.","article_modified_time":"2026-03-30T15:47:07+00:00","twitter_card":"summary_large_image","twitter_misc":{"Gesch\u00e4tzte Lesezeit":"7\u00a0Minuten"},"schema":{"@context":"https:\/\/schema.org","@graph":[{"@type":"WebPage","@id":"https:\/\/www.marbesur.com\/de\/dienstleistungen\/","url":"https:\/\/www.marbesur.com\/de\/dienstleistungen\/","name":"Service, den wir bei Marbesur anbieten. Wir sind Experten","isPartOf":{"@id":"https:\/\/www.marbesur.com\/de\/#website"},"datePublished":"2025-03-24T12:59:33+00:00","dateModified":"2026-03-30T15:47:07+00:00","description":"Wir bieten verschiedene Dienstleistungen im Zusammenhang mit Bauarbeiten, Schwimmb\u00e4dern, dem Umgang mit Asbest und Geb\u00e4uderenovierungen an.","breadcrumb":{"@id":"https:\/\/www.marbesur.com\/de\/dienstleistungen\/#breadcrumb"},"inLanguage":"de","potentialAction":[{"@type":"ReadAction","target":["https:\/\/www.marbesur.com\/de\/dienstleistungen\/"]}]},{"@type":"BreadcrumbList","@id":"https:\/\/www.marbesur.com\/de\/dienstleistungen\/#breadcrumb","itemListElement":[{"@type":"ListItem","position":1,"name":"Portada","item":"https:\/\/www.marbesur.com\/de\/"},{"@type":"ListItem","position":2,"name":"Dienstleistungen"}]},{"@type":"WebSite","@id":"https:\/\/www.marbesur.com\/de\/#website","url":"https:\/\/www.marbesur.com\/de\/","name":"Marbesur - Empresa de Proyectos y Obras en Granada y M\u00e1laga.","description":"Empresa especializada en proyectos de obras en Granada y M\u00e1laga. Especialistas en la realizaci\u00f3n de reformas y rehabilitaciones integrales.","potentialAction":[{"@type":"SearchAction","target":{"@type":"EntryPoint","urlTemplate":"https:\/\/www.marbesur.com\/de\/?s={search_term_string}"},"query-input":{"@type":"PropertyValueSpecification","valueRequired":true,"valueName":"search_term_string"}}],"inLanguage":"de"}]}},"_links":{"self":[{"href":"https:\/\/www.marbesur.com\/de\/wp-json\/wp\/v2\/pages\/2269","targetHints":{"allow":["GET"]}}],"collection":[{"href":"https:\/\/www.marbesur.com\/de\/wp-json\/wp\/v2\/pages"}],"about":[{"href":"https:\/\/www.marbesur.com\/de\/wp-json\/wp\/v2\/types\/page"}],"author":[{"embeddable":true,"href":"https:\/\/www.marbesur.com\/de\/wp-json\/wp\/v2\/users\/1"}],"replies":[{"embeddable":true,"href":"https:\/\/www.marbesur.com\/de\/wp-json\/wp\/v2\/comments?post=2269"}],"version-history":[{"count":2,"href":"https:\/\/www.marbesur.com\/de\/wp-json\/wp\/v2\/pages\/2269\/revisions"}],"predecessor-version":[{"id":2297,"href":"https:\/\/www.marbesur.com\/de\/wp-json\/wp\/v2\/pages\/2269\/revisions\/2297"}],"wp:attachment":[{"href":"https:\/\/www.marbesur.com\/de\/wp-json\/wp\/v2\/media?parent=2269"}],"curies":[{"name":"wp","href":"https:\/\/api.w.org\/{rel}","templated":true}]}}