{"id":2258,"date":"2025-03-24T12:59:26","date_gmt":"2025-03-24T12:59:26","guid":{"rendered":"https:\/\/www.marbesur.com\/schwimmbaeder\/"},"modified":"2026-03-31T06:58:18","modified_gmt":"2026-03-31T06:58:18","slug":"schwimmbaeder","status":"publish","type":"page","link":"https:\/\/www.marbesur.com\/de\/schwimmbaeder\/","title":{"rendered":"Schwimmb\u00e4der"},"content":{"rendered":"<p>[et_pb_section fb_built=&#8220;1&#8243; _builder_version=&#8220;4.27.4&#8243; _module_preset=&#8220;default&#8220; global_colors_info=&#8220;{}&#8220;][et_pb_row column_structure=&#8220;1_2,1_2&#8243; _builder_version=&#8220;4.27.4&#8243; _module_preset=&#8220;default&#8220; max_width=&#8220;1500px&#8220; global_colors_info=&#8220;{}&#8220;][et_pb_column type=&#8220;1_2&#8243; _builder_version=&#8220;4.27.4&#8243; _module_preset=&#8220;default&#8220; global_colors_info=&#8220;{}&#8220;][dnxte_multi_heading text_one=&#8220;Schwimmb\u00e4der&#8220; text_two=&#8220;Die Zukunft gestalten in M\u00e1laga und Granada&#8220; display_type_select=&#8220;on&#8220; text_one_reveal_effect=&#8220;on&#8220; text_one_reveal_color_before=&#8220;#52B3DE&#8220; _builder_version=&#8220;4.27.4&#8243; _module_preset=&#8220;default&#8220; text_one_font=&#8220;|||on|||||&#8220; text_one_font_size=&#8220;36px&#8220; text_one_line_height=&#8220;1.1em&#8220; text_two_font=&#8220;|300|||||||&#8220; text_two_font_size=&#8220;22px&#8220; text_two_line_height=&#8220;1.2em&#8220; custom_margin=&#8220;||0px||false|false&#8220; custom_padding=&#8220;||0px||false|false&#8220; global_colors_info=&#8220;{}&#8220;][\/dnxte_multi_heading][et_pb_text _builder_version=&#8220;4.27.4&#8243; _module_preset=&#8220;default&#8220; custom_margin=&#8220;0px||0px||false|false&#8220; custom_padding=&#8220;0px||0px||false|false&#8220; global_colors_info=&#8220;{}&#8220;]<\/p>\n<p><span data-metadata=\"&lt;!--(figmeta)eyJmaWxlS2V5IjoiTmUxc1lrcXFhUkhsYk0yZWM1N1hFYyIsInBhc3RlSUQiOjE2NjgzNDAwNTgsImRhdGFUeXBlIjoic2NlbmUifQo=(\/figmeta)--&gt;\"><\/span><\/p>\n<div class=\"wpb_text_column wpb_content_element \">\n<div class=\"wpb_wrapper\">\n<p><strong>Jeder Kunde ist etwas Besonderes und jeder Pool hat seine eigene Pers\u00f6nlichkeit.<\/strong><\/p>\n<p>Bei<span> <\/span><strong>Obras y Proyectos Marbesur<\/strong><span> <\/span>k\u00fcmmern wir uns um jedes Detail und bieten Ihnen ein individuelles Design. Wir verf\u00fcgen \u00fcber die besten Landschaftsgestalter und die beste Technologie, um ein individuelles Design speziell f\u00fcr Ihr Haus zu gew\u00e4hrleisten.<\/p>\n<p>Wir widmen uns dem<span> <\/span><strong>Bau und der Sanierung<\/strong><span> <\/span>von Schwimmb\u00e4dern aus Spritzbeton (g\u00fcnite) und bieten eine 10-j\u00e4hrige Garantie auf die Abdichtung des Pools.<\/p>\n<p>Sie k\u00f6nnen sich voll und ganz auf die Fachleute unseres Unternehmens verlassen, die Sie vom ersten Kontakt bis zur Lieferung des Swimmingpools in einwandfreiem Zustand auf<strong>exklusive Weise<\/strong><span> <\/span><strong><span> <\/span> behandeln, so dass Sie sich um nichts zu k\u00fcmmern brauchen.<\/strong><\/p>\n<p>Wir behandeln unsere Kunden auf exklusive Weise, indem wir ihnen<span> <\/span><strong>detaillierte und unverbindliche Kostenvoranschl\u00e4ge zur Verf\u00fcgung stellen.<\/strong><\/p>\n<\/div>\n<\/div>\n<p>[\/et_pb_text][\/et_pb_column][et_pb_column type=&#8220;1_2&#8243; _builder_version=&#8220;4.27.4&#8243; _module_preset=&#8220;default&#8220; global_colors_info=&#8220;{}&#8220;][et_pb_image src=&#8220;https:\/\/www.marbesur.com\/wp-content\/uploads\/2025\/03\/piscinas-3.png&#8220; alt=&#8220;Schwimmb\u00e4der 3&#8243; title_text=&#8220;Schwimmb\u00e4der 3&#8243; _builder_version=&#8220;4.27.4&#8243; _module_preset=&#8220;default&#8220; transform_translate=&#8220;4px|23px&#8220; custom_padding=&#8220;||0px|||&#8220; global_colors_info=&#8220;{}&#8220;][\/et_pb_image][\/et_pb_column][\/et_pb_row][et_pb_row _builder_version=&#8220;4.27.4&#8243; _module_preset=&#8220;default&#8220; max_width=&#8220;1500px&#8220; custom_padding=&#8220;0px||0px||false|false&#8220; global_colors_info=&#8220;{}&#8220;][et_pb_column type=&#8220;4_4&#8243; _builder_version=&#8220;4.27.4&#8243; _module_preset=&#8220;default&#8220; global_colors_info=&#8220;{}&#8220;][et_pb_text _builder_version=&#8220;4.27.4&#8243; _module_preset=&#8220;default&#8220; custom_margin=&#8220;0px||0px||false|false&#8220; custom_padding=&#8220;0px||0px||false|false&#8220; global_colors_info=&#8220;{}&#8220;]<\/p>\n<div class=\"wpb_text_column wpb_content_element \">\n<div class=\"wpb_wrapper\">\n<p>Es gibt keine bessere Empfehlung als die unserer eigenen Kunden, die mit der geleisteten Arbeit zufrieden sind. Hunderte von Familien erfreuen sich an einem von unserem Unternehmen gebauten Swimmingpool.<\/p>\n<p>Unsere Kunden best\u00e4tigen unsere Arbeit.<\/p>\n<\/div>\n<\/div>\n<p>[\/et_pb_text][\/et_pb_column][\/et_pb_row][et_pb_row _builder_version=&#8220;4.27.4&#8243; _module_preset=&#8220;default&#8220; max_width=&#8220;1500px&#8220; global_colors_info=&#8220;{}&#8220;][et_pb_column type=&#8220;4_4&#8243; _builder_version=&#8220;4.27.4&#8243; _module_preset=&#8220;default&#8220; global_colors_info=&#8220;{}&#8220;][dnxte_coverflowslider_parent dnxte_coverflow_speed=&#8220;300&#8243; dnxte_coverflow_arrows=&#8220;on&#8220; dnxte_coverflow_arrow_color=&#8220;#52B3DE&#8220; _builder_version=&#8220;4.27.4&#8243; _module_preset=&#8220;default&#8220; custom_margin=&#8220;16px|||||&#8220; global_colors_info=&#8220;{}&#8220;][dnxte_coverflowslider_child coverflowslider_image=&#8220;https:\/\/www.marbesur.com\/wp-content\/uploads\/2025\/03\/piscinas-8.png&#8220; _builder_version=&#8220;4.27.4&#8243; _module_preset=&#8220;default&#8220; global_colors_info=&#8220;{}&#8220;][\/dnxte_coverflowslider_child][dnxte_coverflowslider_child coverflowslider_image=&#8220;https:\/\/www.marbesur.com\/wp-content\/uploads\/2025\/03\/piscinas-6.png&#8220; _builder_version=&#8220;4.27.4&#8243; _module_preset=&#8220;default&#8220; global_colors_info=&#8220;{}&#8220;][\/dnxte_coverflowslider_child][dnxte_coverflowslider_child coverflowslider_image=&#8220;https:\/\/www.marbesur.com\/wp-content\/uploads\/2025\/03\/piscinas-5.png&#8220; _builder_version=&#8220;4.27.4&#8243; _module_preset=&#8220;default&#8220; global_colors_info=&#8220;{}&#8220;][\/dnxte_coverflowslider_child][dnxte_coverflowslider_child coverflowslider_image=&#8220;https:\/\/www.marbesur.com\/wp-content\/uploads\/2025\/03\/piscinas-4.png&#8220; _builder_version=&#8220;4.27.4&#8243; _module_preset=&#8220;default&#8220; global_colors_info=&#8220;{}&#8220;][\/dnxte_coverflowslider_child][dnxte_coverflowslider_child coverflowslider_image=&#8220;https:\/\/www.marbesur.com\/wp-content\/uploads\/2025\/03\/piscinas-3.png&#8220; _builder_version=&#8220;4.27.4&#8243; _module_preset=&#8220;default&#8220; global_colors_info=&#8220;{}&#8220;][\/dnxte_coverflowslider_child][dnxte_coverflowslider_child coverflowslider_image=&#8220;https:\/\/www.marbesur.com\/wp-content\/uploads\/2025\/03\/piscinas-2.png&#8220; _builder_version=&#8220;4.27.4&#8243; _module_preset=&#8220;default&#8220; global_colors_info=&#8220;{}&#8220;][\/dnxte_coverflowslider_child][dnxte_coverflowslider_child coverflowslider_image=&#8220;https:\/\/www.marbesur.com\/wp-content\/uploads\/2025\/03\/piscinas-1.png&#8220; _builder_version=&#8220;4.27.4&#8243; _module_preset=&#8220;default&#8220; global_colors_info=&#8220;{}&#8220;][\/dnxte_coverflowslider_child][\/dnxte_coverflowslider_parent][\/et_pb_column][\/et_pb_row][et_pb_row make_equal=&#8220;on&#8220; _builder_version=&#8220;4.27.4&#8243; _module_preset=&#8220;default&#8220; max_width=&#8220;1500px&#8220; custom_margin=&#8220;0px||0px||false|false&#8220; custom_padding=&#8220;0px||0px||false|false&#8220; custom_css_main_element=&#8220;align-items:flex-end;&#8220; global_colors_info=&#8220;{}&#8220;][et_pb_column type=&#8220;4_4&#8243; _builder_version=&#8220;4.27.4&#8243; _module_preset=&#8220;default&#8220; global_colors_info=&#8220;{}&#8220;][dnxte_button button_text=&#8220;Weitere Jobs sehen&#8220; button_link=&#8220;https:\/\/www.marbesur.com\/de\/jobs\/#schwimmbader&#8220; dnxt_button_alignment=&#8220;center&#8220; btn_icon=&#8220;&#x39;||divi||400&#8243; btn_icon_color=&#8220;#FFFFFF&#8220; dnxt_hover_2d=&#8220;dnxt-hover-float&#8220; dnxt_hover_bg_color=&#8220;#C4E7F6&#8243; dnxt_hover_icons=&#8220;dnxt-hover-icon-pulse-grow&#8220; _builder_version=&#8220;4.27.4&#8243; _module_preset=&#8220;default&#8220; btn_fonts_font=&#8220;&#8211;et_global_heading_font|||on|||||&#8220; btn_fonts_text_color=&#8220;#FFFFFF&#8220; btn_fonts_font_size=&#8220;18px&#8220; btn_fonts_line_height=&#8220;1.5em&#8220; background_enable_color=&#8220;off&#8220; use_background_color_gradient=&#8220;on&#8220; background_color_gradient_stops=&#8220;#52b3de 0%|#52b3de 100%&#8220; custom_margin=&#8220;20px||||false|false&#8220; custom_padding=&#8220;10px|40px|10px|40px|false|false&#8220; hover_enabled=&#8220;0&#8243; border_radii_btn_border=&#8220;on|0px|0px|0px|0px&#8220; border_width_all_btn_border=&#8220;0px&#8220; global_colors_info=&#8220;{}&#8220; sticky_enabled=&#8220;0&#8243;][\/dnxte_button][\/et_pb_column][\/et_pb_row][\/et_pb_section]<\/p>\n","protected":false},"excerpt":{"rendered":"<p><div class=\"et_pb_module dnxte_multi_heading dnxte_multi_heading_0\">\n\t\t\t\t\n\t\t\t\t\n\t\t\t\t\n\t\t\t\t\n\t\t\t\t\n\t\t\t\t\n\t\t\t\t<div class=\"et_pb_module_inner\">\n\t\t\t\t\t<div class=\"wrapper\"><h1 class='header-level '><span class=\"dnxt-text-one reveal-effect masker wow\"><span class=\"dnxt-gradient-text-color-1\">Schwimmb\u00e4der<\/span><\/span><span class=\"dnxt-text-two \"><span class=\"dnxt-gradient-text-color-2\">Die Zukunft gestalten in M\u00e1laga und Granada<\/span><\/span><\/h1><\/div>\n\t\t\t\t<\/div>\n\t\t\t<\/div> Jeder Kunde ist etwas Besonderes und jeder Pool hat seine eigene Pers\u00f6nlichkeit. Bei Obras y Proyectos Marbesur k\u00fcmmern wir uns um jedes Detail und bieten Ihnen ein individuelles Design. Wir verf\u00fcgen \u00fcber [&hellip;]<\/p>\n","protected":false},"author":1,"featured_media":0,"parent":0,"menu_order":0,"comment_status":"closed","ping_status":"closed","template":"","meta":{"_et_pb_use_builder":"on","_et_pb_old_content":"","_et_gb_content_width":"","footnotes":""},"class_list":["post-2258","page","type-page","status-publish","hentry"],"yoast_head":"<!-- This site is optimized with the Yoast SEO plugin v27.2 - https:\/\/yoast.com\/product\/yoast-seo-wordpress\/ -->\n<title>Schwimmbadbau und Landschaftsgestaltung. Marbestur, Spezialisten<\/title>\n<meta name=\"description\" content=\"Wir k\u00fcmmern uns um jedes Detail und bieten Ihnen ein individuelles Pool-Design, das auf Ihre Bed\u00fcrfnisse zugeschnitten ist. Erfahren Sie mehr \u00fcber unsere Dienstleistungen\" \/>\n<meta name=\"robots\" content=\"index, follow, max-snippet:-1, max-image-preview:large, max-video-preview:-1\" \/>\n<link rel=\"canonical\" href=\"https:\/\/www.marbesur.com\/de\/schwimmbaeder\/\" \/>\n<meta property=\"og:locale\" content=\"de_DE\" \/>\n<meta property=\"og:type\" content=\"article\" \/>\n<meta property=\"og:title\" content=\"Schwimmbadbau und Landschaftsgestaltung. Marbestur, Spezialisten\" \/>\n<meta property=\"og:description\" content=\"Wir k\u00fcmmern uns um jedes Detail und bieten Ihnen ein individuelles Pool-Design, das auf Ihre Bed\u00fcrfnisse zugeschnitten ist. Erfahren Sie mehr \u00fcber unsere Dienstleistungen\" \/>\n<meta property=\"og:url\" content=\"https:\/\/www.marbesur.com\/de\/schwimmbaeder\/\" \/>\n<meta property=\"og:site_name\" content=\"Marbesur - Empresa de Proyectos y Obras en Granada y M\u00e1laga.\" \/>\n<meta property=\"article:modified_time\" content=\"2026-03-31T06:58:18+00:00\" \/>\n<meta name=\"twitter:card\" content=\"summary_large_image\" \/>\n<meta name=\"twitter:label1\" content=\"Gesch\u00e4tzte Lesezeit\" \/>\n\t<meta name=\"twitter:data1\" content=\"4\u00a0Minuten\" \/>\n<script type=\"application\/ld+json\" class=\"yoast-schema-graph\">{\"@context\":\"https:\/\/schema.org\",\"@graph\":[{\"@type\":\"WebPage\",\"@id\":\"https:\/\/www.marbesur.com\/de\/schwimmbaeder\/\",\"url\":\"https:\/\/www.marbesur.com\/de\/schwimmbaeder\/\",\"name\":\"Schwimmbadbau und Landschaftsgestaltung. Marbestur, Spezialisten\",\"isPartOf\":{\"@id\":\"https:\/\/www.marbesur.com\/de\/#website\"},\"datePublished\":\"2025-03-24T12:59:26+00:00\",\"dateModified\":\"2026-03-31T06:58:18+00:00\",\"description\":\"Wir k\u00fcmmern uns um jedes Detail und bieten Ihnen ein individuelles Pool-Design, das auf Ihre Bed\u00fcrfnisse zugeschnitten ist. Erfahren Sie mehr \u00fcber unsere Dienstleistungen\",\"breadcrumb\":{\"@id\":\"https:\/\/www.marbesur.com\/de\/schwimmbaeder\/#breadcrumb\"},\"inLanguage\":\"de\",\"potentialAction\":[{\"@type\":\"ReadAction\",\"target\":[\"https:\/\/www.marbesur.com\/de\/schwimmbaeder\/\"]}]},{\"@type\":\"BreadcrumbList\",\"@id\":\"https:\/\/www.marbesur.com\/de\/schwimmbaeder\/#breadcrumb\",\"itemListElement\":[{\"@type\":\"ListItem\",\"position\":1,\"name\":\"Portada\",\"item\":\"https:\/\/www.marbesur.com\/de\/\"},{\"@type\":\"ListItem\",\"position\":2,\"name\":\"Schwimmb\u00e4der\"}]},{\"@type\":\"WebSite\",\"@id\":\"https:\/\/www.marbesur.com\/de\/#website\",\"url\":\"https:\/\/www.marbesur.com\/de\/\",\"name\":\"Marbesur - Empresa de Proyectos y Obras en Granada y M\u00e1laga.\",\"description\":\"Empresa especializada en proyectos de obras en Granada y M\u00e1laga. Especialistas en la realizaci\u00f3n de reformas y rehabilitaciones integrales.\",\"potentialAction\":[{\"@type\":\"SearchAction\",\"target\":{\"@type\":\"EntryPoint\",\"urlTemplate\":\"https:\/\/www.marbesur.com\/de\/?s={search_term_string}\"},\"query-input\":{\"@type\":\"PropertyValueSpecification\",\"valueRequired\":true,\"valueName\":\"search_term_string\"}}],\"inLanguage\":\"de\"}]}<\/script>\n<!-- \/ Yoast SEO plugin. -->","yoast_head_json":{"title":"Schwimmbadbau und Landschaftsgestaltung. Marbestur, Spezialisten","description":"Wir k\u00fcmmern uns um jedes Detail und bieten Ihnen ein individuelles Pool-Design, das auf Ihre Bed\u00fcrfnisse zugeschnitten ist. Erfahren Sie mehr \u00fcber unsere Dienstleistungen","robots":{"index":"index","follow":"follow","max-snippet":"max-snippet:-1","max-image-preview":"max-image-preview:large","max-video-preview":"max-video-preview:-1"},"canonical":"https:\/\/www.marbesur.com\/de\/schwimmbaeder\/","og_locale":"de_DE","og_type":"article","og_title":"Schwimmbadbau und Landschaftsgestaltung. Marbestur, Spezialisten","og_description":"Wir k\u00fcmmern uns um jedes Detail und bieten Ihnen ein individuelles Pool-Design, das auf Ihre Bed\u00fcrfnisse zugeschnitten ist. Erfahren Sie mehr \u00fcber unsere Dienstleistungen","og_url":"https:\/\/www.marbesur.com\/de\/schwimmbaeder\/","og_site_name":"Marbesur - Empresa de Proyectos y Obras en Granada y M\u00e1laga.","article_modified_time":"2026-03-31T06:58:18+00:00","twitter_card":"summary_large_image","twitter_misc":{"Gesch\u00e4tzte Lesezeit":"4\u00a0Minuten"},"schema":{"@context":"https:\/\/schema.org","@graph":[{"@type":"WebPage","@id":"https:\/\/www.marbesur.com\/de\/schwimmbaeder\/","url":"https:\/\/www.marbesur.com\/de\/schwimmbaeder\/","name":"Schwimmbadbau und Landschaftsgestaltung. Marbestur, Spezialisten","isPartOf":{"@id":"https:\/\/www.marbesur.com\/de\/#website"},"datePublished":"2025-03-24T12:59:26+00:00","dateModified":"2026-03-31T06:58:18+00:00","description":"Wir k\u00fcmmern uns um jedes Detail und bieten Ihnen ein individuelles Pool-Design, das auf Ihre Bed\u00fcrfnisse zugeschnitten ist. Erfahren Sie mehr \u00fcber unsere Dienstleistungen","breadcrumb":{"@id":"https:\/\/www.marbesur.com\/de\/schwimmbaeder\/#breadcrumb"},"inLanguage":"de","potentialAction":[{"@type":"ReadAction","target":["https:\/\/www.marbesur.com\/de\/schwimmbaeder\/"]}]},{"@type":"BreadcrumbList","@id":"https:\/\/www.marbesur.com\/de\/schwimmbaeder\/#breadcrumb","itemListElement":[{"@type":"ListItem","position":1,"name":"Portada","item":"https:\/\/www.marbesur.com\/de\/"},{"@type":"ListItem","position":2,"name":"Schwimmb\u00e4der"}]},{"@type":"WebSite","@id":"https:\/\/www.marbesur.com\/de\/#website","url":"https:\/\/www.marbesur.com\/de\/","name":"Marbesur - Empresa de Proyectos y Obras en Granada y M\u00e1laga.","description":"Empresa especializada en proyectos de obras en Granada y M\u00e1laga. Especialistas en la realizaci\u00f3n de reformas y rehabilitaciones integrales.","potentialAction":[{"@type":"SearchAction","target":{"@type":"EntryPoint","urlTemplate":"https:\/\/www.marbesur.com\/de\/?s={search_term_string}"},"query-input":{"@type":"PropertyValueSpecification","valueRequired":true,"valueName":"search_term_string"}}],"inLanguage":"de"}]}},"_links":{"self":[{"href":"https:\/\/www.marbesur.com\/de\/wp-json\/wp\/v2\/pages\/2258","targetHints":{"allow":["GET"]}}],"collection":[{"href":"https:\/\/www.marbesur.com\/de\/wp-json\/wp\/v2\/pages"}],"about":[{"href":"https:\/\/www.marbesur.com\/de\/wp-json\/wp\/v2\/types\/page"}],"author":[{"embeddable":true,"href":"https:\/\/www.marbesur.com\/de\/wp-json\/wp\/v2\/users\/1"}],"replies":[{"embeddable":true,"href":"https:\/\/www.marbesur.com\/de\/wp-json\/wp\/v2\/comments?post=2258"}],"version-history":[{"count":5,"href":"https:\/\/www.marbesur.com\/de\/wp-json\/wp\/v2\/pages\/2258\/revisions"}],"predecessor-version":[{"id":2329,"href":"https:\/\/www.marbesur.com\/de\/wp-json\/wp\/v2\/pages\/2258\/revisions\/2329"}],"wp:attachment":[{"href":"https:\/\/www.marbesur.com\/de\/wp-json\/wp\/v2\/media?parent=2258"}],"curies":[{"name":"wp","href":"https:\/\/api.w.org\/{rel}","templated":true}]}}