{"id":2240,"date":"2025-03-11T11:57:23","date_gmt":"2025-03-11T11:57:23","guid":{"rendered":"https:\/\/www.marbesur.com\/zulassungen\/"},"modified":"2026-03-30T15:28:58","modified_gmt":"2026-03-30T15:28:58","slug":"zulassungen","status":"publish","type":"page","link":"https:\/\/www.marbesur.com\/de\/zulassungen\/","title":{"rendered":"Zulassungen"},"content":{"rendered":"<p>[et_pb_section fb_built=&#8220;1&#8243; _builder_version=&#8220;4.27.4&#8243; _module_preset=&#8220;default&#8220; custom_padding=&#8220;||90px|||&#8220; global_colors_info=&#8220;{}&#8220;][et_pb_row column_structure=&#8220;1_2,1_2&#8243; make_equal=&#8220;on&#8220; _builder_version=&#8220;4.27.4&#8243; _module_preset=&#8220;default&#8220; max_width=&#8220;1500px&#8220; custom_css_main_element=&#8220;align-items:center;&#8220; global_colors_info=&#8220;{}&#8220;][et_pb_column type=&#8220;1_2&#8243; _builder_version=&#8220;4.27.4&#8243; _module_preset=&#8220;default&#8220; global_colors_info=&#8220;{}&#8220;][dnxte_multi_heading text_one=&#8220;Zulassungen&#8220; text_two=&#8220;Zertifiziertes Engagement f\u00fcr Sicherheit und Qualit\u00e4t&#8220; display_type_select=&#8220;on&#8220; text_one_reveal_effect=&#8220;on&#8220; text_one_reveal_color_before=&#8220;#52B3DE&#8220; _builder_version=&#8220;4.27.4&#8243; _module_preset=&#8220;default&#8220; text_one_font=&#8220;|||on|||||&#8220; text_one_font_size=&#8220;36px&#8220; text_one_line_height=&#8220;1.1em&#8220; text_two_font=&#8220;|300|||||||&#8220; text_two_font_size=&#8220;22px&#8220; text_two_line_height=&#8220;1.2em&#8220; custom_margin=&#8220;||0px||false|false&#8220; custom_padding=&#8220;||0px||false|false&#8220; hover_enabled=&#8220;0&#8243; global_colors_info=&#8220;{}&#8220; sticky_enabled=&#8220;0&#8243;][\/dnxte_multi_heading][et_pb_text _builder_version=&#8220;4.27.4&#8243; _module_preset=&#8220;default&#8220; custom_margin=&#8220;0px||0px||false|false&#8220; custom_padding=&#8220;0px||0px||false|false&#8220; global_colors_info=&#8220;{}&#8220;]<\/p>\n<p><span data-metadata=\"&lt;!--(figmeta)eyJmaWxlS2V5IjoiTmUxc1lrcXFhUkhsYk0yZWM1N1hFYyIsInBhc3RlSUQiOjE2NjgzNDAwNTgsImRhdGFUeXBlIjoic2NlbmUifQo=(\/figmeta)--&gt;\"><\/span>Wir von <strong data-start=\"4\" data-end=\"37\">Andaluza Gesti\u00f3n de Inmuebles<\/strong> verf\u00fcgen \u00fcber wichtige Zulassungen, die unser Engagement f\u00fcr Qualit\u00e4t, Sicherheit und Professionalit\u00e4t best\u00e4tigen. Wir sind im <strong data-start=\"193\" data-end=\"235\">Register der akkreditierten Unternehmen (REA)<\/strong> und im <strong data-start=\"241\" data-end=\"294\">Register der asbestgef\u00e4hrdeten Unternehmen (RERA)<\/strong> akkreditiert und von der <strong data-start=\"337\" data-end=\"373\">European Quality Assurance Spain<\/strong> zertifiziert. Au\u00dferdem sind wir Mitglied des <strong data-start=\"404\" data-end=\"455\">Administrative Contracting Advisory Board<\/strong> und des <strong data-start=\"461\" data-end=\"499\">Municipal Housing Institute<\/strong> und garantieren so die Einhaltung der h\u00f6chsten Standards bei jedem unserer Projekte.  <\/p>\n<p>[\/et_pb_text][\/et_pb_column][et_pb_column type=&#8220;1_2&#8243; _builder_version=&#8220;4.27.4&#8243; _module_preset=&#8220;default&#8220; global_colors_info=&#8220;{}&#8220;][et_pb_image src=&#8220;https:\/\/www.marbesur.com\/wp-content\/uploads\/2025\/03\/img-homologaciones.jpg&#8220; alt=&#8220;Bild-Homologationen&#8220; title_text=&#8220;Bild-Homologationen&#8220; _builder_version=&#8220;4.27.4&#8243; _module_preset=&#8220;default&#8220; global_colors_info=&#8220;{}&#8220;][\/et_pb_image][\/et_pb_column][\/et_pb_row][et_pb_row _builder_version=&#8220;4.27.4&#8243; _module_preset=&#8220;default&#8220; max_width=&#8220;1500px&#8220; custom_padding=&#8220;40px||0px||false|false&#8220; global_colors_info=&#8220;{}&#8220;][et_pb_column type=&#8220;4_4&#8243; _builder_version=&#8220;4.27.4&#8243; _module_preset=&#8220;default&#8220; global_colors_info=&#8220;{}&#8220;][et_pb_tabs active_tab_background_color=&#8220;#000000&#8243; inactive_tab_background_color=&#8220;#F5F5F5&#8243; active_tab_text_color=&#8220;#FFFFFF&#8220; _builder_version=&#8220;4.27.4&#8243; _module_preset=&#8220;default&#8220; body_font_size=&#8220;17px&#8220; custom_padding=&#8220;40px|40px|40px|40px|false|false&#8220; custom_css_tab=&#8220;height:auto;&#8220; border_width_all=&#8220;0px&#8220; border_color_all=&#8220;#0A0000&#8243; border_width_bottom=&#8220;4px&#8220; border_color_bottom=&#8220;#52B3DE&#8220; box_shadow_style=&#8220;preset3&#8243; global_colors_info=&#8220;{}&#8220;][et_pb_tab title=&#8220;REA&#8220; _builder_version=&#8220;4.27.4&#8243; _module_preset=&#8220;default&#8220; global_colors_info=&#8220;{}&#8220;]<\/p>\n<h3>Register der akkreditierten Unternehmen Bausektor<\/h3>\n<p><img loading=\"lazy\" decoding=\"async\" src=\"https:\/\/www.marbesur.com\/wp-content\/uploads\/2025\/03\/rea-768x553-1-300x216.png\" width=\"300\" height=\"216\" alt=\"Rea 768x553\" class=\"wp-image-279 alignnone size-medium\"><\/p>\n<p>Unser Unternehmen ist im Register der akkreditierten Unternehmen (REA) mit der Expte-Referenz: cem-201100047885-rea eingetragen. Ziel des Registers ist es, zu akkreditieren, dass Unternehmen, die im Bausektor t\u00e4tig sind, die Kapazit\u00e4ts- und Qualit\u00e4tsanforderungen der Risikopr\u00e4vention am Arbeitsplatz erf\u00fcllen. Jedes Unternehmen, das f\u00fcr Arbeiten auf einer Baustelle unter Vertrag genommen oder als Subunternehmer beauftragt werden m\u00f6chte, muss im Register der akkreditierten Unternehmen bei der Arbeitsbeh\u00f6rde eingetragen sein, in der das Unternehmen seinen Sitz hat. Seit dem 26. August 2008 m\u00fcssen Unternehmen, die Arbeiten auf einer Baustelle in Auftrag geben oder an Subunternehmer vergeben, nachweisen, dass ihre Auftragnehmer oder Subunternehmer im Register eingetragen sind, indem sie eine Bescheinigung \u00fcber die Eintragung beantragen.<\/p>\n<p>[\/et_pb_tab][et_pb_tab title=&#8220;RERA&#8220; _builder_version=&#8220;4.27.4&#8243; _module_preset=&#8220;default&#8220; global_colors_info=&#8220;{}&#8220;]<\/p>\n<h5>Register der asbestgef\u00e4hrdeten Unternehmen<\/h5>\n<p>&nbsp;<\/p>\n<p><img loading=\"lazy\" decoding=\"async\" src=\"https:\/\/www.marbesur.com\/wp-content\/uploads\/2025\/03\/img-rera.jpg\" width=\"450\" height=\"132\" alt=\"Bild Rera\" class=\"wp-image-281 alignnone size-medium\"><\/p>\n<p>Wir sind ein von der<span> <\/span><strong>JUNTA DE ANDALUCIA<\/strong><span> <\/span>f\u00fcr die Entfernung und den Umgang mit Asbest zugelassenes Unternehmen mit der<span> <\/span>N\u00ba 18\/00050 im RERA<span> <\/span>(Register der Unternehmen mit Asbestrisiko).<\/p>\n<p>[\/et_pb_tab][et_pb_tab title=&#8220;EUROPAN QUALIT\u00c4TSSICHERUNG SPIN&#8220; _builder_version=&#8220;4.27.4&#8243; _module_preset=&#8220;default&#8220; global_colors_info=&#8220;{}&#8220;]<\/p>\n<h5>Register der asbestgef\u00e4hrdeten Unternehmen<\/h5>\n<p>&nbsp;<br \/>\n<img loading=\"lazy\" decoding=\"async\" src=\"https:\/\/www.marbesur.com\/wp-content\/uploads\/2025\/03\/eqa-img.jpg\" width=\"300\" height=\"170\" alt=\"Eqa Img\" class=\"wp-image-282 alignnone size-medium\"><\/p>\n<p>Bescheinigt, dass das System von<span> <\/span>Das <strong>Qualit\u00e4tsmanagementsystem <\/strong>des Unternehmens:<\/p>\n<p><strong>OBRAS Y PROYECTOS MARBESUR S.L.<span> <\/span><\/strong>erf\u00fcllt die Anforderungen der<strong><span> <\/span>ISO 9001 \/ ISO 14001 Nr. Zertifizierung 00.162.438 26\/04\/2012<\/strong>[\/et_pb_tab][et_pb_tab title=&#8220;BEIRAT F\u00dcR VERWALTUNGSVERTR\u00c4GE&#8220; _builder_version=&#8220;4.27.4&#8243; _module_preset=&#8220;default&#8220; global_colors_info=&#8220;{}&#8220;]<\/p>\n<h5>Der stellvertretende Generaldirektor f\u00fcr die Klassifizierung von Auftragnehmern und die Registrierung von Vertr\u00e4gen:<\/h5>\n<p><img loading=\"lazy\" decoding=\"async\" src=\"https:\/\/www.marbesur.com\/wp-content\/uploads\/2025\/03\/ministerio.png\" width=\"237\" height=\"97\" alt=\"Ministerium\" class=\"wp-image-286 alignnone size-medium\" srcset=\"https:\/\/www.marbesur.com\/wp-content\/uploads\/2025\/03\/ministerio.png 337w, https:\/\/www.marbesur.com\/wp-content\/uploads\/2025\/03\/ministerio-300x123.png 300w\" sizes=\"(max-width: 237px) 100vw, 237px\" \/><\/p>\n<p>BESCHEINIGT, dass das Unternehmen<span> <\/span><strong>OBRAS Y PROYECTOS MARBESUR S.L<\/strong>. <strong><span> <\/span> ist im offiziellen Register f\u00fcr Bieter und klassifizierte Unternehmen des Staates mit der folgenden Klassifizierung als BAUUNTERNEHMEN eingetragen:<\/strong><\/p>\n<p>Gem\u00e4\u00df den Bestimmungen von Artikel 70.1 des revidierten Textes des Gesetzes \u00fcber \u00f6ffentliche Auftr\u00e4ge gelten die Klassifizierungen auf unbestimmte Zeit, solange die Bedingungen und Umst\u00e4nde, auf denen die Konzession beruhte, vom Unternehmer aufrechterhalten werden, unbeschadet der Verpflichtung, die Zahlungsf\u00e4higkeit des Unternehmers regelm\u00e4\u00dfig vor dem staatlichen Verwaltungsbeirat f\u00fcr \u00f6ffentliche Auftr\u00e4ge zu rechtfertigen.<\/p>\n<p><img loading=\"lazy\" decoding=\"async\" src=\"https:\/\/www.marbesur.com\/wp-content\/uploads\/2025\/03\/JUNTACONSULTIVA-e1491839841408.png\" width=\"300\" height=\"83\" alt=\"Beirat E1491839841408\" class=\"wp-image-288 alignnone size-medium\">[\/et_pb_tab][et_pb_tab title=&#8220;IMV&#8220; _builder_version=&#8220;4.27.4&#8243; _module_preset=&#8220;default&#8220; global_colors_info=&#8220;{}&#8220;]<\/p>\n<h5>Von der st\u00e4dtischen Wohnungsbaugesellschaft genehmigtes Unternehmen<\/h5>\n<p>&nbsp;<br \/>\n<img loading=\"lazy\" decoding=\"async\" src=\"https:\/\/www.marbesur.com\/wp-content\/uploads\/2025\/03\/instituto-de-la-vivienda.jpg\" width=\"300\" height=\"71\" alt=\"Institut f\u00fcr Wohnungswesen\" class=\"wp-image-290 alignnone size-medium\"><\/p>\n<p>Das Unternehmen wurde von der<span> <\/span><strong>Instituto Municipal de la Vivienda<\/strong>, ISO 9001 &#8211; 2008 No. FS 554652 No. 45: 468\/13, als zugelassenes Unternehmen f\u00fcr die<span> <\/span><strong>Sanierungsarbeiten<\/strong><span> <\/span>und die vom Amt f\u00fcr die Sanierung historischer Zentren geforderte Mindestklassifizierung erf\u00fcllen, Ordentliche Sitzung des Verwaltungsrats des st\u00e4dtischen Wohnungsinstituts der Stadt Barcelona.<span> <\/span><strong>Exmo. Ayuntamiento de M\u00e1laga<\/strong>, gehalten am 12. Februar 2013.[\/et_pb_tab][\/et_pb_tabs][\/et_pb_column][\/et_pb_row][\/et_pb_section]<\/p>\n","protected":false},"excerpt":{"rendered":"<p><div class=\"et_pb_module dnxte_multi_heading dnxte_multi_heading_0\">\n\t\t\t\t\n\t\t\t\t\n\t\t\t\t\n\t\t\t\t\n\t\t\t\t\n\t\t\t\t\n\t\t\t\t<div class=\"et_pb_module_inner\">\n\t\t\t\t\t<div class=\"wrapper\"><h1 class='header-level '><span class=\"dnxt-text-one reveal-effect masker wow\"><span class=\"dnxt-gradient-text-color-1\">Zulassungen<\/span><\/span><span class=\"dnxt-text-two \"><span class=\"dnxt-gradient-text-color-2\">Zertifiziertes Engagement f\u00fcr Sicherheit und Qualit\u00e4t<\/span><\/span><\/h1><\/div>\n\t\t\t\t<\/div>\n\t\t\t<\/div>Wir von Andaluza Gesti\u00f3n de Inmuebles verf\u00fcgen \u00fcber wichtige Zulassungen, die unser Engagement f\u00fcr Qualit\u00e4t, Sicherheit und Professionalit\u00e4t best\u00e4tigen. Wir sind im Register der akkreditierten Unternehmen (REA) und im Register der asbestgef\u00e4hrdeten [&hellip;]<\/p>\n","protected":false},"author":1,"featured_media":0,"parent":0,"menu_order":0,"comment_status":"closed","ping_status":"closed","template":"","meta":{"_et_pb_use_builder":"on","_et_pb_old_content":"","_et_gb_content_width":"","footnotes":""},"class_list":["post-2240","page","type-page","status-publish","hentry"],"yoast_head":"<!-- This site is optimized with the Yoast SEO plugin v27.2 - https:\/\/yoast.com\/product\/yoast-seo-wordpress\/ -->\n<title>Zulassungen - Marbesur<\/title>\n<meta name=\"robots\" content=\"index, follow, max-snippet:-1, max-image-preview:large, max-video-preview:-1\" \/>\n<link rel=\"canonical\" href=\"https:\/\/www.marbesur.com\/de\/zulassungen\/\" \/>\n<meta property=\"og:locale\" content=\"de_DE\" \/>\n<meta property=\"og:type\" content=\"article\" \/>\n<meta property=\"og:title\" content=\"Zulassungen - Marbesur\" \/>\n<meta property=\"og:description\" content=\"Wir von Andaluza Gesti\u00f3n de Inmuebles verf\u00fcgen \u00fcber wichtige Zulassungen, die unser Engagement f\u00fcr Qualit\u00e4t, Sicherheit und Professionalit\u00e4t best\u00e4tigen. Wir sind im Register der akkreditierten Unternehmen (REA) und im Register der asbestgef\u00e4hrdeten [&hellip;]\" \/>\n<meta property=\"og:url\" content=\"https:\/\/www.marbesur.com\/de\/zulassungen\/\" \/>\n<meta property=\"og:site_name\" content=\"Marbesur - Empresa de Proyectos y Obras en Granada y M\u00e1laga.\" \/>\n<meta property=\"article:modified_time\" content=\"2026-03-30T15:28:58+00:00\" \/>\n<meta property=\"og:image\" content=\"https:\/\/www.marbesur.com\/wp-content\/uploads\/2025\/03\/rea-768x553-1-300x216.png\" \/>\n<meta name=\"twitter:card\" content=\"summary_large_image\" \/>\n<meta name=\"twitter:label1\" content=\"Gesch\u00e4tzte Lesezeit\" \/>\n\t<meta name=\"twitter:data1\" content=\"4\u00a0Minuten\" \/>\n<script type=\"application\/ld+json\" class=\"yoast-schema-graph\">{\"@context\":\"https:\/\/schema.org\",\"@graph\":[{\"@type\":\"WebPage\",\"@id\":\"https:\/\/www.marbesur.com\/de\/zulassungen\/\",\"url\":\"https:\/\/www.marbesur.com\/de\/zulassungen\/\",\"name\":\"Zulassungen - Marbesur\",\"isPartOf\":{\"@id\":\"https:\/\/www.marbesur.com\/de\/#website\"},\"primaryImageOfPage\":{\"@id\":\"https:\/\/www.marbesur.com\/de\/zulassungen\/#primaryimage\"},\"image\":{\"@id\":\"https:\/\/www.marbesur.com\/de\/zulassungen\/#primaryimage\"},\"thumbnailUrl\":\"https:\/\/www.marbesur.com\/wp-content\/uploads\/2025\/03\/rea-768x553-1-300x216.png\",\"datePublished\":\"2025-03-11T11:57:23+00:00\",\"dateModified\":\"2026-03-30T15:28:58+00:00\",\"breadcrumb\":{\"@id\":\"https:\/\/www.marbesur.com\/de\/zulassungen\/#breadcrumb\"},\"inLanguage\":\"de\",\"potentialAction\":[{\"@type\":\"ReadAction\",\"target\":[\"https:\/\/www.marbesur.com\/de\/zulassungen\/\"]}]},{\"@type\":\"ImageObject\",\"inLanguage\":\"de\",\"@id\":\"https:\/\/www.marbesur.com\/de\/zulassungen\/#primaryimage\",\"url\":\"https:\/\/www.marbesur.com\/wp-content\/uploads\/2025\/03\/rea-768x553-1-300x216.png\",\"contentUrl\":\"https:\/\/www.marbesur.com\/wp-content\/uploads\/2025\/03\/rea-768x553-1-300x216.png\"},{\"@type\":\"BreadcrumbList\",\"@id\":\"https:\/\/www.marbesur.com\/de\/zulassungen\/#breadcrumb\",\"itemListElement\":[{\"@type\":\"ListItem\",\"position\":1,\"name\":\"Portada\",\"item\":\"https:\/\/www.marbesur.com\/de\/\"},{\"@type\":\"ListItem\",\"position\":2,\"name\":\"Zulassungen\"}]},{\"@type\":\"WebSite\",\"@id\":\"https:\/\/www.marbesur.com\/de\/#website\",\"url\":\"https:\/\/www.marbesur.com\/de\/\",\"name\":\"Marbesur - Empresa de Proyectos y Obras en Granada y M\u00e1laga.\",\"description\":\"Empresa especializada en proyectos de obras en Granada y M\u00e1laga. Especialistas en la realizaci\u00f3n de reformas y rehabilitaciones integrales.\",\"potentialAction\":[{\"@type\":\"SearchAction\",\"target\":{\"@type\":\"EntryPoint\",\"urlTemplate\":\"https:\/\/www.marbesur.com\/de\/?s={search_term_string}\"},\"query-input\":{\"@type\":\"PropertyValueSpecification\",\"valueRequired\":true,\"valueName\":\"search_term_string\"}}],\"inLanguage\":\"de\"}]}<\/script>\n<!-- \/ Yoast SEO plugin. -->","yoast_head_json":{"title":"Zulassungen - Marbesur","robots":{"index":"index","follow":"follow","max-snippet":"max-snippet:-1","max-image-preview":"max-image-preview:large","max-video-preview":"max-video-preview:-1"},"canonical":"https:\/\/www.marbesur.com\/de\/zulassungen\/","og_locale":"de_DE","og_type":"article","og_title":"Zulassungen - Marbesur","og_description":"Wir von Andaluza Gesti\u00f3n de Inmuebles verf\u00fcgen \u00fcber wichtige Zulassungen, die unser Engagement f\u00fcr Qualit\u00e4t, Sicherheit und Professionalit\u00e4t best\u00e4tigen. Wir sind im Register der akkreditierten Unternehmen (REA) und im Register der asbestgef\u00e4hrdeten [&hellip;]","og_url":"https:\/\/www.marbesur.com\/de\/zulassungen\/","og_site_name":"Marbesur - Empresa de Proyectos y Obras en Granada y M\u00e1laga.","article_modified_time":"2026-03-30T15:28:58+00:00","og_image":[{"url":"https:\/\/www.marbesur.com\/wp-content\/uploads\/2025\/03\/rea-768x553-1-300x216.png","type":"","width":"","height":""}],"twitter_card":"summary_large_image","twitter_misc":{"Gesch\u00e4tzte Lesezeit":"4\u00a0Minuten"},"schema":{"@context":"https:\/\/schema.org","@graph":[{"@type":"WebPage","@id":"https:\/\/www.marbesur.com\/de\/zulassungen\/","url":"https:\/\/www.marbesur.com\/de\/zulassungen\/","name":"Zulassungen - Marbesur","isPartOf":{"@id":"https:\/\/www.marbesur.com\/de\/#website"},"primaryImageOfPage":{"@id":"https:\/\/www.marbesur.com\/de\/zulassungen\/#primaryimage"},"image":{"@id":"https:\/\/www.marbesur.com\/de\/zulassungen\/#primaryimage"},"thumbnailUrl":"https:\/\/www.marbesur.com\/wp-content\/uploads\/2025\/03\/rea-768x553-1-300x216.png","datePublished":"2025-03-11T11:57:23+00:00","dateModified":"2026-03-30T15:28:58+00:00","breadcrumb":{"@id":"https:\/\/www.marbesur.com\/de\/zulassungen\/#breadcrumb"},"inLanguage":"de","potentialAction":[{"@type":"ReadAction","target":["https:\/\/www.marbesur.com\/de\/zulassungen\/"]}]},{"@type":"ImageObject","inLanguage":"de","@id":"https:\/\/www.marbesur.com\/de\/zulassungen\/#primaryimage","url":"https:\/\/www.marbesur.com\/wp-content\/uploads\/2025\/03\/rea-768x553-1-300x216.png","contentUrl":"https:\/\/www.marbesur.com\/wp-content\/uploads\/2025\/03\/rea-768x553-1-300x216.png"},{"@type":"BreadcrumbList","@id":"https:\/\/www.marbesur.com\/de\/zulassungen\/#breadcrumb","itemListElement":[{"@type":"ListItem","position":1,"name":"Portada","item":"https:\/\/www.marbesur.com\/de\/"},{"@type":"ListItem","position":2,"name":"Zulassungen"}]},{"@type":"WebSite","@id":"https:\/\/www.marbesur.com\/de\/#website","url":"https:\/\/www.marbesur.com\/de\/","name":"Marbesur - Empresa de Proyectos y Obras en Granada y M\u00e1laga.","description":"Empresa especializada en proyectos de obras en Granada y M\u00e1laga. Especialistas en la realizaci\u00f3n de reformas y rehabilitaciones integrales.","potentialAction":[{"@type":"SearchAction","target":{"@type":"EntryPoint","urlTemplate":"https:\/\/www.marbesur.com\/de\/?s={search_term_string}"},"query-input":{"@type":"PropertyValueSpecification","valueRequired":true,"valueName":"search_term_string"}}],"inLanguage":"de"}]}},"_links":{"self":[{"href":"https:\/\/www.marbesur.com\/de\/wp-json\/wp\/v2\/pages\/2240","targetHints":{"allow":["GET"]}}],"collection":[{"href":"https:\/\/www.marbesur.com\/de\/wp-json\/wp\/v2\/pages"}],"about":[{"href":"https:\/\/www.marbesur.com\/de\/wp-json\/wp\/v2\/types\/page"}],"author":[{"embeddable":true,"href":"https:\/\/www.marbesur.com\/de\/wp-json\/wp\/v2\/users\/1"}],"replies":[{"embeddable":true,"href":"https:\/\/www.marbesur.com\/de\/wp-json\/wp\/v2\/comments?post=2240"}],"version-history":[{"count":3,"href":"https:\/\/www.marbesur.com\/de\/wp-json\/wp\/v2\/pages\/2240\/revisions"}],"predecessor-version":[{"id":2291,"href":"https:\/\/www.marbesur.com\/de\/wp-json\/wp\/v2\/pages\/2240\/revisions\/2291"}],"wp:attachment":[{"href":"https:\/\/www.marbesur.com\/de\/wp-json\/wp\/v2\/media?parent=2240"}],"curies":[{"name":"wp","href":"https:\/\/api.w.org\/{rel}","templated":true}]}}