{"id":2230,"date":"2025-03-24T12:59:15","date_gmt":"2025-03-24T12:59:15","guid":{"rendered":"https:\/\/www.marbesur.com\/bauen-und-konstruktion\/"},"modified":"2026-03-30T15:50:12","modified_gmt":"2026-03-30T15:50:12","slug":"bauen-und-konstruktion","status":"publish","type":"page","link":"https:\/\/www.marbesur.com\/de\/bauen-und-konstruktion\/","title":{"rendered":"Bauen und Konstruktion"},"content":{"rendered":"<p>[et_pb_section fb_built=&#8220;1&#8243; _builder_version=&#8220;4.27.4&#8243; _module_preset=&#8220;default&#8220; global_colors_info=&#8220;{}&#8220;][et_pb_row column_structure=&#8220;1_2,1_2&#8243; _builder_version=&#8220;4.27.4&#8243; _module_preset=&#8220;default&#8220; max_width=&#8220;1500px&#8220; custom_padding=&#8220;||25px|||&#8220; global_colors_info=&#8220;{}&#8220;][et_pb_column type=&#8220;1_2&#8243; _builder_version=&#8220;4.27.4&#8243; _module_preset=&#8220;default&#8220; global_colors_info=&#8220;{}&#8220;][dnxte_multi_heading text_one=&#8220;BAU UND GEB\u00c4UDE&#8220; text_two=&#8220;Die Zukunft gestalten in M\u00e1laga und Granada&#8220; display_type_select=&#8220;on&#8220; text_one_reveal_effect=&#8220;on&#8220; text_one_reveal_color_before=&#8220;#52B3DE&#8220; _builder_version=&#8220;4.27.4&#8243; _module_preset=&#8220;default&#8220; text_one_font=&#8220;|||on|||||&#8220; text_one_font_size=&#8220;36px&#8220; text_one_line_height=&#8220;1.1em&#8220; text_two_font=&#8220;|300|||||||&#8220; text_two_font_size=&#8220;22px&#8220; text_two_line_height=&#8220;1.2em&#8220; custom_margin=&#8220;||0px||false|false&#8220; custom_padding=&#8220;||0px||false|false&#8220; hover_enabled=&#8220;0&#8243; global_colors_info=&#8220;{}&#8220; sticky_enabled=&#8220;0&#8243;][\/dnxte_multi_heading][et_pb_text _builder_version=&#8220;4.27.4&#8243; _module_preset=&#8220;default&#8220; custom_margin=&#8220;0px||0px||false|false&#8220; custom_margin_tablet=&#8220;0px||-50px||false|false&#8220; custom_margin_phone=&#8220;0px||-50px||false|false&#8220; custom_margin_last_edited=&#8220;on|tablet&#8220; custom_padding=&#8220;0px||0px||false|false&#8220; global_colors_info=&#8220;{}&#8220;]<\/p>\n<p><span data-metadata=\"&lt;!--(figmeta)eyJmaWxlS2V5IjoiTmUxc1lrcXFhUkhsYk0yZWM1N1hFYyIsInBhc3RlSUQiOjE2NjgzNDAwNTgsImRhdGFUeXBlIjoic2NlbmUifQo=(\/figmeta)--&gt;\"><\/span><\/p>\n<div class=\"wpb_text_column wpb_content_element \">\n<div class=\"wpb_wrapper\">\n<p>Wir verf\u00fcgen \u00fcber umfangreiche Erfahrungen auf dem Baumarkt. Unsere Hauptt\u00e4tigkeit ist das innovative und exklusive Bauen, wobei wir uns auf folgende Bereiche spezialisiert haben:<\/p>\n<ul>\n<li><strong>Wohngeb\u00e4ude<\/strong><\/li>\n<li><strong>Luxuri\u00f6se Villen (exklusive Designs)<\/strong><\/li>\n<li><strong>Sportzentren<\/strong><\/li>\n<li><strong>Bildungseinrichtungen<\/strong><\/li>\n<\/ul>\n<p><strong>OBRAS Y PROYECTOS MARBESUR <\/strong>projiziert sich selbst in die Zukunft als profitables Unternehmen, das in der Lage ist, innovative und anspruchsvolle Projekte zu entwickeln. Wir engagieren uns f\u00fcr die soziale und wirtschaftliche Entwicklung des Landes. <\/p>\n<p>&nbsp;<\/p>\n<\/div>\n<\/div>\n<p>[\/et_pb_text][\/et_pb_column][et_pb_column type=&#8220;1_2&#8243; _builder_version=&#8220;4.27.4&#8243; _module_preset=&#8220;default&#8220; global_colors_info=&#8220;{}&#8220;][et_pb_image src=&#8220;https:\/\/www.marbesur.com\/wp-content\/uploads\/2025\/03\/construccion-y-edificacion.jpg&#8220; alt=&#8220;Konstruktion und Bauwesen&#8220; title_text=&#8220;Konstruktion und Bauwesen&#8220; align=&#8220;right&#8220; _builder_version=&#8220;4.27.4&#8243; _module_preset=&#8220;default&#8220; transform_translate=&#8220;4px|23px&#8220; custom_margin_tablet=&#8220;||20px||false|false&#8220; custom_margin_phone=&#8220;||20px||false|false&#8220; custom_margin_last_edited=&#8220;on|phone&#8220; custom_padding=&#8220;||0px|||&#8220; global_colors_info=&#8220;{}&#8220;][\/et_pb_image][\/et_pb_column][\/et_pb_row][et_pb_row _builder_version=&#8220;4.27.4&#8243; _module_preset=&#8220;default&#8220; max_width=&#8220;1500px&#8220; custom_margin=&#8220;20px||||false|false&#8220; custom_padding=&#8220;0px||0px||false|false&#8220; global_colors_info=&#8220;{}&#8220;][et_pb_column type=&#8220;4_4&#8243; _builder_version=&#8220;4.27.4&#8243; _module_preset=&#8220;default&#8220; global_colors_info=&#8220;{}&#8220;][et_pb_text _builder_version=&#8220;4.27.4&#8243; _module_preset=&#8220;default&#8220; custom_margin=&#8220;0px||0px||false|false&#8220; custom_padding=&#8220;0px||0px||false|false&#8220; global_colors_info=&#8220;{}&#8220;]<\/p>\n<div class=\"wpb_text_column wpb_content_element \">\n<div class=\"wpb_wrapper\">\n<p><span style=\"font-size: 16px;\">Dank unseres Einsatzes und unserer Beharrlichkeit ist es uns gelungen, eine gr\u00f6\u00dfere Infrastruktur an Maschinen und technischen Mitteln zu schaffen, um Gro\u00dfprojekte durchf\u00fchren zu k\u00f6nnen, was uns zu einem der wichtigsten Unternehmen in der Region macht.<\/span><span style=\"font-size: 16px;\"> <\/span><strong style=\"font-size: 16px;\">wichtigsten Unternehmen in der Region.<\/strong><\/p>\n<p>Das<strong>Team von<\/strong><span> <\/span><strong><span> <\/span> , aus dem dieses Unternehmen besteht, ist technisch, administrativ und vor Ort hoch qualifiziert, um die<span> <\/span><strong>Ausf\u00fchrung aller Arten von Projekten zu \u00fcbernehmen und zu einem erfolgreichen Abschluss zu bringen.<\/strong><\/strong><\/p>\n<p>Unsere Aufgabe ist es, die Bed\u00fcrfnisse unserer Kunden durch die rechtzeitige Erf\u00fcllung der vereinbarten technischen und wirtschaftlichen Bedingungen zufriedenstellend zu befriedigen und dabei P\u00fcnktlichkeit und eine optimale<strong>Qualit\u00e4t der Dienstleistungen zu gew\u00e4hrleisten<\/strong><span> <\/span><strong>.<\/strong><\/p>\n<p>Unten sehen Sie einige der<strong>Arbeiten, die wirauf<\/strong><span> <\/span>durchgef\u00fchrt haben.<\/p>\n<\/div>\n<\/div>\n<p>[\/et_pb_text][\/et_pb_column][\/et_pb_row][et_pb_row _builder_version=&#8220;4.27.4&#8243; _module_preset=&#8220;default&#8220; max_width=&#8220;1500px&#8220; global_colors_info=&#8220;{}&#8220;][et_pb_column type=&#8220;4_4&#8243; _builder_version=&#8220;4.27.4&#8243; _module_preset=&#8220;default&#8220; global_colors_info=&#8220;{}&#8220;][dnxte_coverflowslider_parent dnxte_coverflow_speed=&#8220;300&#8243; dnxte_coverflow_arrows=&#8220;on&#8220; dnxte_coverflow_arrow_color=&#8220;#52B3DE&#8220; _builder_version=&#8220;4.27.4&#8243; _module_preset=&#8220;default&#8220; custom_padding=&#8220;|||0px||&#8220; global_colors_info=&#8220;{}&#8220;][dnxte_coverflowslider_child coverflowslider_image=&#8220;https:\/\/www.marbesur.com\/wp-content\/uploads\/2025\/03\/construccion-1.jpg&#8220; _builder_version=&#8220;4.27.4&#8243; _module_preset=&#8220;default&#8220; global_colors_info=&#8220;{}&#8220;][\/dnxte_coverflowslider_child][dnxte_coverflowslider_child coverflowslider_image=&#8220;https:\/\/www.marbesur.com\/wp-content\/uploads\/2025\/03\/construccion-4.jpg&#8220; _builder_version=&#8220;4.27.4&#8243; _module_preset=&#8220;default&#8220; global_colors_info=&#8220;{}&#8220;][\/dnxte_coverflowslider_child][dnxte_coverflowslider_child coverflowslider_image=&#8220;https:\/\/www.marbesur.com\/wp-content\/uploads\/2025\/03\/construccion-5.jpg&#8220; _builder_version=&#8220;4.27.4&#8243; _module_preset=&#8220;default&#8220; global_colors_info=&#8220;{}&#8220;][\/dnxte_coverflowslider_child][dnxte_coverflowslider_child coverflowslider_image=&#8220;https:\/\/www.marbesur.com\/wp-content\/uploads\/2025\/03\/construccion-2.jpg&#8220; _builder_version=&#8220;4.27.4&#8243; _module_preset=&#8220;default&#8220; global_colors_info=&#8220;{}&#8220;][\/dnxte_coverflowslider_child][dnxte_coverflowslider_child coverflowslider_image=&#8220;https:\/\/www.marbesur.com\/wp-content\/uploads\/2025\/03\/construccion-3.jpg&#8220; _builder_version=&#8220;4.27.4&#8243; _module_preset=&#8220;default&#8220; global_colors_info=&#8220;{}&#8220;][\/dnxte_coverflowslider_child][dnxte_coverflowslider_child coverflowslider_image=&#8220;https:\/\/www.marbesur.com\/wp-content\/uploads\/2025\/03\/construccion-6.jpg&#8220; _builder_version=&#8220;4.27.4&#8243; _module_preset=&#8220;default&#8220; global_colors_info=&#8220;{}&#8220;][\/dnxte_coverflowslider_child][\/dnxte_coverflowslider_parent][\/et_pb_column][\/et_pb_row][et_pb_row make_equal=&#8220;on&#8220; _builder_version=&#8220;4.27.4&#8243; _module_preset=&#8220;default&#8220; max_width=&#8220;1500px&#8220; custom_margin=&#8220;0px||0px||false|false&#8220; custom_padding=&#8220;0px||0px||false|false&#8220; custom_css_main_element=&#8220;align-items:flex-end;&#8220; global_colors_info=&#8220;{}&#8220;][et_pb_column type=&#8220;4_4&#8243; _builder_version=&#8220;4.27.4&#8243; _module_preset=&#8220;default&#8220; global_colors_info=&#8220;{}&#8220;][dnxte_button button_text=&#8220;Weitere Jobs sehen&#8220; button_link=&#8220;@ET-DC@eyJkeW5hbWljIjp0cnVlLCJjb250ZW50IjoicG9zdF9saW5rX3VybF9wYWdlIiwic2V0dGluZ3MiOnsicG9zdF9pZCI6IjI5OSIsImVuYWJsZV9odG1sIjoib2ZmIn19@&#8220; dnxt_button_alignment=&#8220;center&#8220; btn_icon=&#8220;&#x39;||divi||400&#8243; btn_icon_color=&#8220;#FFFFFF&#8220; dnxt_hover_2d=&#8220;dnxt-hover-float&#8220; dnxt_hover_bg_color=&#8220;#C4E7F6&#8243; dnxt_hover_icons=&#8220;dnxt-hover-icon-pulse-grow&#8220; _builder_version=&#8220;4.27.4&#8243; _dynamic_attributes=&#8220;button_link&#8220; _module_preset=&#8220;default&#8220; btn_fonts_font=&#8220;&#8211;et_global_heading_font|||on|||||&#8220; btn_fonts_text_color=&#8220;#FFFFFF&#8220; btn_fonts_font_size=&#8220;18px&#8220; btn_fonts_line_height=&#8220;1.5em&#8220; background_enable_color=&#8220;off&#8220; use_background_color_gradient=&#8220;on&#8220; background_color_gradient_stops=&#8220;#52b3de 0%|#52b3de 100%&#8220; custom_margin=&#8220;0px||||false|false&#8220; custom_padding=&#8220;10px|40px|10px|40px|false|false&#8220; hover_enabled=&#8220;0&#8243; border_radii_btn_border=&#8220;on|0px|0px|0px|0px&#8220; border_width_all_btn_border=&#8220;0px&#8220; global_colors_info=&#8220;{}&#8220; sticky_enabled=&#8220;0&#8243;][\/dnxte_button][\/et_pb_column][\/et_pb_row][\/et_pb_section]<\/p>\n","protected":false},"excerpt":{"rendered":"<p><div class=\"et_pb_module dnxte_multi_heading dnxte_multi_heading_0\">\n\t\t\t\t\n\t\t\t\t\n\t\t\t\t\n\t\t\t\t\n\t\t\t\t\n\t\t\t\t\n\t\t\t\t<div class=\"et_pb_module_inner\">\n\t\t\t\t\t<div class=\"wrapper\"><h1 class='header-level '><span class=\"dnxt-text-one reveal-effect masker wow\"><span class=\"dnxt-gradient-text-color-1\">BAU UND GEB\u00c4UDE<\/span><\/span><span class=\"dnxt-text-two \"><span class=\"dnxt-gradient-text-color-2\">Die Zukunft gestalten in M\u00e1laga und Granada<\/span><\/span><\/h1><\/div>\n\t\t\t\t<\/div>\n\t\t\t<\/div> Wir verf\u00fcgen \u00fcber umfangreiche Erfahrungen auf dem Baumarkt. Unsere Hauptt\u00e4tigkeit ist das innovative und exklusive Bauen, wobei wir uns auf folgende Bereiche spezialisiert haben: Wohngeb\u00e4ude Luxuri\u00f6se Villen (exklusive [&hellip;]<\/p>\n","protected":false},"author":1,"featured_media":0,"parent":0,"menu_order":0,"comment_status":"closed","ping_status":"closed","template":"","meta":{"_et_pb_use_builder":"on","_et_pb_old_content":"","_et_gb_content_width":"","footnotes":""},"class_list":["post-2230","page","type-page","status-publish","hentry"],"yoast_head":"<!-- This site is optimized with the Yoast SEO plugin v27.2 - https:\/\/yoast.com\/product\/yoast-seo-wordpress\/ -->\n<title>Konstruktion und Bau. Wir machen alle Arten von Projekten<\/title>\n<meta name=\"description\" content=\"Wir verf\u00fcgen \u00fcber umfangreiche Erfahrung im Bausektor und verwenden stets qualitativ hochwertige Maschinen und Materialien.\" \/>\n<meta name=\"robots\" content=\"index, follow, max-snippet:-1, max-image-preview:large, max-video-preview:-1\" \/>\n<link rel=\"canonical\" href=\"https:\/\/www.marbesur.com\/de\/bauen-und-konstruktion\/\" \/>\n<meta property=\"og:locale\" content=\"de_DE\" \/>\n<meta property=\"og:type\" content=\"article\" \/>\n<meta property=\"og:title\" content=\"Konstruktion und Bau. Wir machen alle Arten von Projekten\" \/>\n<meta property=\"og:description\" content=\"Wir verf\u00fcgen \u00fcber umfangreiche Erfahrung im Bausektor und verwenden stets qualitativ hochwertige Maschinen und Materialien.\" \/>\n<meta property=\"og:url\" content=\"https:\/\/www.marbesur.com\/de\/bauen-und-konstruktion\/\" \/>\n<meta property=\"og:site_name\" content=\"Marbesur - Empresa de Proyectos y Obras en Granada y M\u00e1laga.\" \/>\n<meta property=\"article:modified_time\" content=\"2026-03-30T15:50:12+00:00\" \/>\n<meta name=\"twitter:card\" content=\"summary_large_image\" \/>\n<meta name=\"twitter:label1\" content=\"Gesch\u00e4tzte Lesezeit\" \/>\n\t<meta name=\"twitter:data1\" content=\"5\u00a0Minuten\" \/>\n<script type=\"application\/ld+json\" class=\"yoast-schema-graph\">{\"@context\":\"https:\/\/schema.org\",\"@graph\":[{\"@type\":\"WebPage\",\"@id\":\"https:\/\/www.marbesur.com\/de\/bauen-und-konstruktion\/\",\"url\":\"https:\/\/www.marbesur.com\/de\/bauen-und-konstruktion\/\",\"name\":\"Konstruktion und Bau. Wir machen alle Arten von Projekten\",\"isPartOf\":{\"@id\":\"https:\/\/www.marbesur.com\/de\/#website\"},\"datePublished\":\"2025-03-24T12:59:15+00:00\",\"dateModified\":\"2026-03-30T15:50:12+00:00\",\"description\":\"Wir verf\u00fcgen \u00fcber umfangreiche Erfahrung im Bausektor und verwenden stets qualitativ hochwertige Maschinen und Materialien.\",\"breadcrumb\":{\"@id\":\"https:\/\/www.marbesur.com\/de\/bauen-und-konstruktion\/#breadcrumb\"},\"inLanguage\":\"de\",\"potentialAction\":[{\"@type\":\"ReadAction\",\"target\":[\"https:\/\/www.marbesur.com\/de\/bauen-und-konstruktion\/\"]}]},{\"@type\":\"BreadcrumbList\",\"@id\":\"https:\/\/www.marbesur.com\/de\/bauen-und-konstruktion\/#breadcrumb\",\"itemListElement\":[{\"@type\":\"ListItem\",\"position\":1,\"name\":\"Portada\",\"item\":\"https:\/\/www.marbesur.com\/de\/\"},{\"@type\":\"ListItem\",\"position\":2,\"name\":\"Bauen und Konstruktion\"}]},{\"@type\":\"WebSite\",\"@id\":\"https:\/\/www.marbesur.com\/de\/#website\",\"url\":\"https:\/\/www.marbesur.com\/de\/\",\"name\":\"Marbesur - Empresa de Proyectos y Obras en Granada y M\u00e1laga.\",\"description\":\"Empresa especializada en proyectos de obras en Granada y M\u00e1laga. Especialistas en la realizaci\u00f3n de reformas y rehabilitaciones integrales.\",\"potentialAction\":[{\"@type\":\"SearchAction\",\"target\":{\"@type\":\"EntryPoint\",\"urlTemplate\":\"https:\/\/www.marbesur.com\/de\/?s={search_term_string}\"},\"query-input\":{\"@type\":\"PropertyValueSpecification\",\"valueRequired\":true,\"valueName\":\"search_term_string\"}}],\"inLanguage\":\"de\"}]}<\/script>\n<!-- \/ Yoast SEO plugin. -->","yoast_head_json":{"title":"Konstruktion und Bau. Wir machen alle Arten von Projekten","description":"Wir verf\u00fcgen \u00fcber umfangreiche Erfahrung im Bausektor und verwenden stets qualitativ hochwertige Maschinen und Materialien.","robots":{"index":"index","follow":"follow","max-snippet":"max-snippet:-1","max-image-preview":"max-image-preview:large","max-video-preview":"max-video-preview:-1"},"canonical":"https:\/\/www.marbesur.com\/de\/bauen-und-konstruktion\/","og_locale":"de_DE","og_type":"article","og_title":"Konstruktion und Bau. Wir machen alle Arten von Projekten","og_description":"Wir verf\u00fcgen \u00fcber umfangreiche Erfahrung im Bausektor und verwenden stets qualitativ hochwertige Maschinen und Materialien.","og_url":"https:\/\/www.marbesur.com\/de\/bauen-und-konstruktion\/","og_site_name":"Marbesur - Empresa de Proyectos y Obras en Granada y M\u00e1laga.","article_modified_time":"2026-03-30T15:50:12+00:00","twitter_card":"summary_large_image","twitter_misc":{"Gesch\u00e4tzte Lesezeit":"5\u00a0Minuten"},"schema":{"@context":"https:\/\/schema.org","@graph":[{"@type":"WebPage","@id":"https:\/\/www.marbesur.com\/de\/bauen-und-konstruktion\/","url":"https:\/\/www.marbesur.com\/de\/bauen-und-konstruktion\/","name":"Konstruktion und Bau. Wir machen alle Arten von Projekten","isPartOf":{"@id":"https:\/\/www.marbesur.com\/de\/#website"},"datePublished":"2025-03-24T12:59:15+00:00","dateModified":"2026-03-30T15:50:12+00:00","description":"Wir verf\u00fcgen \u00fcber umfangreiche Erfahrung im Bausektor und verwenden stets qualitativ hochwertige Maschinen und Materialien.","breadcrumb":{"@id":"https:\/\/www.marbesur.com\/de\/bauen-und-konstruktion\/#breadcrumb"},"inLanguage":"de","potentialAction":[{"@type":"ReadAction","target":["https:\/\/www.marbesur.com\/de\/bauen-und-konstruktion\/"]}]},{"@type":"BreadcrumbList","@id":"https:\/\/www.marbesur.com\/de\/bauen-und-konstruktion\/#breadcrumb","itemListElement":[{"@type":"ListItem","position":1,"name":"Portada","item":"https:\/\/www.marbesur.com\/de\/"},{"@type":"ListItem","position":2,"name":"Bauen und Konstruktion"}]},{"@type":"WebSite","@id":"https:\/\/www.marbesur.com\/de\/#website","url":"https:\/\/www.marbesur.com\/de\/","name":"Marbesur - Empresa de Proyectos y Obras en Granada y M\u00e1laga.","description":"Empresa especializada en proyectos de obras en Granada y M\u00e1laga. Especialistas en la realizaci\u00f3n de reformas y rehabilitaciones integrales.","potentialAction":[{"@type":"SearchAction","target":{"@type":"EntryPoint","urlTemplate":"https:\/\/www.marbesur.com\/de\/?s={search_term_string}"},"query-input":{"@type":"PropertyValueSpecification","valueRequired":true,"valueName":"search_term_string"}}],"inLanguage":"de"}]}},"_links":{"self":[{"href":"https:\/\/www.marbesur.com\/de\/wp-json\/wp\/v2\/pages\/2230","targetHints":{"allow":["GET"]}}],"collection":[{"href":"https:\/\/www.marbesur.com\/de\/wp-json\/wp\/v2\/pages"}],"about":[{"href":"https:\/\/www.marbesur.com\/de\/wp-json\/wp\/v2\/types\/page"}],"author":[{"embeddable":true,"href":"https:\/\/www.marbesur.com\/de\/wp-json\/wp\/v2\/users\/1"}],"replies":[{"embeddable":true,"href":"https:\/\/www.marbesur.com\/de\/wp-json\/wp\/v2\/comments?post=2230"}],"version-history":[{"count":3,"href":"https:\/\/www.marbesur.com\/de\/wp-json\/wp\/v2\/pages\/2230\/revisions"}],"predecessor-version":[{"id":2299,"href":"https:\/\/www.marbesur.com\/de\/wp-json\/wp\/v2\/pages\/2230\/revisions\/2299"}],"wp:attachment":[{"href":"https:\/\/www.marbesur.com\/de\/wp-json\/wp\/v2\/media?parent=2230"}],"curies":[{"name":"wp","href":"https:\/\/api.w.org\/{rel}","templated":true}]}}