{"id":2223,"date":"2025-03-24T12:59:11","date_gmt":"2025-03-24T12:59:11","guid":{"rendered":"https:\/\/www.marbesur.com\/architektur-und-projekte\/"},"modified":"2026-03-30T15:48:50","modified_gmt":"2026-03-30T15:48:50","slug":"architektur-und-projekte","status":"publish","type":"page","link":"https:\/\/www.marbesur.com\/de\/architektur-und-projekte\/","title":{"rendered":"Architektur und Projekte"},"content":{"rendered":"<p>[et_pb_section fb_built=&#8220;1&#8243; _builder_version=&#8220;4.27.4&#8243; _module_preset=&#8220;default&#8220; global_colors_info=&#8220;{}&#8220;][et_pb_row column_structure=&#8220;1_2,1_2&#8243; _builder_version=&#8220;4.27.4&#8243; _module_preset=&#8220;default&#8220; max_width=&#8220;1500px&#8220; global_colors_info=&#8220;{}&#8220;][et_pb_column type=&#8220;1_2&#8243; _builder_version=&#8220;4.27.4&#8243; _module_preset=&#8220;default&#8220; global_colors_info=&#8220;{}&#8220;][dnxte_multi_heading text_one=&#8220;ARCHITEKTUR UND PROJEKTE&#8220; text_two=&#8220;Die Zukunft gestalten in M\u00e1laga und Granada&#8220; display_type_select=&#8220;on&#8220; text_one_reveal_effect=&#8220;on&#8220; text_one_reveal_color_before=&#8220;#52B3DE&#8220; _builder_version=&#8220;4.27.4&#8243; _module_preset=&#8220;default&#8220; text_one_font=&#8220;|||on|||||&#8220; text_one_font_size=&#8220;36px&#8220; text_one_line_height=&#8220;1.1em&#8220; text_two_font=&#8220;|300|||||||&#8220; text_two_font_size=&#8220;22px&#8220; text_two_line_height=&#8220;1.2em&#8220; custom_margin=&#8220;||0px||false|false&#8220; custom_padding=&#8220;||0px||false|false&#8220; hover_enabled=&#8220;0&#8243; global_colors_info=&#8220;{}&#8220; sticky_enabled=&#8220;0&#8243;][\/dnxte_multi_heading][et_pb_text _builder_version=&#8220;4.27.4&#8243; _module_preset=&#8220;default&#8220; custom_margin=&#8220;0px||0px||false|false&#8220; custom_padding=&#8220;0px||0px||false|false&#8220; global_colors_info=&#8220;{}&#8220;]<\/p>\n<p><span data-metadata=\"&lt;!--(figmeta)eyJmaWxlS2V5IjoiTmUxc1lrcXFhUkhsYk0yZWM1N1hFYyIsInBhc3RlSUQiOjE2NjgzNDAwNTgsImRhdGFUeXBlIjoic2NlbmUifQo=(\/figmeta)--&gt;\"><\/span><\/p>\n<div class=\"wpb_text_column wpb_content_element \">\n<div class=\"wpb_wrapper\">\n<p>Wir arbeiten mit einem breiten Portfolio von Architekten in der Region zusammen, um unseren Kunden die<span> <\/span><strong>maximale Vielfalt<\/strong><span> <\/span>von Entw\u00fcrfen anbieten zu k\u00f6nnen, je nachdem, welche Art von Projekt sie realisieren m\u00f6chten (modern, klassisch, kolonial, neoklassisch, zeitgen\u00f6ssisch, minimalistisch, postmodern, etc&#8230;).<\/p>\n<p>Die Entwicklung umfasst die<strong>wesentlichen Aspekte<\/strong><span> <\/span><strong><span> <\/span> f\u00fcr die Visualisierung des Endergebnisses grafisch und wirtschaftlich.<\/strong><\/p>\n<p>Alle mit uns zusammenarbeitenden Architekten in der Region werden nach vorangegangenen Treffen Folgendes pr\u00e4sentieren<span> <\/span><strong>Skizzen, Infografiken und alle Pl\u00e4ne<\/strong><span> <\/span>damit Sie sich eine Vorstellung von Ihrem endg\u00fcltigen Haus machen k\u00f6nnen. Auf diese Weise k\u00f6nnen Sie sich das Endergebnis in vollem Umfang ansehen, bevor Sie \u00fcberhaupt mit dem Bau des Hauses beginnen k\u00f6nnen. <\/p>\n<\/div>\n<\/div>\n<p>[\/et_pb_text][\/et_pb_column][et_pb_column type=&#8220;1_2&#8243; _builder_version=&#8220;4.27.4&#8243; _module_preset=&#8220;default&#8220; global_colors_info=&#8220;{}&#8220;][et_pb_image src=&#8220;https:\/\/www.marbesur.com\/wp-content\/uploads\/2025\/03\/arquitectura.jpg&#8220; alt=&#8220;Architektur&#8220; title_text=&#8220;Architektur&#8220; _builder_version=&#8220;4.27.4&#8243; _module_preset=&#8220;default&#8220; transform_translate=&#8220;4px|23px&#8220; custom_padding=&#8220;||0px|||&#8220; global_colors_info=&#8220;{}&#8220;][\/et_pb_image][\/et_pb_column][\/et_pb_row][et_pb_row _builder_version=&#8220;4.27.4&#8243; _module_preset=&#8220;default&#8220; max_width=&#8220;1500px&#8220; custom_margin=&#8220;40px||||false|false&#8220; custom_padding=&#8220;0px||0px||false|false&#8220; global_colors_info=&#8220;{}&#8220;][et_pb_column type=&#8220;4_4&#8243; _builder_version=&#8220;4.27.4&#8243; _module_preset=&#8220;default&#8220; global_colors_info=&#8220;{}&#8220;][et_pb_text _builder_version=&#8220;4.27.4&#8243; _module_preset=&#8220;default&#8220; custom_margin=&#8220;0px||0px||false|false&#8220; custom_padding=&#8220;0px||0px||false|false&#8220; global_colors_info=&#8220;{}&#8220;]<\/p>\n<div class=\"wpb_text_column wpb_content_element \">\n<div class=\"wpb_wrapper\">\n<p>Dank der Computerprogramme, die uns heute zur Verf\u00fcgung stehen, liefert uns die BIM-Technologie ein Endergebnis, das praktisch dem realen Vorbild gleicht. So k\u00f6nnen wir Materialien, R\u00e4ume, Lichter und sogar einen &#8222;Spaziergang&#8220; in der ersten Person durch das Innere und die Umgebung des Hauses machen. <\/p>\n<p>All dies, damit der Kunde<span> <\/span><strong>alle Merkmale seines Projekts definieren kannund auf der Baustelle keine \u00dcberraschungen erlebt.<\/strong><\/p>\n<\/div>\n<\/div>\n<p>[\/et_pb_text][\/et_pb_column][\/et_pb_row][et_pb_row _builder_version=&#8220;4.27.4&#8243; _module_preset=&#8220;default&#8220; width=&#8220;75.3%&#8220; custom_margin=&#8220;20px|auto||143px|false|false&#8220; custom_margin_tablet=&#8220;20px|auto||70px|false|false&#8220; custom_margin_phone=&#8220;|||40px|false|false&#8220; custom_margin_last_edited=&#8220;on|phone&#8220; global_colors_info=&#8220;{}&#8220;][et_pb_column type=&#8220;4_4&#8243; _builder_version=&#8220;4.27.4&#8243; _module_preset=&#8220;default&#8220; global_colors_info=&#8220;{}&#8220;][et_pb_heading title=&#8220;Was machen unsere Architekten?&#8220; _builder_version=&#8220;4.27.4&#8243; _module_preset=&#8220;default&#8220; global_colors_info=&#8220;{}&#8220;][\/et_pb_heading][et_pb_text _builder_version=&#8220;4.27.4&#8243; _module_preset=&#8220;default&#8220; custom_margin=&#8220;||-40px||false|false&#8220; custom_margin_tablet=&#8220;||-40px||false|false&#8220; custom_margin_phone=&#8220;||-40px||false|false&#8220; custom_margin_last_edited=&#8220;on|desktop&#8220; custom_padding=&#8220;|||30px||&#8220; global_colors_info=&#8220;{}&#8220;]<\/p>\n<ul>\n<li>Studie und Verwaltung von Lizenzen<\/li>\n<li>Bewertungen, Messungen und Abtrennungen<\/li>\n<li>Geb\u00e4udeentwicklungsberichte IEE &#8211; Inspecci\u00f3n t\u00e9cnica de Edificios ITE &#8211; Technische Geb\u00e4udeinspektion ITE<\/li>\n<li>Technische Stadtplanungsberatung<\/li>\n<li>Legalisierungen (Grundst\u00fccke, Wohnungen, etc.)<\/li>\n<li>Realisierung von exklusiven Projekten (Renovierung, Sanierung usw.)<\/li>\n<li>Integraler Projektentwurf (Innenarchitektur und 3D)<\/li>\n<li>Vollst\u00e4ndige Standortverwaltung<\/li>\n<li>Qualit\u00e4tskontrolle<\/li>\n<li>Studie \u00fcber die Kosten f\u00fcr die Ausf\u00fchrung von Arbeiten und Investitionen f\u00fcr Developments (Wohnungen, Geb\u00e4ude, Villen usw.).<\/li>\n<li>Projekte zur energetischen Sanierung<\/li>\n<li>Aktivit\u00e4t Projekte<\/li>\n<li>Koordination von Gesundheit und Sicherheit<\/li>\n<li>Nachhaltige Architektur<\/li>\n<\/ul>\n<p>[\/et_pb_text][\/et_pb_column][\/et_pb_row][et_pb_row _builder_version=&#8220;4.27.4&#8243; _module_preset=&#8220;default&#8220; max_width=&#8220;1500px&#8220; global_colors_info=&#8220;{}&#8220;][et_pb_column type=&#8220;4_4&#8243; _builder_version=&#8220;4.27.4&#8243; _module_preset=&#8220;default&#8220; global_colors_info=&#8220;{}&#8220;][dnxte_coverflowslider_parent dnxte_coverflow_loop=&#8220;on&#8220; dnxte_coverflow_centered_slides=&#8220;on&#8220; dnxte_coverflow_speed=&#8220;300&#8243; dnxte_coverflow_arrows=&#8220;on&#8220; dnxte_coverflow_breakpoint_desktop=&#8220;2&#8243; dnxte_coverflow_arrow_color=&#8220;#52B3DE&#8220; dnxte_coverflow_dots_active_color=&#8220;#52B3DE&#8220; _builder_version=&#8220;4.27.4&#8243; _module_preset=&#8220;default&#8220; global_colors_info=&#8220;{}&#8220;][dnxte_coverflowslider_child coverflowslider_image=&#8220;https:\/\/www.marbesur.com\/wp-content\/uploads\/2025\/03\/arquitectura-1.jpg&#8220; _builder_version=&#8220;4.27.4&#8243; _module_preset=&#8220;default&#8220; global_colors_info=&#8220;{}&#8220;][\/dnxte_coverflowslider_child][dnxte_coverflowslider_child coverflowslider_image=&#8220;https:\/\/www.marbesur.com\/wp-content\/uploads\/2025\/03\/arquitectura-2.jpg&#8220; _builder_version=&#8220;4.27.4&#8243; _module_preset=&#8220;default&#8220; global_colors_info=&#8220;{}&#8220;][\/dnxte_coverflowslider_child][dnxte_coverflowslider_child coverflowslider_image=&#8220;https:\/\/www.marbesur.com\/wp-content\/uploads\/2025\/03\/arquitectura-3.jpg&#8220; _builder_version=&#8220;4.27.4&#8243; _module_preset=&#8220;default&#8220; global_colors_info=&#8220;{}&#8220;][\/dnxte_coverflowslider_child][dnxte_coverflowslider_child coverflowslider_image=&#8220;https:\/\/www.marbesur.com\/wp-content\/uploads\/2025\/03\/arquitectura-4.jpg&#8220; _builder_version=&#8220;4.27.4&#8243; _module_preset=&#8220;default&#8220; global_colors_info=&#8220;{}&#8220;][\/dnxte_coverflowslider_child][dnxte_coverflowslider_child coverflowslider_image=&#8220;https:\/\/www.marbesur.com\/wp-content\/uploads\/2025\/03\/arquitectura-5.jpg&#8220; _builder_version=&#8220;4.27.4&#8243; _module_preset=&#8220;default&#8220; global_colors_info=&#8220;{}&#8220;][\/dnxte_coverflowslider_child][dnxte_coverflowslider_child coverflowslider_image=&#8220;https:\/\/www.marbesur.com\/wp-content\/uploads\/2025\/03\/arquitectura-7.jpg&#8220; _builder_version=&#8220;4.27.4&#8243; _module_preset=&#8220;default&#8220; global_colors_info=&#8220;{}&#8220;][\/dnxte_coverflowslider_child][dnxte_coverflowslider_child coverflowslider_image=&#8220;https:\/\/www.marbesur.com\/wp-content\/uploads\/2025\/03\/arquitectura-6.jpg&#8220; _builder_version=&#8220;4.27.4&#8243; _module_preset=&#8220;default&#8220; global_colors_info=&#8220;{}&#8220;][\/dnxte_coverflowslider_child][\/dnxte_coverflowslider_parent][\/et_pb_column][\/et_pb_row][\/et_pb_section]<\/p>\n","protected":false},"excerpt":{"rendered":"<p><div class=\"et_pb_module dnxte_multi_heading dnxte_multi_heading_0\">\n\t\t\t\t\n\t\t\t\t\n\t\t\t\t\n\t\t\t\t\n\t\t\t\t\n\t\t\t\t\n\t\t\t\t<div class=\"et_pb_module_inner\">\n\t\t\t\t\t<div class=\"wrapper\"><h1 class='header-level '><span class=\"dnxt-text-one reveal-effect masker wow\"><span class=\"dnxt-gradient-text-color-1\">ARCHITEKTUR UND PROJEKTE<\/span><\/span><span class=\"dnxt-text-two \"><span class=\"dnxt-gradient-text-color-2\">Die Zukunft gestalten in M\u00e1laga und Granada<\/span><\/span><\/h1><\/div>\n\t\t\t\t<\/div>\n\t\t\t<\/div> Wir arbeiten mit einem breiten Portfolio von Architekten in der Region zusammen, um unseren Kunden die maximale Vielfalt von Entw\u00fcrfen anbieten zu k\u00f6nnen, je nachdem, welche Art von [&hellip;]<\/p>\n","protected":false},"author":1,"featured_media":0,"parent":0,"menu_order":0,"comment_status":"closed","ping_status":"closed","template":"","meta":{"_et_pb_use_builder":"on","_et_pb_old_content":"","_et_gb_content_width":"","footnotes":""},"class_list":["post-2223","page","type-page","status-publish","hentry"],"yoast_head":"<!-- This site is optimized with the Yoast SEO plugin v27.2 - https:\/\/yoast.com\/product\/yoast-seo-wordpress\/ -->\n<title>Marbesur Architektur und Projekte. Ein Reichtum an Erfahrung<\/title>\n<meta name=\"description\" content=\"Wir arbeiten mit einem breiten Portfolio von Architekten zusammen, um unseren Kunden die gr\u00f6\u00dftm\u00f6gliche Auswahl an Designs zu bieten Entdecken Sie sie\" \/>\n<meta name=\"robots\" content=\"index, follow, max-snippet:-1, max-image-preview:large, max-video-preview:-1\" \/>\n<link rel=\"canonical\" href=\"https:\/\/www.marbesur.com\/de\/architektur-und-projekte\/\" \/>\n<meta property=\"og:locale\" content=\"de_DE\" \/>\n<meta property=\"og:type\" content=\"article\" \/>\n<meta property=\"og:title\" content=\"Marbesur Architektur und Projekte. Ein Reichtum an Erfahrung\" \/>\n<meta property=\"og:description\" content=\"Wir arbeiten mit einem breiten Portfolio von Architekten zusammen, um unseren Kunden die gr\u00f6\u00dftm\u00f6gliche Auswahl an Designs zu bieten Entdecken Sie sie\" \/>\n<meta property=\"og:url\" content=\"https:\/\/www.marbesur.com\/de\/architektur-und-projekte\/\" \/>\n<meta property=\"og:site_name\" content=\"Marbesur - Empresa de Proyectos y Obras en Granada y M\u00e1laga.\" \/>\n<meta property=\"article:modified_time\" content=\"2026-03-30T15:48:50+00:00\" \/>\n<meta name=\"twitter:card\" content=\"summary_large_image\" \/>\n<meta name=\"twitter:label1\" content=\"Gesch\u00e4tzte Lesezeit\" \/>\n\t<meta name=\"twitter:data1\" content=\"5\u00a0Minuten\" \/>\n<script type=\"application\/ld+json\" class=\"yoast-schema-graph\">{\"@context\":\"https:\/\/schema.org\",\"@graph\":[{\"@type\":\"WebPage\",\"@id\":\"https:\/\/www.marbesur.com\/de\/architektur-und-projekte\/\",\"url\":\"https:\/\/www.marbesur.com\/de\/architektur-und-projekte\/\",\"name\":\"Marbesur Architektur und Projekte. Ein Reichtum an Erfahrung\",\"isPartOf\":{\"@id\":\"https:\/\/www.marbesur.com\/de\/#website\"},\"datePublished\":\"2025-03-24T12:59:11+00:00\",\"dateModified\":\"2026-03-30T15:48:50+00:00\",\"description\":\"Wir arbeiten mit einem breiten Portfolio von Architekten zusammen, um unseren Kunden die gr\u00f6\u00dftm\u00f6gliche Auswahl an Designs zu bieten Entdecken Sie sie\",\"breadcrumb\":{\"@id\":\"https:\/\/www.marbesur.com\/de\/architektur-und-projekte\/#breadcrumb\"},\"inLanguage\":\"de\",\"potentialAction\":[{\"@type\":\"ReadAction\",\"target\":[\"https:\/\/www.marbesur.com\/de\/architektur-und-projekte\/\"]}]},{\"@type\":\"BreadcrumbList\",\"@id\":\"https:\/\/www.marbesur.com\/de\/architektur-und-projekte\/#breadcrumb\",\"itemListElement\":[{\"@type\":\"ListItem\",\"position\":1,\"name\":\"Portada\",\"item\":\"https:\/\/www.marbesur.com\/de\/\"},{\"@type\":\"ListItem\",\"position\":2,\"name\":\"Architektur und Projekte\"}]},{\"@type\":\"WebSite\",\"@id\":\"https:\/\/www.marbesur.com\/de\/#website\",\"url\":\"https:\/\/www.marbesur.com\/de\/\",\"name\":\"Marbesur - Empresa de Proyectos y Obras en Granada y M\u00e1laga.\",\"description\":\"Empresa especializada en proyectos de obras en Granada y M\u00e1laga. Especialistas en la realizaci\u00f3n de reformas y rehabilitaciones integrales.\",\"potentialAction\":[{\"@type\":\"SearchAction\",\"target\":{\"@type\":\"EntryPoint\",\"urlTemplate\":\"https:\/\/www.marbesur.com\/de\/?s={search_term_string}\"},\"query-input\":{\"@type\":\"PropertyValueSpecification\",\"valueRequired\":true,\"valueName\":\"search_term_string\"}}],\"inLanguage\":\"de\"}]}<\/script>\n<!-- \/ Yoast SEO plugin. -->","yoast_head_json":{"title":"Marbesur Architektur und Projekte. Ein Reichtum an Erfahrung","description":"Wir arbeiten mit einem breiten Portfolio von Architekten zusammen, um unseren Kunden die gr\u00f6\u00dftm\u00f6gliche Auswahl an Designs zu bieten Entdecken Sie sie","robots":{"index":"index","follow":"follow","max-snippet":"max-snippet:-1","max-image-preview":"max-image-preview:large","max-video-preview":"max-video-preview:-1"},"canonical":"https:\/\/www.marbesur.com\/de\/architektur-und-projekte\/","og_locale":"de_DE","og_type":"article","og_title":"Marbesur Architektur und Projekte. Ein Reichtum an Erfahrung","og_description":"Wir arbeiten mit einem breiten Portfolio von Architekten zusammen, um unseren Kunden die gr\u00f6\u00dftm\u00f6gliche Auswahl an Designs zu bieten Entdecken Sie sie","og_url":"https:\/\/www.marbesur.com\/de\/architektur-und-projekte\/","og_site_name":"Marbesur - Empresa de Proyectos y Obras en Granada y M\u00e1laga.","article_modified_time":"2026-03-30T15:48:50+00:00","twitter_card":"summary_large_image","twitter_misc":{"Gesch\u00e4tzte Lesezeit":"5\u00a0Minuten"},"schema":{"@context":"https:\/\/schema.org","@graph":[{"@type":"WebPage","@id":"https:\/\/www.marbesur.com\/de\/architektur-und-projekte\/","url":"https:\/\/www.marbesur.com\/de\/architektur-und-projekte\/","name":"Marbesur Architektur und Projekte. Ein Reichtum an Erfahrung","isPartOf":{"@id":"https:\/\/www.marbesur.com\/de\/#website"},"datePublished":"2025-03-24T12:59:11+00:00","dateModified":"2026-03-30T15:48:50+00:00","description":"Wir arbeiten mit einem breiten Portfolio von Architekten zusammen, um unseren Kunden die gr\u00f6\u00dftm\u00f6gliche Auswahl an Designs zu bieten Entdecken Sie sie","breadcrumb":{"@id":"https:\/\/www.marbesur.com\/de\/architektur-und-projekte\/#breadcrumb"},"inLanguage":"de","potentialAction":[{"@type":"ReadAction","target":["https:\/\/www.marbesur.com\/de\/architektur-und-projekte\/"]}]},{"@type":"BreadcrumbList","@id":"https:\/\/www.marbesur.com\/de\/architektur-und-projekte\/#breadcrumb","itemListElement":[{"@type":"ListItem","position":1,"name":"Portada","item":"https:\/\/www.marbesur.com\/de\/"},{"@type":"ListItem","position":2,"name":"Architektur und Projekte"}]},{"@type":"WebSite","@id":"https:\/\/www.marbesur.com\/de\/#website","url":"https:\/\/www.marbesur.com\/de\/","name":"Marbesur - Empresa de Proyectos y Obras en Granada y M\u00e1laga.","description":"Empresa especializada en proyectos de obras en Granada y M\u00e1laga. Especialistas en la realizaci\u00f3n de reformas y rehabilitaciones integrales.","potentialAction":[{"@type":"SearchAction","target":{"@type":"EntryPoint","urlTemplate":"https:\/\/www.marbesur.com\/de\/?s={search_term_string}"},"query-input":{"@type":"PropertyValueSpecification","valueRequired":true,"valueName":"search_term_string"}}],"inLanguage":"de"}]}},"_links":{"self":[{"href":"https:\/\/www.marbesur.com\/de\/wp-json\/wp\/v2\/pages\/2223","targetHints":{"allow":["GET"]}}],"collection":[{"href":"https:\/\/www.marbesur.com\/de\/wp-json\/wp\/v2\/pages"}],"about":[{"href":"https:\/\/www.marbesur.com\/de\/wp-json\/wp\/v2\/types\/page"}],"author":[{"embeddable":true,"href":"https:\/\/www.marbesur.com\/de\/wp-json\/wp\/v2\/users\/1"}],"replies":[{"embeddable":true,"href":"https:\/\/www.marbesur.com\/de\/wp-json\/wp\/v2\/comments?post=2223"}],"version-history":[{"count":3,"href":"https:\/\/www.marbesur.com\/de\/wp-json\/wp\/v2\/pages\/2223\/revisions"}],"predecessor-version":[{"id":2298,"href":"https:\/\/www.marbesur.com\/de\/wp-json\/wp\/v2\/pages\/2223\/revisions\/2298"}],"wp:attachment":[{"href":"https:\/\/www.marbesur.com\/de\/wp-json\/wp\/v2\/media?parent=2223"}],"curies":[{"name":"wp","href":"https:\/\/api.w.org\/{rel}","templated":true}]}}