{"id":1995,"date":"2025-05-12T06:41:48","date_gmt":"2025-05-12T06:41:48","guid":{"rendered":"https:\/\/www.marbesur.com\/datenschutzbestimmungen\/"},"modified":"2026-03-20T08:24:06","modified_gmt":"2026-03-20T08:24:06","slug":"datenschutzbestimmungen","status":"publish","type":"page","link":"https:\/\/www.marbesur.com\/de\/datenschutzbestimmungen\/","title":{"rendered":"Datenschutzbestimmungen"},"content":{"rendered":"<p>[et_pb_section fb_built=&#8220;1&#8243; _builder_version=&#8220;4.27.4&#8243; _module_preset=&#8220;default&#8220; global_colors_info=&#8220;{}&#8220;][et_pb_row _builder_version=&#8220;4.27.4&#8243; _module_preset=&#8220;default&#8220; max_width=&#8220;1500px&#8220; global_colors_info=&#8220;{}&#8220;][et_pb_column type=&#8220;4_4&#8243; _builder_version=&#8220;4.27.4&#8243; _module_preset=&#8220;default&#8220; global_colors_info=&#8220;{}&#8220;][dnxte_multi_heading text_one=&#8220;pol\u00edtica de privacidad&#8220; text_two=&#8220;www.marbesur.com&#8220; display_type_select=&#8220;on&#8220; text_one_reveal_effect=&#8220;on&#8220; text_one_reveal_color_before=&#8220;#52B3DE&#8220; _builder_version=&#8220;4.27.4&#8243; _module_preset=&#8220;default&#8220; text_one_font=&#8220;|||on|||||&#8220; text_one_font_size=&#8220;36px&#8220; text_one_line_height=&#8220;1.1em&#8220; text_two_font=&#8220;|300|||||||&#8220; text_two_font_size=&#8220;22px&#8220; text_two_line_height=&#8220;1.2em&#8220; custom_margin=&#8220;||0px||false|false&#8220; custom_padding=&#8220;||0px||false|false&#8220; global_colors_info=&#8220;{}&#8220;][\/dnxte_multi_heading][et_pb_text _builder_version=&#8220;4.27.4&#8243; _module_preset=&#8220;default&#8220; custom_margin=&#8220;0px||0px||false|false&#8220; custom_padding=&#8220;0px||0px||false|false&#8220; hover_enabled=&#8220;0&#8243; global_colors_info=&#8220;{}&#8220; sticky_enabled=&#8220;0&#8243;]<\/p>\n<h3 data-start=\"257\" data-end=\"291\" class=\"\">1. der f\u00fcr die Datenverarbeitung Verantwortliche<\/h3>\n<p data-start=\"293\" data-end=\"377\" class=\"\">Der Inhaber der \u00fcber diese Website erhobenen Daten ist:<\/p>\n<p data-start=\"379\" data-end=\"609\" class=\"\"><strong data-start=\"379\" data-end=\"415\">Obras y Proyectos Marbesur, S.L.<\/strong><br data-start=\"415\" data-end=\"418\">CIF: B93099182<br data-start=\"432\" data-end=\"435\">Adresse: Avd. Mijas n\u00ba2, Edif. J. Serrano, Portal 1, Planta 1\u00aa, Oficina 3B-3C, 29649 Mijas Costa &#8211; M\u00e1laga<br data-start=\"542\" data-end=\"545\">E-Mail: <a data-start=\"565\" data-end=\"582\" class=\"cursor-pointer\" rel=\"noopener\">info@marbesur.com<\/a><br data-start=\"582\" data-end=\"585\">Telefon: 952 46 32 54  <\/p>\n<h3 data-start=\"611\" data-end=\"656\" class=\"\">2. der Zweck der Datenverarbeitung<\/h3>\n<p data-start=\"658\" data-end=\"806\" class=\"\">\u00dcber das <strong data-start=\"671\" data-end=\"697\">Kontaktformular<\/strong> auf der Website erheben wir die folgenden pers\u00f6nlichen Daten: <strong data-start=\"755\" data-end=\"805\">Name, Telefonnummer, E-Mail-Adresse und Nachricht.<\/strong><\/p>\n<p>Die Zwecke der Verarbeitung sind:<\/p>\n<ul>\n<li>Beantworten Sie die \u00fcber das Formular eingegangenen Anfragen und Antr\u00e4ge.<\/li>\n<li>Um informative oder kommerzielle Mitteilungen \u00fcber unsere T\u00e4tigkeit zu versenden (nur wenn der Benutzer das entsprechende Abonnement-K\u00e4stchen ankreuzt).<\/li>\n<\/ul>\n<h3 data-start=\"920\" data-end=\"952\" class=\"\">3. Aufbewahrung von Daten<\/h3>\n<p data-start=\"954\" data-end=\"1093\" class=\"\">Die zur Verf\u00fcgung gestellten pers\u00f6nlichen Daten werden <strong data-start=\"1005\" data-end=\"1042\">maximal ein Jahr lang<\/strong> aufbewahrt, es sei denn, der Nutzer beantragt ihre fr\u00fchere L\u00f6schung.<\/p>\n<h3 data-start=\"1095\" data-end=\"1134\" class=\"\">4. Legitimation f\u00fcr die Verarbeitung<\/h3>\n<p data-start=\"1178\" data-end=\"1215\" class=\"\">Die Rechtsgrundlage f\u00fcr die Verarbeitung ist:<\/p>\n<ul data-start=\"1217\" data-end=\"1558\">\n<li data-start=\"1217\" data-end=\"1359\" class=\"\">\n<p data-start=\"1219\" data-end=\"1359\" class=\"\"><strong data-start=\"1219\" data-end=\"1252\">Die Zustimmung des Benutzers<\/strong>, die durch Ankreuzen des entsprechenden K\u00e4stchens und freiwillige \u00dcbermittlung seiner Daten \u00fcber das Formular erteilt wird.<\/p>\n<\/li>\n<li data-start=\"1360\" data-end=\"1558\" class=\"\">\n<p data-start=\"1362\" data-end=\"1558\" class=\"\">Im Falle der Zusendung von Informations- oder kommerziellen Mitteilungen beruht die Verarbeitung auf der <strong data-start=\"1455\" data-end=\"1486\">ausdr\u00fccklichen Zustimmung<\/strong>, die durch das freiwillige Ankreuzen des Abonnementk\u00e4stchens erteilt wird.<\/p>\n<\/li>\n<\/ul>\n<blockquote data-start=\"1560\" data-end=\"1729\">\n<p data-start=\"1562\" data-end=\"1729\" class=\"\">Der Nutzer kann <strong data-start=\"1579\" data-end=\"1629\">seine Einwilligung jederzeit widerrufen<\/strong>, ohne dass die Rechtm\u00e4\u00dfigkeit der Verarbeitung, die auf der Einwilligung vor deren Widerruf beruht, ber\u00fchrt wird.<\/p>\n<\/blockquote>\n<h3 data-start=\"1328\" data-end=\"1361\" class=\"\">5. Empf\u00e4nger der Daten<\/h3>\n<p data-start=\"1363\" data-end=\"1715\" class=\"\">Es werden keine Daten an Dritte weitergegeben, es sei denn, dies ist gesetzlich vorgeschrieben.<br data-start=\"1418\" data-end=\"1421\">Wir informieren Sie jedoch dar\u00fcber, dass wir Dienstleistungen Dritter f\u00fcr das Hosting der Website<strong data-start=\"1520\" data-end=\"1544\">(Hosting-Dienste<\/strong>) und Analysetools wie <strong data-start=\"1578\" data-end=\"1598\">Google Analytics<\/strong> in Anspruch nehmen, die internationale Daten\u00fcbertragungen beinhalten k\u00f6nnen, vorbehaltlich angemessener Sicherheitsvorkehrungen in \u00dcbereinstimmung mit der GDPR.<\/p>\n<h3 data-start=\"1717\" data-end=\"1744\" class=\"\">6. Benutzerrechte<\/h3>\n<p data-start=\"1746\" data-end=\"1827\" class=\"\">Sie k\u00f6nnen die folgenden Rechte in Bezug auf Ihre pers\u00f6nlichen Daten aus\u00fcben:<\/p>\n<ul data-start=\"1829\" data-end=\"2118\">\n<li data-start=\"1829\" data-end=\"1872\" class=\"\">\n<p data-start=\"1831\" data-end=\"1872\" class=\"\">Recht auf Zugang zu Ihren pers\u00f6nlichen Daten.<\/p>\n<\/li>\n<li data-start=\"1873\" data-end=\"1937\" class=\"\">\n<p data-start=\"1875\" data-end=\"1937\" class=\"\">Recht auf Berichtigung unrichtiger oder unvollst\u00e4ndiger Daten.<\/p>\n<\/li>\n<li data-start=\"1938\" data-end=\"1981\" class=\"\">\n<p data-start=\"1940\" data-end=\"1981\" class=\"\">Recht auf L\u00f6schung (Recht auf Vergessenwerden).<\/p>\n<\/li>\n<li data-start=\"1982\" data-end=\"2033\" class=\"\">\n<p data-start=\"1984\" data-end=\"2033\" class=\"\">Recht auf Widerspruch gegen die Verarbeitung Ihrer Daten.<\/p>\n<\/li>\n<li data-start=\"2034\" data-end=\"2076\" class=\"\">\n<p data-start=\"2036\" data-end=\"2076\" class=\"\">Recht auf Einschr\u00e4nkung der Verarbeitung.<\/p>\n<\/li>\n<li data-start=\"2077\" data-end=\"2118\" class=\"\">\n<p data-start=\"2079\" data-end=\"2118\" class=\"\">Recht auf Daten\u00fcbertragbarkeit.<\/p>\n<\/li>\n<\/ul>\n<p data-start=\"2120\" data-end=\"2267\" class=\"\">Um diese Rechte auszu\u00fcben, k\u00f6nnen Sie einen ausdr\u00fccklichen Antrag zusammen mit einer Kopie Ihres Personalausweises oder eines gleichwertigen Dokuments an folgende Adresse senden:<br data-start=\"2240\" data-end=\"2243\">\ud83d\udce7 <strong data-start=\"2246\" data-end=\"2267\"><a data-start=\"2248\" data-end=\"2265\" class=\"cursor-pointer\" rel=\"noopener\">info@marbesur.com<\/a><\/strong><\/p>\n<p data-start=\"2269\" data-end=\"2451\" class=\"\">Wenn Sie der Meinung sind, dass Ihre pers\u00f6nlichen Daten nicht in \u00dcbereinstimmung mit den Vorschriften verarbeitet wurden, k\u00f6nnen Sie ebenfalls eine Beschwerde bei der <strong data-start=\"2400\" data-end=\"2450\">spanischen Datenschutzbeh\u00f6rde (AEPD<\/strong>) einreichen <strong data-start=\"2400\" data-end=\"2450\">.<\/strong><\/p>\n<h3 data-start=\"2453\" data-end=\"2482\" class=\"\">7. Datensicherheit<\/h3>\n<p data-start=\"2484\" data-end=\"2732\" class=\"\">Obras y Proyectos Marbesur, S.L. verpflichtet sich, seine Geheimhaltungspflicht in Bezug auf personenbezogene Daten und seine Pflicht, diese zu sch\u00fctzen, zu erf\u00fcllen und die notwendigen technischen und organisatorischen Ma\u00dfnahmen zu ergreifen, um ihre Sicherheit zu gew\u00e4hrleisten.<\/p>\n<p>[\/et_pb_text][\/et_pb_column][\/et_pb_row][\/et_pb_section]<\/p>\n","protected":false},"excerpt":{"rendered":"<p><div class=\"et_pb_module dnxte_multi_heading dnxte_multi_heading_0\">\n\t\t\t\t\n\t\t\t\t\n\t\t\t\t\n\t\t\t\t\n\t\t\t\t\n\t\t\t\t\n\t\t\t\t<div class=\"et_pb_module_inner\">\n\t\t\t\t\t<div class=\"wrapper\"><h1 class='header-level '><span class=\"dnxt-text-one reveal-effect masker wow\"><span class=\"dnxt-gradient-text-color-1\">pol\u00edtica de privacidad<\/span><\/span><span class=\"dnxt-text-two \"><span class=\"dnxt-gradient-text-color-2\">www.marbesur.com<\/span><\/span><\/h1><\/div>\n\t\t\t\t<\/div>\n\t\t\t<\/div>1. der f\u00fcr die Datenverarbeitung Verantwortliche Der Inhaber der \u00fcber diese Website erhobenen Daten ist: Obras y Proyectos Marbesur, S.L.CIF: B93099182Adresse: Avd. Mijas n\u00ba2, Edif. J. Serrano, Portal 1, Planta 1\u00aa, Oficina 3B-3C, 29649 Mijas Costa &#8211; [&hellip;]<\/p>\n","protected":false},"author":1,"featured_media":0,"parent":0,"menu_order":0,"comment_status":"closed","ping_status":"closed","template":"","meta":{"_et_pb_use_builder":"on","_et_pb_old_content":"","_et_gb_content_width":"","footnotes":""},"class_list":["post-1995","page","type-page","status-publish","hentry"],"yoast_head":"<!-- This site is optimized with the Yoast SEO plugin v27.2 - https:\/\/yoast.com\/product\/yoast-seo-wordpress\/ -->\n<title>Datenschutzbestimmungen - Marbesur - Empresa de Proyectos y Obras en Granada y M\u00e1laga.<\/title>\n<meta name=\"robots\" content=\"index, follow, max-snippet:-1, max-image-preview:large, max-video-preview:-1\" \/>\n<link rel=\"canonical\" href=\"https:\/\/www.marbesur.com\/de\/datenschutzbestimmungen\/\" \/>\n<meta property=\"og:locale\" content=\"de_DE\" \/>\n<meta property=\"og:type\" content=\"article\" \/>\n<meta property=\"og:title\" content=\"Datenschutzbestimmungen - Marbesur - Empresa de Proyectos y Obras en Granada y M\u00e1laga.\" \/>\n<meta property=\"og:description\" content=\"1. der f\u00fcr die Datenverarbeitung Verantwortliche Der Inhaber der \u00fcber diese Website erhobenen Daten ist: Obras y Proyectos Marbesur, S.L.CIF: B93099182Adresse: Avd. Mijas n\u00ba2, Edif. J. Serrano, Portal 1, Planta 1\u00aa, Oficina 3B-3C, 29649 Mijas Costa - [&hellip;]\" \/>\n<meta property=\"og:url\" content=\"https:\/\/www.marbesur.com\/de\/datenschutzbestimmungen\/\" \/>\n<meta property=\"og:site_name\" content=\"Marbesur - Empresa de Proyectos y Obras en Granada y M\u00e1laga.\" \/>\n<meta property=\"article:modified_time\" content=\"2026-03-20T08:24:06+00:00\" \/>\n<meta name=\"twitter:card\" content=\"summary_large_image\" \/>\n<meta name=\"twitter:label1\" content=\"Gesch\u00e4tzte Lesezeit\" \/>\n\t<meta name=\"twitter:data1\" content=\"3\u00a0Minuten\" \/>\n<script type=\"application\/ld+json\" class=\"yoast-schema-graph\">{\"@context\":\"https:\/\/schema.org\",\"@graph\":[{\"@type\":\"WebPage\",\"@id\":\"https:\/\/www.marbesur.com\/de\/datenschutzbestimmungen\/\",\"url\":\"https:\/\/www.marbesur.com\/de\/datenschutzbestimmungen\/\",\"name\":\"Datenschutzbestimmungen - Marbesur - Empresa de Proyectos y Obras en Granada y M\u00e1laga.\",\"isPartOf\":{\"@id\":\"https:\/\/www.marbesur.com\/de\/#website\"},\"datePublished\":\"2025-05-12T06:41:48+00:00\",\"dateModified\":\"2026-03-20T08:24:06+00:00\",\"breadcrumb\":{\"@id\":\"https:\/\/www.marbesur.com\/de\/datenschutzbestimmungen\/#breadcrumb\"},\"inLanguage\":\"de\",\"potentialAction\":[{\"@type\":\"ReadAction\",\"target\":[\"https:\/\/www.marbesur.com\/de\/datenschutzbestimmungen\/\"]}]},{\"@type\":\"BreadcrumbList\",\"@id\":\"https:\/\/www.marbesur.com\/de\/datenschutzbestimmungen\/#breadcrumb\",\"itemListElement\":[{\"@type\":\"ListItem\",\"position\":1,\"name\":\"Portada\",\"item\":\"https:\/\/www.marbesur.com\/de\/\"},{\"@type\":\"ListItem\",\"position\":2,\"name\":\"Datenschutzbestimmungen\"}]},{\"@type\":\"WebSite\",\"@id\":\"https:\/\/www.marbesur.com\/de\/#website\",\"url\":\"https:\/\/www.marbesur.com\/de\/\",\"name\":\"Marbesur - Empresa de Proyectos y Obras en Granada y M\u00e1laga.\",\"description\":\"Empresa especializada en proyectos de obras en Granada y M\u00e1laga. Especialistas en la realizaci\u00f3n de reformas y rehabilitaciones integrales.\",\"potentialAction\":[{\"@type\":\"SearchAction\",\"target\":{\"@type\":\"EntryPoint\",\"urlTemplate\":\"https:\/\/www.marbesur.com\/de\/?s={search_term_string}\"},\"query-input\":{\"@type\":\"PropertyValueSpecification\",\"valueRequired\":true,\"valueName\":\"search_term_string\"}}],\"inLanguage\":\"de\"}]}<\/script>\n<!-- \/ Yoast SEO plugin. -->","yoast_head_json":{"title":"Datenschutzbestimmungen - Marbesur - Empresa de Proyectos y Obras en Granada y M\u00e1laga.","robots":{"index":"index","follow":"follow","max-snippet":"max-snippet:-1","max-image-preview":"max-image-preview:large","max-video-preview":"max-video-preview:-1"},"canonical":"https:\/\/www.marbesur.com\/de\/datenschutzbestimmungen\/","og_locale":"de_DE","og_type":"article","og_title":"Datenschutzbestimmungen - Marbesur - Empresa de Proyectos y Obras en Granada y M\u00e1laga.","og_description":"1. der f\u00fcr die Datenverarbeitung Verantwortliche Der Inhaber der \u00fcber diese Website erhobenen Daten ist: Obras y Proyectos Marbesur, S.L.CIF: B93099182Adresse: Avd. Mijas n\u00ba2, Edif. J. Serrano, Portal 1, Planta 1\u00aa, Oficina 3B-3C, 29649 Mijas Costa - [&hellip;]","og_url":"https:\/\/www.marbesur.com\/de\/datenschutzbestimmungen\/","og_site_name":"Marbesur - Empresa de Proyectos y Obras en Granada y M\u00e1laga.","article_modified_time":"2026-03-20T08:24:06+00:00","twitter_card":"summary_large_image","twitter_misc":{"Gesch\u00e4tzte Lesezeit":"3\u00a0Minuten"},"schema":{"@context":"https:\/\/schema.org","@graph":[{"@type":"WebPage","@id":"https:\/\/www.marbesur.com\/de\/datenschutzbestimmungen\/","url":"https:\/\/www.marbesur.com\/de\/datenschutzbestimmungen\/","name":"Datenschutzbestimmungen - Marbesur - Empresa de Proyectos y Obras en Granada y M\u00e1laga.","isPartOf":{"@id":"https:\/\/www.marbesur.com\/de\/#website"},"datePublished":"2025-05-12T06:41:48+00:00","dateModified":"2026-03-20T08:24:06+00:00","breadcrumb":{"@id":"https:\/\/www.marbesur.com\/de\/datenschutzbestimmungen\/#breadcrumb"},"inLanguage":"de","potentialAction":[{"@type":"ReadAction","target":["https:\/\/www.marbesur.com\/de\/datenschutzbestimmungen\/"]}]},{"@type":"BreadcrumbList","@id":"https:\/\/www.marbesur.com\/de\/datenschutzbestimmungen\/#breadcrumb","itemListElement":[{"@type":"ListItem","position":1,"name":"Portada","item":"https:\/\/www.marbesur.com\/de\/"},{"@type":"ListItem","position":2,"name":"Datenschutzbestimmungen"}]},{"@type":"WebSite","@id":"https:\/\/www.marbesur.com\/de\/#website","url":"https:\/\/www.marbesur.com\/de\/","name":"Marbesur - Empresa de Proyectos y Obras en Granada y M\u00e1laga.","description":"Empresa especializada en proyectos de obras en Granada y M\u00e1laga. Especialistas en la realizaci\u00f3n de reformas y rehabilitaciones integrales.","potentialAction":[{"@type":"SearchAction","target":{"@type":"EntryPoint","urlTemplate":"https:\/\/www.marbesur.com\/de\/?s={search_term_string}"},"query-input":{"@type":"PropertyValueSpecification","valueRequired":true,"valueName":"search_term_string"}}],"inLanguage":"de"}]}},"_links":{"self":[{"href":"https:\/\/www.marbesur.com\/de\/wp-json\/wp\/v2\/pages\/1995","targetHints":{"allow":["GET"]}}],"collection":[{"href":"https:\/\/www.marbesur.com\/de\/wp-json\/wp\/v2\/pages"}],"about":[{"href":"https:\/\/www.marbesur.com\/de\/wp-json\/wp\/v2\/types\/page"}],"author":[{"embeddable":true,"href":"https:\/\/www.marbesur.com\/de\/wp-json\/wp\/v2\/users\/1"}],"replies":[{"embeddable":true,"href":"https:\/\/www.marbesur.com\/de\/wp-json\/wp\/v2\/comments?post=1995"}],"version-history":[{"count":10,"href":"https:\/\/www.marbesur.com\/de\/wp-json\/wp\/v2\/pages\/1995\/revisions"}],"predecessor-version":[{"id":2028,"href":"https:\/\/www.marbesur.com\/de\/wp-json\/wp\/v2\/pages\/1995\/revisions\/2028"}],"wp:attachment":[{"href":"https:\/\/www.marbesur.com\/de\/wp-json\/wp\/v2\/media?parent=1995"}],"curies":[{"name":"wp","href":"https:\/\/api.w.org\/{rel}","templated":true}]}}