{"id":1990,"date":"2025-04-15T10:21:39","date_gmt":"2025-04-15T10:21:39","guid":{"rendered":"https:\/\/www.marbesur.com\/bauherren-in-malaga\/"},"modified":"2026-03-31T06:52:01","modified_gmt":"2026-03-31T06:52:01","slug":"bauherren-in-malaga","status":"publish","type":"page","link":"https:\/\/www.marbesur.com\/de\/bauherren-in-malaga\/","title":{"rendered":"Bauherren in M\u00e1laga"},"content":{"rendered":"<p>[et_pb_section fb_built=&#8220;1&#8243; _builder_version=&#8220;4.27.4&#8243; _module_preset=&#8220;default&#8220; global_colors_info=&#8220;{}&#8220;][et_pb_row _builder_version=&#8220;4.27.4&#8243; _module_preset=&#8220;default&#8220; max_width=&#8220;1500px&#8220; global_colors_info=&#8220;{}&#8220;][et_pb_column type=&#8220;4_4&#8243; _builder_version=&#8220;4.27.4&#8243; _module_preset=&#8220;default&#8220; global_colors_info=&#8220;{}&#8220;][dnxte_multi_heading text_one=&#8220;Bauunternehmen in Malaga&#8220; text_two=&#8220;Wir sind eines der besten Bauunternehmen in Malaga | Marbesur&#8220; display_type_select=&#8220;on&#8220; text_one_reveal_effect=&#8220;on&#8220; text_one_reveal_color_before=&#8220;#52B3DE&#8220; _builder_version=&#8220;4.27.4&#8243; _module_preset=&#8220;default&#8220; text_one_font=&#8220;|||on|||||&#8220; text_one_font_size=&#8220;36px&#8220; text_one_line_height=&#8220;1.1em&#8220; text_two_font=&#8220;|300|||||||&#8220; text_two_font_size=&#8220;22px&#8220; text_two_line_height=&#8220;1.2em&#8220; custom_margin=&#8220;||0px||false|false&#8220; custom_padding=&#8220;||0px||false|false&#8220; hover_enabled=&#8220;0&#8243; global_colors_info=&#8220;{}&#8220; sticky_enabled=&#8220;0&#8243;][\/dnxte_multi_heading][et_pb_text _builder_version=&#8220;4.27.4&#8243; _module_preset=&#8220;default&#8220; custom_margin=&#8220;0px||0px||false|false&#8220; custom_padding=&#8220;0px||0px||false|false&#8220; global_colors_info=&#8220;{}&#8220;]<\/p>\n<p><strong>Obras y Proyectos Marbesur S.L<\/strong><span> <\/span>wurde in M\u00e1laga als junges Unternehmen mit einer sehr konsolidierten Erfahrung in der Sanierung, Reformen in M\u00e1laga<span> <\/span>oder Dekoration unter vielen anderen Dingen, in einer schwierigen Zeit in seinem Sektor geboren und konnte sich auch mit schlechten Zeiten, wuchs, wie sie<span> <\/span><strong>Entwicklung von Arbeiten f\u00fcr das Gebiet<\/strong><span> <\/span>und die St\u00e4rkung mit allen seinen Kunden, aufgrund der guten Arbeit mit jedem von ihnen entwickelt, ist heute als einer der<span> <\/span><strong>besten Bauherren in M\u00e1laga<\/strong> anerkannt.<\/p>\n<p><strong>MARBESUR<\/strong><span> <\/span>ist stets bestrebt, alle<span> <\/span><strong>Fristen und Ziele<\/strong><span> <\/span>der von unseren Kunden in Auftrag gegebenen Bauarbeiten einzuhalten. Wir bem\u00fchen uns stets um ihre Konformit\u00e4t und vor allem um ihre Zufriedenheit bei der Fertigstellung des Projekts.<\/p>\n<p>Unser<strong>Ziel<\/strong><span> <\/span><strong><span> <\/span> ist es, die<span> <\/span><strong>h\u00f6chste Effizienz<\/strong><span> <\/span>in der k\u00fcrzest m\u00f6glichen Zeit zu erreichen. Deshalb haben wir verschiedene Abteilungen, die auf unterschiedliche Bereiche spezialisiert sind, damit die besten Fachleute in jedem Sektor die Arbeit ausf\u00fchren k\u00f6nnen.<\/strong><\/p>\n<p>Unsere Diversifizierung ist eines der Dinge, die<span> <\/span><strong>uns vom Rest<span> <\/span><\/strong>der<span> <\/span><strong>Bauherren in M\u00e1laga<\/strong><span> <\/span><strong>unterscheidet<\/strong>und ist auch der Schl\u00fcssel zu unserem Erfolg, da sich jeder in unserem Team von Anfang bis Ende der Entwicklung eines jeden Projekts engagiert.<\/p>\n<p>[\/et_pb_text][\/et_pb_column][\/et_pb_row][\/et_pb_section]<\/p>\n","protected":false},"excerpt":{"rendered":"<p><div class=\"et_pb_module dnxte_multi_heading dnxte_multi_heading_0\">\n\t\t\t\t\n\t\t\t\t\n\t\t\t\t\n\t\t\t\t\n\t\t\t\t\n\t\t\t\t\n\t\t\t\t<div class=\"et_pb_module_inner\">\n\t\t\t\t\t<div class=\"wrapper\"><h1 class='header-level '><span class=\"dnxt-text-one reveal-effect masker wow\"><span class=\"dnxt-gradient-text-color-1\">Bauunternehmen in Malaga<\/span><\/span><span class=\"dnxt-text-two \"><span class=\"dnxt-gradient-text-color-2\">Wir sind eines der besten Bauunternehmen in Malaga | Marbesur<\/span><\/span><\/h1><\/div>\n\t\t\t\t<\/div>\n\t\t\t<\/div>Obras y Proyectos Marbesur S.L wurde in M\u00e1laga als junges Unternehmen mit einer sehr konsolidierten Erfahrung in der Sanierung, Reformen in M\u00e1laga oder Dekoration unter vielen [&hellip;]<\/p>\n","protected":false},"author":1,"featured_media":0,"parent":0,"menu_order":0,"comment_status":"closed","ping_status":"closed","template":"","meta":{"_et_pb_use_builder":"on","_et_pb_old_content":"","_et_gb_content_width":"","footnotes":""},"class_list":["post-1990","page","type-page","status-publish","hentry"],"yoast_head":"<!-- This site is optimized with the Yoast SEO plugin v27.2 - https:\/\/yoast.com\/product\/yoast-seo-wordpress\/ -->\n<title>Bauwesen in M\u00e1laga. Wir f\u00fchren alle Arten von Projekten durch<\/title>\n<meta name=\"description\" content=\"Wir verf\u00fcgen \u00fcber umfangreiche Erfahrung im Bausektor und verwenden stets qualitativ hochwertige Maschinen und Materialien.\" \/>\n<meta name=\"robots\" content=\"index, follow, max-snippet:-1, max-image-preview:large, max-video-preview:-1\" \/>\n<link rel=\"canonical\" href=\"https:\/\/www.marbesur.com\/de\/bauherren-in-malaga\/\" \/>\n<meta property=\"og:locale\" content=\"de_DE\" \/>\n<meta property=\"og:type\" content=\"article\" \/>\n<meta property=\"og:title\" content=\"Bauwesen in M\u00e1laga. Wir f\u00fchren alle Arten von Projekten durch\" \/>\n<meta property=\"og:description\" content=\"Wir verf\u00fcgen \u00fcber umfangreiche Erfahrung im Bausektor und verwenden stets qualitativ hochwertige Maschinen und Materialien.\" \/>\n<meta property=\"og:url\" content=\"https:\/\/www.marbesur.com\/de\/bauherren-in-malaga\/\" \/>\n<meta property=\"og:site_name\" content=\"Marbesur - Empresa de Proyectos y Obras en Granada y M\u00e1laga.\" \/>\n<meta property=\"article:modified_time\" content=\"2026-03-31T06:52:01+00:00\" \/>\n<meta name=\"twitter:card\" content=\"summary_large_image\" \/>\n<meta name=\"twitter:label1\" content=\"Gesch\u00e4tzte Lesezeit\" \/>\n\t<meta name=\"twitter:data1\" content=\"2\u00a0Minuten\" \/>\n<script type=\"application\/ld+json\" class=\"yoast-schema-graph\">{\"@context\":\"https:\/\/schema.org\",\"@graph\":[{\"@type\":\"WebPage\",\"@id\":\"https:\/\/www.marbesur.com\/de\/bauherren-in-malaga\/\",\"url\":\"https:\/\/www.marbesur.com\/de\/bauherren-in-malaga\/\",\"name\":\"Bauwesen in M\u00e1laga. Wir f\u00fchren alle Arten von Projekten durch\",\"isPartOf\":{\"@id\":\"https:\/\/www.marbesur.com\/de\/#website\"},\"datePublished\":\"2025-04-15T10:21:39+00:00\",\"dateModified\":\"2026-03-31T06:52:01+00:00\",\"description\":\"Wir verf\u00fcgen \u00fcber umfangreiche Erfahrung im Bausektor und verwenden stets qualitativ hochwertige Maschinen und Materialien.\",\"breadcrumb\":{\"@id\":\"https:\/\/www.marbesur.com\/de\/bauherren-in-malaga\/#breadcrumb\"},\"inLanguage\":\"de\",\"potentialAction\":[{\"@type\":\"ReadAction\",\"target\":[\"https:\/\/www.marbesur.com\/de\/bauherren-in-malaga\/\"]}]},{\"@type\":\"BreadcrumbList\",\"@id\":\"https:\/\/www.marbesur.com\/de\/bauherren-in-malaga\/#breadcrumb\",\"itemListElement\":[{\"@type\":\"ListItem\",\"position\":1,\"name\":\"Portada\",\"item\":\"https:\/\/www.marbesur.com\/de\/\"},{\"@type\":\"ListItem\",\"position\":2,\"name\":\"Bauherren in M\u00e1laga\"}]},{\"@type\":\"WebSite\",\"@id\":\"https:\/\/www.marbesur.com\/de\/#website\",\"url\":\"https:\/\/www.marbesur.com\/de\/\",\"name\":\"Marbesur - Empresa de Proyectos y Obras en Granada y M\u00e1laga.\",\"description\":\"Empresa especializada en proyectos de obras en Granada y M\u00e1laga. Especialistas en la realizaci\u00f3n de reformas y rehabilitaciones integrales.\",\"potentialAction\":[{\"@type\":\"SearchAction\",\"target\":{\"@type\":\"EntryPoint\",\"urlTemplate\":\"https:\/\/www.marbesur.com\/de\/?s={search_term_string}\"},\"query-input\":{\"@type\":\"PropertyValueSpecification\",\"valueRequired\":true,\"valueName\":\"search_term_string\"}}],\"inLanguage\":\"de\"}]}<\/script>\n<!-- \/ Yoast SEO plugin. -->","yoast_head_json":{"title":"Bauwesen in M\u00e1laga. Wir f\u00fchren alle Arten von Projekten durch","description":"Wir verf\u00fcgen \u00fcber umfangreiche Erfahrung im Bausektor und verwenden stets qualitativ hochwertige Maschinen und Materialien.","robots":{"index":"index","follow":"follow","max-snippet":"max-snippet:-1","max-image-preview":"max-image-preview:large","max-video-preview":"max-video-preview:-1"},"canonical":"https:\/\/www.marbesur.com\/de\/bauherren-in-malaga\/","og_locale":"de_DE","og_type":"article","og_title":"Bauwesen in M\u00e1laga. Wir f\u00fchren alle Arten von Projekten durch","og_description":"Wir verf\u00fcgen \u00fcber umfangreiche Erfahrung im Bausektor und verwenden stets qualitativ hochwertige Maschinen und Materialien.","og_url":"https:\/\/www.marbesur.com\/de\/bauherren-in-malaga\/","og_site_name":"Marbesur - Empresa de Proyectos y Obras en Granada y M\u00e1laga.","article_modified_time":"2026-03-31T06:52:01+00:00","twitter_card":"summary_large_image","twitter_misc":{"Gesch\u00e4tzte Lesezeit":"2\u00a0Minuten"},"schema":{"@context":"https:\/\/schema.org","@graph":[{"@type":"WebPage","@id":"https:\/\/www.marbesur.com\/de\/bauherren-in-malaga\/","url":"https:\/\/www.marbesur.com\/de\/bauherren-in-malaga\/","name":"Bauwesen in M\u00e1laga. Wir f\u00fchren alle Arten von Projekten durch","isPartOf":{"@id":"https:\/\/www.marbesur.com\/de\/#website"},"datePublished":"2025-04-15T10:21:39+00:00","dateModified":"2026-03-31T06:52:01+00:00","description":"Wir verf\u00fcgen \u00fcber umfangreiche Erfahrung im Bausektor und verwenden stets qualitativ hochwertige Maschinen und Materialien.","breadcrumb":{"@id":"https:\/\/www.marbesur.com\/de\/bauherren-in-malaga\/#breadcrumb"},"inLanguage":"de","potentialAction":[{"@type":"ReadAction","target":["https:\/\/www.marbesur.com\/de\/bauherren-in-malaga\/"]}]},{"@type":"BreadcrumbList","@id":"https:\/\/www.marbesur.com\/de\/bauherren-in-malaga\/#breadcrumb","itemListElement":[{"@type":"ListItem","position":1,"name":"Portada","item":"https:\/\/www.marbesur.com\/de\/"},{"@type":"ListItem","position":2,"name":"Bauherren in M\u00e1laga"}]},{"@type":"WebSite","@id":"https:\/\/www.marbesur.com\/de\/#website","url":"https:\/\/www.marbesur.com\/de\/","name":"Marbesur - Empresa de Proyectos y Obras en Granada y M\u00e1laga.","description":"Empresa especializada en proyectos de obras en Granada y M\u00e1laga. Especialistas en la realizaci\u00f3n de reformas y rehabilitaciones integrales.","potentialAction":[{"@type":"SearchAction","target":{"@type":"EntryPoint","urlTemplate":"https:\/\/www.marbesur.com\/de\/?s={search_term_string}"},"query-input":{"@type":"PropertyValueSpecification","valueRequired":true,"valueName":"search_term_string"}}],"inLanguage":"de"}]}},"_links":{"self":[{"href":"https:\/\/www.marbesur.com\/de\/wp-json\/wp\/v2\/pages\/1990","targetHints":{"allow":["GET"]}}],"collection":[{"href":"https:\/\/www.marbesur.com\/de\/wp-json\/wp\/v2\/pages"}],"about":[{"href":"https:\/\/www.marbesur.com\/de\/wp-json\/wp\/v2\/types\/page"}],"author":[{"embeddable":true,"href":"https:\/\/www.marbesur.com\/de\/wp-json\/wp\/v2\/users\/1"}],"replies":[{"embeddable":true,"href":"https:\/\/www.marbesur.com\/de\/wp-json\/wp\/v2\/comments?post=1990"}],"version-history":[{"count":3,"href":"https:\/\/www.marbesur.com\/de\/wp-json\/wp\/v2\/pages\/1990\/revisions"}],"predecessor-version":[{"id":2326,"href":"https:\/\/www.marbesur.com\/de\/wp-json\/wp\/v2\/pages\/1990\/revisions\/2326"}],"wp:attachment":[{"href":"https:\/\/www.marbesur.com\/de\/wp-json\/wp\/v2\/media?parent=1990"}],"curies":[{"name":"wp","href":"https:\/\/api.w.org\/{rel}","templated":true}]}}