{"id":1979,"date":"2025-04-15T10:17:17","date_gmt":"2025-04-15T10:17:17","guid":{"rendered":"https:\/\/www.marbesur.com\/bauunternehmen-in-granada\/"},"modified":"2026-03-31T06:47:33","modified_gmt":"2026-03-31T06:47:33","slug":"bauunternehmen-in-granada","status":"publish","type":"page","link":"https:\/\/www.marbesur.com\/de\/bauunternehmen-in-granada\/","title":{"rendered":"Bauunternehmen in Granada"},"content":{"rendered":"<p>[et_pb_section fb_built=&#8220;1&#8243; _builder_version=&#8220;4.27.4&#8243; _module_preset=&#8220;default&#8220; global_colors_info=&#8220;{}&#8220;][et_pb_row _builder_version=&#8220;4.27.4&#8243; _module_preset=&#8220;default&#8220; max_width=&#8220;1500px&#8220; global_colors_info=&#8220;{}&#8220;][et_pb_column type=&#8220;4_4&#8243; _builder_version=&#8220;4.27.4&#8243; _module_preset=&#8220;default&#8220; global_colors_info=&#8220;{}&#8220;][dnxte_multi_heading text_one=&#8220;Bauunternehmen in Granada&#8220; text_two=&#8220;Wir sind eines der besten Bauunternehmen in Granada | Marbesur&#8220; display_type_select=&#8220;on&#8220; text_one_reveal_effect=&#8220;on&#8220; text_one_reveal_color_before=&#8220;#52B3DE&#8220; _builder_version=&#8220;4.27.4&#8243; _module_preset=&#8220;default&#8220; text_one_font=&#8220;|||on|||||&#8220; text_one_font_size=&#8220;36px&#8220; text_one_line_height=&#8220;1.1em&#8220; text_two_font=&#8220;|300|||||||&#8220; text_two_font_size=&#8220;22px&#8220; text_two_line_height=&#8220;1.2em&#8220; custom_margin=&#8220;||0px||false|false&#8220; custom_padding=&#8220;||0px||false|false&#8220; hover_enabled=&#8220;0&#8243; global_colors_info=&#8220;{}&#8220; sticky_enabled=&#8220;0&#8243;][\/dnxte_multi_heading][et_pb_text _builder_version=&#8220;4.27.4&#8243; _module_preset=&#8220;default&#8220; custom_margin=&#8220;0px||0px||false|false&#8220; custom_padding=&#8220;0px||0px||false|false&#8220; global_colors_info=&#8220;{}&#8220;]<\/p>\n<p>Unser Unternehmen<span> <\/span><strong>Obras y Proyectos Marbesur S.L<\/strong><span> <\/span>er\u00f6ffnete<span> <\/span><strong>Delegation in Granada<\/strong><span> <\/span>im Jahr 2010 als eines der<span> <\/span><strong>wettbewerbsf\u00e4higsten Bauunternehmen auf dem Markt<\/strong>, so dass Jahr f\u00fcr Jahr in dieser Stadt hat sich entwickelt und f\u00fcr seine Effizienz in der Entwicklung ihrer Arbeit, als einer der<span> <\/span><strong>besten Bauherren in Granada<\/strong>, f\u00fcr sein Engagement f\u00fcr alle seine Kunden, Qualit\u00e4t in der Fertigstellung jedes seiner Werke und die Professionalit\u00e4t seiner hoch qualifizierten Arbeitnehmer anerkannt.<\/p>\n<p>Wenn es etwas gibt, das<span> <\/span><strong>MARBESUR S.L.<\/strong><span> <\/span>auszeichnet, dann ist es die Sicherheit, die es seinen Kunden \u00fcber die Erf\u00fcllung des Vertrages vermittelt. Die<span> <\/span><strong>Kundenzufriedenheit<\/strong><span> <\/span>ist die Achse der Gesch\u00e4ftskultur unseres Unternehmens.<\/p>\n<p>Um eine gr\u00f6\u00dfere Effizienz im Service und eine effektivere<span> <\/span><strong>agile und umfassende Reaktion<\/strong><span> <\/span>f\u00fcr seine Kunden,<span> <\/span><strong>Werke und Projekte<\/strong><span> <\/span><strong>MARBESUR S.L.<\/strong> ist gegangen <span> <\/span><strong>Diversifizierung<\/strong><span> <\/span>seine Aktivit\u00e4ten, die aus Abteilungen bestehen, in denen spezialisierte Arbeiten in Bereichen wie Neubau, Renovierung, integrale Reformen, Dekoration usw. integriert sind.<\/p>\n<p>Diversifizierung ist daher einer der Schl\u00fcssel, der in der aktuellen Situation des Sektors den Erfolg einer Gruppe von Menschen, die sich ihrer pers\u00f6nlichen und beruflichen Entwicklung verschrieben haben, unterscheiden kann, und unser Unternehmen hat sich dazu verpflichtet,<span> <\/span><strong>f\u00fchrend<\/strong><span> <\/span>der Unternehmen<span> <\/span><strong>Bauunternehmen in Granada<\/strong> zu werden<strong>.<\/strong><\/p>\n<p>[\/et_pb_text][\/et_pb_column][\/et_pb_row][\/et_pb_section]<\/p>\n","protected":false},"excerpt":{"rendered":"<p><div class=\"et_pb_module dnxte_multi_heading dnxte_multi_heading_0\">\n\t\t\t\t\n\t\t\t\t\n\t\t\t\t\n\t\t\t\t\n\t\t\t\t\n\t\t\t\t\n\t\t\t\t<div class=\"et_pb_module_inner\">\n\t\t\t\t\t<div class=\"wrapper\"><h1 class='header-level '><span class=\"dnxt-text-one reveal-effect masker wow\"><span class=\"dnxt-gradient-text-color-1\">Bauunternehmen in Granada<\/span><\/span><span class=\"dnxt-text-two \"><span class=\"dnxt-gradient-text-color-2\">Wir sind eines der besten Bauunternehmen in Granada | Marbesur<\/span><\/span><\/h1><\/div>\n\t\t\t\t<\/div>\n\t\t\t<\/div>Unser Unternehmen Obras y Proyectos Marbesur S.L er\u00f6ffnete Delegation in Granada im Jahr 2010 als eines der wettbewerbsf\u00e4higsten Bauunternehmen auf dem Markt, so dass Jahr f\u00fcr [&hellip;]<\/p>\n","protected":false},"author":1,"featured_media":0,"parent":0,"menu_order":0,"comment_status":"closed","ping_status":"closed","template":"","meta":{"_et_pb_use_builder":"on","_et_pb_old_content":"","_et_gb_content_width":"","footnotes":""},"class_list":["post-1979","page","type-page","status-publish","hentry"],"yoast_head":"<!-- This site is optimized with the Yoast SEO plugin v27.2 - https:\/\/yoast.com\/product\/yoast-seo-wordpress\/ -->\n<title>Bauwesen in Granada. Wir f\u00fchren alle Arten von Projekten durch<\/title>\n<meta name=\"description\" content=\"Wir verf\u00fcgen \u00fcber umfangreiche Erfahrung im Bausektor und verwenden stets qualitativ hochwertige Maschinen und Materialien.\" \/>\n<meta name=\"robots\" content=\"index, follow, max-snippet:-1, max-image-preview:large, max-video-preview:-1\" \/>\n<link rel=\"canonical\" href=\"https:\/\/www.marbesur.com\/de\/bauunternehmen-in-granada\/\" \/>\n<meta property=\"og:locale\" content=\"de_DE\" \/>\n<meta property=\"og:type\" content=\"article\" \/>\n<meta property=\"og:title\" content=\"Bauwesen in Granada. Wir f\u00fchren alle Arten von Projekten durch\" \/>\n<meta property=\"og:description\" content=\"Wir verf\u00fcgen \u00fcber umfangreiche Erfahrung im Bausektor und verwenden stets qualitativ hochwertige Maschinen und Materialien.\" \/>\n<meta property=\"og:url\" content=\"https:\/\/www.marbesur.com\/de\/bauunternehmen-in-granada\/\" \/>\n<meta property=\"og:site_name\" content=\"Marbesur - Empresa de Proyectos y Obras en Granada y M\u00e1laga.\" \/>\n<meta property=\"article:modified_time\" content=\"2026-03-31T06:47:33+00:00\" \/>\n<meta name=\"twitter:card\" content=\"summary_large_image\" \/>\n<meta name=\"twitter:label1\" content=\"Gesch\u00e4tzte Lesezeit\" \/>\n\t<meta name=\"twitter:data1\" content=\"2\u00a0Minuten\" \/>\n<script type=\"application\/ld+json\" class=\"yoast-schema-graph\">{\"@context\":\"https:\/\/schema.org\",\"@graph\":[{\"@type\":\"WebPage\",\"@id\":\"https:\/\/www.marbesur.com\/de\/bauunternehmen-in-granada\/\",\"url\":\"https:\/\/www.marbesur.com\/de\/bauunternehmen-in-granada\/\",\"name\":\"Bauwesen in Granada. Wir f\u00fchren alle Arten von Projekten durch\",\"isPartOf\":{\"@id\":\"https:\/\/www.marbesur.com\/de\/#website\"},\"datePublished\":\"2025-04-15T10:17:17+00:00\",\"dateModified\":\"2026-03-31T06:47:33+00:00\",\"description\":\"Wir verf\u00fcgen \u00fcber umfangreiche Erfahrung im Bausektor und verwenden stets qualitativ hochwertige Maschinen und Materialien.\",\"breadcrumb\":{\"@id\":\"https:\/\/www.marbesur.com\/de\/bauunternehmen-in-granada\/#breadcrumb\"},\"inLanguage\":\"de\",\"potentialAction\":[{\"@type\":\"ReadAction\",\"target\":[\"https:\/\/www.marbesur.com\/de\/bauunternehmen-in-granada\/\"]}]},{\"@type\":\"BreadcrumbList\",\"@id\":\"https:\/\/www.marbesur.com\/de\/bauunternehmen-in-granada\/#breadcrumb\",\"itemListElement\":[{\"@type\":\"ListItem\",\"position\":1,\"name\":\"Portada\",\"item\":\"https:\/\/www.marbesur.com\/de\/\"},{\"@type\":\"ListItem\",\"position\":2,\"name\":\"Bauunternehmen in Granada\"}]},{\"@type\":\"WebSite\",\"@id\":\"https:\/\/www.marbesur.com\/de\/#website\",\"url\":\"https:\/\/www.marbesur.com\/de\/\",\"name\":\"Marbesur - Empresa de Proyectos y Obras en Granada y M\u00e1laga.\",\"description\":\"Empresa especializada en proyectos de obras en Granada y M\u00e1laga. Especialistas en la realizaci\u00f3n de reformas y rehabilitaciones integrales.\",\"potentialAction\":[{\"@type\":\"SearchAction\",\"target\":{\"@type\":\"EntryPoint\",\"urlTemplate\":\"https:\/\/www.marbesur.com\/de\/?s={search_term_string}\"},\"query-input\":{\"@type\":\"PropertyValueSpecification\",\"valueRequired\":true,\"valueName\":\"search_term_string\"}}],\"inLanguage\":\"de\"}]}<\/script>\n<!-- \/ Yoast SEO plugin. -->","yoast_head_json":{"title":"Bauwesen in Granada. Wir f\u00fchren alle Arten von Projekten durch","description":"Wir verf\u00fcgen \u00fcber umfangreiche Erfahrung im Bausektor und verwenden stets qualitativ hochwertige Maschinen und Materialien.","robots":{"index":"index","follow":"follow","max-snippet":"max-snippet:-1","max-image-preview":"max-image-preview:large","max-video-preview":"max-video-preview:-1"},"canonical":"https:\/\/www.marbesur.com\/de\/bauunternehmen-in-granada\/","og_locale":"de_DE","og_type":"article","og_title":"Bauwesen in Granada. Wir f\u00fchren alle Arten von Projekten durch","og_description":"Wir verf\u00fcgen \u00fcber umfangreiche Erfahrung im Bausektor und verwenden stets qualitativ hochwertige Maschinen und Materialien.","og_url":"https:\/\/www.marbesur.com\/de\/bauunternehmen-in-granada\/","og_site_name":"Marbesur - Empresa de Proyectos y Obras en Granada y M\u00e1laga.","article_modified_time":"2026-03-31T06:47:33+00:00","twitter_card":"summary_large_image","twitter_misc":{"Gesch\u00e4tzte Lesezeit":"2\u00a0Minuten"},"schema":{"@context":"https:\/\/schema.org","@graph":[{"@type":"WebPage","@id":"https:\/\/www.marbesur.com\/de\/bauunternehmen-in-granada\/","url":"https:\/\/www.marbesur.com\/de\/bauunternehmen-in-granada\/","name":"Bauwesen in Granada. Wir f\u00fchren alle Arten von Projekten durch","isPartOf":{"@id":"https:\/\/www.marbesur.com\/de\/#website"},"datePublished":"2025-04-15T10:17:17+00:00","dateModified":"2026-03-31T06:47:33+00:00","description":"Wir verf\u00fcgen \u00fcber umfangreiche Erfahrung im Bausektor und verwenden stets qualitativ hochwertige Maschinen und Materialien.","breadcrumb":{"@id":"https:\/\/www.marbesur.com\/de\/bauunternehmen-in-granada\/#breadcrumb"},"inLanguage":"de","potentialAction":[{"@type":"ReadAction","target":["https:\/\/www.marbesur.com\/de\/bauunternehmen-in-granada\/"]}]},{"@type":"BreadcrumbList","@id":"https:\/\/www.marbesur.com\/de\/bauunternehmen-in-granada\/#breadcrumb","itemListElement":[{"@type":"ListItem","position":1,"name":"Portada","item":"https:\/\/www.marbesur.com\/de\/"},{"@type":"ListItem","position":2,"name":"Bauunternehmen in Granada"}]},{"@type":"WebSite","@id":"https:\/\/www.marbesur.com\/de\/#website","url":"https:\/\/www.marbesur.com\/de\/","name":"Marbesur - Empresa de Proyectos y Obras en Granada y M\u00e1laga.","description":"Empresa especializada en proyectos de obras en Granada y M\u00e1laga. Especialistas en la realizaci\u00f3n de reformas y rehabilitaciones integrales.","potentialAction":[{"@type":"SearchAction","target":{"@type":"EntryPoint","urlTemplate":"https:\/\/www.marbesur.com\/de\/?s={search_term_string}"},"query-input":{"@type":"PropertyValueSpecification","valueRequired":true,"valueName":"search_term_string"}}],"inLanguage":"de"}]}},"_links":{"self":[{"href":"https:\/\/www.marbesur.com\/de\/wp-json\/wp\/v2\/pages\/1979","targetHints":{"allow":["GET"]}}],"collection":[{"href":"https:\/\/www.marbesur.com\/de\/wp-json\/wp\/v2\/pages"}],"about":[{"href":"https:\/\/www.marbesur.com\/de\/wp-json\/wp\/v2\/types\/page"}],"author":[{"embeddable":true,"href":"https:\/\/www.marbesur.com\/de\/wp-json\/wp\/v2\/users\/1"}],"replies":[{"embeddable":true,"href":"https:\/\/www.marbesur.com\/de\/wp-json\/wp\/v2\/comments?post=1979"}],"version-history":[{"count":3,"href":"https:\/\/www.marbesur.com\/de\/wp-json\/wp\/v2\/pages\/1979\/revisions"}],"predecessor-version":[{"id":2321,"href":"https:\/\/www.marbesur.com\/de\/wp-json\/wp\/v2\/pages\/1979\/revisions\/2321"}],"wp:attachment":[{"href":"https:\/\/www.marbesur.com\/de\/wp-json\/wp\/v2\/media?parent=1979"}],"curies":[{"name":"wp","href":"https:\/\/api.w.org\/{rel}","templated":true}]}}