{"id":1973,"date":"2025-05-12T06:34:22","date_gmt":"2025-05-12T06:34:22","guid":{"rendered":"https:\/\/www.marbesur.com\/rechtlicher-hinweis\/"},"modified":"2026-03-20T08:23:29","modified_gmt":"2026-03-20T08:23:29","slug":"rechtlicher-hinweis","status":"publish","type":"page","link":"https:\/\/www.marbesur.com\/de\/rechtlicher-hinweis\/","title":{"rendered":"Rechtlicher Hinweis"},"content":{"rendered":"<p>[et_pb_section fb_built=&#8220;1&#8243; _builder_version=&#8220;4.27.4&#8243; _module_preset=&#8220;default&#8220; global_colors_info=&#8220;{}&#8220; theme_builder_area=&#8220;post_content&#8220;][et_pb_row _builder_version=&#8220;4.27.4&#8243; _module_preset=&#8220;default&#8220; max_width=&#8220;1500px&#8220; hover_enabled=&#8220;0&#8243; global_colors_info=&#8220;{}&#8220; theme_builder_area=&#8220;post_content&#8220; sticky_enabled=&#8220;0&#8243;][et_pb_column type=&#8220;4_4&#8243; _builder_version=&#8220;4.27.4&#8243; _module_preset=&#8220;default&#8220; global_colors_info=&#8220;{}&#8220; theme_builder_area=&#8220;post_content&#8220;][dnxte_multi_heading text_one=&#8220;aviso legal&#8220; text_two=&#8220;www.marbesur.com&#8220; display_type_select=&#8220;on&#8220; text_one_reveal_effect=&#8220;on&#8220; text_one_reveal_color_before=&#8220;#52B3DE&#8220; _builder_version=&#8220;4.27.4&#8243; _module_preset=&#8220;default&#8220; text_one_font=&#8220;|||on|||||&#8220; text_one_font_size=&#8220;36px&#8220; text_one_line_height=&#8220;1.1em&#8220; text_two_font=&#8220;|300|||||||&#8220; text_two_font_size=&#8220;22px&#8220; text_two_line_height=&#8220;1.2em&#8220; custom_margin=&#8220;||0px||false|false&#8220; custom_padding=&#8220;||0px||false|false&#8220; hover_enabled=&#8220;0&#8243; global_colors_info=&#8220;{}&#8220; theme_builder_area=&#8220;post_content&#8220; sticky_enabled=&#8220;0&#8243;][\/dnxte_multi_heading][et_pb_text _builder_version=&#8220;4.27.4&#8243; _module_preset=&#8220;default&#8220; custom_margin=&#8220;0px||0px||false|false&#8220; custom_padding=&#8220;0px||0px||false|false&#8220; hover_enabled=&#8220;0&#8243; global_colors_info=&#8220;{}&#8220; theme_builder_area=&#8220;post_content&#8220; sticky_enabled=&#8220;0&#8243;]<\/p>\n<p data-start=\"228\" data-end=\"472\" class=\"\">In Erf\u00fcllung der Informationspflicht gem\u00e4\u00df Artikel 10 des Gesetzes 34\/2002 vom 11. Juli \u00fcber die Dienste der Informationsgesellschaft und den elektronischen Handel teilen wir Ihnen mit, dass der Inhaber der Website <strong data-start=\"448\" data-end=\"468\"><a data-start=\"450\" data-end=\"466\" rel=\"noopener\" target=\"_new\" class=\"\" href=\"http:\/\/www.marbesur.com\/de\/\">www.marbesur.com<\/a><\/strong> ist:<\/p>\n<p data-start=\"474\" data-end=\"704\" class=\"\"><strong data-start=\"474\" data-end=\"510\">Obras y Proyectos Marbesur, S.L.<\/strong><br data-start=\"510\" data-end=\"513\">CIF: B93099182<br data-start=\"527\" data-end=\"530\">Adresse: Avd. Mijas n\u00ba2, Edif. J. Serrano, Portal 1, Planta 1\u00aa, Oficina 3B-3C, 29649 Mijas Costa &#8211; M\u00e1laga<br data-start=\"637\" data-end=\"640\">Telefon: 952 46 32 54<br data-start=\"662\" data-end=\"665\">E-Mail: <a data-start=\"685\" data-end=\"702\" class=\"cursor-pointer\" rel=\"noopener\">info@marbesur.com<\/a>  <\/p>\n<p data-start=\"706\" data-end=\"1006\" class=\"\">Das Unternehmen ist im Handelsregister als Gesellschaft mit beschr\u00e4nkter Haftung eingetragen. Ihre Hauptt\u00e4tigkeit ist das <strong data-start=\"810\" data-end=\"854\">Bau- und Immobiliengesch\u00e4ft<\/strong>, insbesondere der <strong data-start=\"873\" data-end=\"918\">Bau von privaten und zivilen Bauten<\/strong>. Die entsprechende CNAE 2009 ist <strong data-start=\"955\" data-end=\"1005\">4121 &#8211; Bau von Wohngeb\u00e4uden<\/strong>.  <\/p>\n<h3 data-start=\"1008\" data-end=\"1030\" class=\"\">Bedingungen f\u00fcr die Nutzung<\/h3>\n<p data-start=\"1032\" data-end=\"1434\" class=\"\">Der Zugang und die Nutzung der Website setzt voraus, dass der Nutzer die vorliegenden Nutzungsbedingungen akzeptiert. Der Nutzer verpflichtet sich, die Website in \u00dcbereinstimmung mit dem Gesetz, Treu und Glauben, der \u00f6ffentlichen Ordnung und diesem rechtlichen Hinweis zu nutzen. Es ist verboten, die Website f\u00fcr illegale oder sch\u00e4dliche Zwecke oder f\u00fcr Zwecke, die Sch\u00e4den verursachen oder den normalen Betrieb der Website beeintr\u00e4chtigen k\u00f6nnen, zu nutzen.  <\/p>\n<h3 data-start=\"1436\" data-end=\"1474\" class=\"\">Geistiges und gewerbliches Eigentum<\/h3>\n<p data-start=\"1476\" data-end=\"1762\" class=\"\">Alle Inhalte der Website (Texte, Bilder, Designs, Software usw.) sind Eigentum von Obras y Proyectos Marbesur, S.L. oder gegebenenfalls von Dritten, die deren Verwendung genehmigt haben. Die Vervielf\u00e4ltigung, Verbreitung oder Umgestaltung ohne die ausdr\u00fcckliche Genehmigung des Eigent\u00fcmers ist verboten.<\/p>\n<h3 data-start=\"1764\" data-end=\"1798\" class=\"\">Schutz der pers\u00f6nlichen Daten<\/h3>\n<p data-start=\"1800\" data-end=\"2090\" class=\"\">Obras y Proyectos Marbesur, S.L. h\u00e4lt sich an die geltenden Rechtsvorschriften zum Schutz personenbezogener Daten gem\u00e4\u00df der Verordnung (EU) 2016\/679 (RGPD) und dem Organgesetz 3\/2018 (LOPDGDD). Weitere Informationen dar\u00fcber, wie wir Ihre Daten behandeln, finden Sie in unserer Datenschutzrichtlinie.<\/p>\n<h3 data-start=\"2092\" data-end=\"2111\" class=\"\">Verantwortung<\/h3>\n<p data-start=\"2113\" data-end=\"2352\" class=\"\">Der Eigent\u00fcmer \u00fcbernimmt keine Verantwortung f\u00fcr Sch\u00e4den oder Beeintr\u00e4chtigungen, die sich aus der Nutzung der Inhalte der Website ergeben, noch garantiert er die Abwesenheit von Viren oder sch\u00e4dlichen Elementen, die technische Probleme im Computersystem des Benutzers verursachen k\u00f6nnten.<\/p>\n<h3 data-start=\"2354\" data-end=\"2379\" class=\"\">Anwendbare Gesetzgebung<\/h3>\n<p data-start=\"2381\" data-end=\"2597\" class=\"\">Diese Bedingungen unterliegen dem spanischen Recht. F\u00fcr die Beilegung von Streitigkeiten, die sich aus dem Zugriff auf die Website ergeben k\u00f6nnten, unterwerfen sich die Parteien den Gerichten von M\u00e1laga.<\/p>\n<p>[\/et_pb_text][\/et_pb_column][\/et_pb_row][\/et_pb_section]<\/p>\n","protected":false},"excerpt":{"rendered":"<p><div class=\"et_pb_module dnxte_multi_heading dnxte_multi_heading_0\">\n\t\t\t\t\n\t\t\t\t\n\t\t\t\t\n\t\t\t\t\n\t\t\t\t\n\t\t\t\t\n\t\t\t\t<div class=\"et_pb_module_inner\">\n\t\t\t\t\t<div class=\"wrapper\"><h1 class='header-level '><span class=\"dnxt-text-one reveal-effect masker wow\"><span class=\"dnxt-gradient-text-color-1\">aviso legal<\/span><\/span><span class=\"dnxt-text-two \"><span class=\"dnxt-gradient-text-color-2\">www.marbesur.com<\/span><\/span><\/h1><\/div>\n\t\t\t\t<\/div>\n\t\t\t<\/div>In Erf\u00fcllung der Informationspflicht gem\u00e4\u00df Artikel 10 des Gesetzes 34\/2002 vom 11. Juli \u00fcber die Dienste der Informationsgesellschaft und den elektronischen Handel teilen wir Ihnen mit, dass der Inhaber der Website www.marbesur.com ist: Obras y [&hellip;]<\/p>\n","protected":false},"author":1,"featured_media":0,"parent":0,"menu_order":0,"comment_status":"closed","ping_status":"closed","template":"","meta":{"_et_pb_use_builder":"on","_et_pb_old_content":"","_et_gb_content_width":"","footnotes":""},"class_list":["post-1973","page","type-page","status-publish","hentry"],"yoast_head":"<!-- This site is optimized with the Yoast SEO plugin v27.2 - https:\/\/yoast.com\/product\/yoast-seo-wordpress\/ -->\n<title>Rechtlicher Hinweis - Marbesur - Empresa de Proyectos y Obras en Granada y M\u00e1laga.<\/title>\n<meta name=\"robots\" content=\"index, follow, max-snippet:-1, max-image-preview:large, max-video-preview:-1\" \/>\n<link rel=\"canonical\" href=\"https:\/\/www.marbesur.com\/de\/rechtlicher-hinweis\/\" \/>\n<meta property=\"og:locale\" content=\"de_DE\" \/>\n<meta property=\"og:type\" content=\"article\" \/>\n<meta property=\"og:title\" content=\"Rechtlicher Hinweis - Marbesur - Empresa de Proyectos y Obras en Granada y M\u00e1laga.\" \/>\n<meta property=\"og:description\" content=\"In Erf\u00fcllung der Informationspflicht gem\u00e4\u00df Artikel 10 des Gesetzes 34\/2002 vom 11. Juli \u00fcber die Dienste der Informationsgesellschaft und den elektronischen Handel teilen wir Ihnen mit, dass der Inhaber der Website www.marbesur.com ist: Obras y [&hellip;]\" \/>\n<meta property=\"og:url\" content=\"https:\/\/www.marbesur.com\/de\/rechtlicher-hinweis\/\" \/>\n<meta property=\"og:site_name\" content=\"Marbesur - Empresa de Proyectos y Obras en Granada y M\u00e1laga.\" \/>\n<meta property=\"article:modified_time\" content=\"2026-03-20T08:23:29+00:00\" \/>\n<meta name=\"twitter:card\" content=\"summary_large_image\" \/>\n<meta name=\"twitter:label1\" content=\"Gesch\u00e4tzte Lesezeit\" \/>\n\t<meta name=\"twitter:data1\" content=\"3\u00a0Minuten\" \/>\n<script type=\"application\/ld+json\" class=\"yoast-schema-graph\">{\"@context\":\"https:\/\/schema.org\",\"@graph\":[{\"@type\":\"WebPage\",\"@id\":\"https:\/\/www.marbesur.com\/de\/rechtlicher-hinweis\/\",\"url\":\"https:\/\/www.marbesur.com\/de\/rechtlicher-hinweis\/\",\"name\":\"Rechtlicher Hinweis - Marbesur - Empresa de Proyectos y Obras en Granada y M\u00e1laga.\",\"isPartOf\":{\"@id\":\"https:\/\/www.marbesur.com\/de\/#website\"},\"datePublished\":\"2025-05-12T06:34:22+00:00\",\"dateModified\":\"2026-03-20T08:23:29+00:00\",\"breadcrumb\":{\"@id\":\"https:\/\/www.marbesur.com\/de\/rechtlicher-hinweis\/#breadcrumb\"},\"inLanguage\":\"de\",\"potentialAction\":[{\"@type\":\"ReadAction\",\"target\":[\"https:\/\/www.marbesur.com\/de\/rechtlicher-hinweis\/\"]}]},{\"@type\":\"BreadcrumbList\",\"@id\":\"https:\/\/www.marbesur.com\/de\/rechtlicher-hinweis\/#breadcrumb\",\"itemListElement\":[{\"@type\":\"ListItem\",\"position\":1,\"name\":\"Portada\",\"item\":\"https:\/\/www.marbesur.com\/de\/\"},{\"@type\":\"ListItem\",\"position\":2,\"name\":\"Rechtlicher Hinweis\"}]},{\"@type\":\"WebSite\",\"@id\":\"https:\/\/www.marbesur.com\/de\/#website\",\"url\":\"https:\/\/www.marbesur.com\/de\/\",\"name\":\"Marbesur - Empresa de Proyectos y Obras en Granada y M\u00e1laga.\",\"description\":\"Empresa especializada en proyectos de obras en Granada y M\u00e1laga. Especialistas en la realizaci\u00f3n de reformas y rehabilitaciones integrales.\",\"potentialAction\":[{\"@type\":\"SearchAction\",\"target\":{\"@type\":\"EntryPoint\",\"urlTemplate\":\"https:\/\/www.marbesur.com\/de\/?s={search_term_string}\"},\"query-input\":{\"@type\":\"PropertyValueSpecification\",\"valueRequired\":true,\"valueName\":\"search_term_string\"}}],\"inLanguage\":\"de\"}]}<\/script>\n<!-- \/ Yoast SEO plugin. -->","yoast_head_json":{"title":"Rechtlicher Hinweis - Marbesur - Empresa de Proyectos y Obras en Granada y M\u00e1laga.","robots":{"index":"index","follow":"follow","max-snippet":"max-snippet:-1","max-image-preview":"max-image-preview:large","max-video-preview":"max-video-preview:-1"},"canonical":"https:\/\/www.marbesur.com\/de\/rechtlicher-hinweis\/","og_locale":"de_DE","og_type":"article","og_title":"Rechtlicher Hinweis - Marbesur - Empresa de Proyectos y Obras en Granada y M\u00e1laga.","og_description":"In Erf\u00fcllung der Informationspflicht gem\u00e4\u00df Artikel 10 des Gesetzes 34\/2002 vom 11. Juli \u00fcber die Dienste der Informationsgesellschaft und den elektronischen Handel teilen wir Ihnen mit, dass der Inhaber der Website www.marbesur.com ist: Obras y [&hellip;]","og_url":"https:\/\/www.marbesur.com\/de\/rechtlicher-hinweis\/","og_site_name":"Marbesur - Empresa de Proyectos y Obras en Granada y M\u00e1laga.","article_modified_time":"2026-03-20T08:23:29+00:00","twitter_card":"summary_large_image","twitter_misc":{"Gesch\u00e4tzte Lesezeit":"3\u00a0Minuten"},"schema":{"@context":"https:\/\/schema.org","@graph":[{"@type":"WebPage","@id":"https:\/\/www.marbesur.com\/de\/rechtlicher-hinweis\/","url":"https:\/\/www.marbesur.com\/de\/rechtlicher-hinweis\/","name":"Rechtlicher Hinweis - Marbesur - Empresa de Proyectos y Obras en Granada y M\u00e1laga.","isPartOf":{"@id":"https:\/\/www.marbesur.com\/de\/#website"},"datePublished":"2025-05-12T06:34:22+00:00","dateModified":"2026-03-20T08:23:29+00:00","breadcrumb":{"@id":"https:\/\/www.marbesur.com\/de\/rechtlicher-hinweis\/#breadcrumb"},"inLanguage":"de","potentialAction":[{"@type":"ReadAction","target":["https:\/\/www.marbesur.com\/de\/rechtlicher-hinweis\/"]}]},{"@type":"BreadcrumbList","@id":"https:\/\/www.marbesur.com\/de\/rechtlicher-hinweis\/#breadcrumb","itemListElement":[{"@type":"ListItem","position":1,"name":"Portada","item":"https:\/\/www.marbesur.com\/de\/"},{"@type":"ListItem","position":2,"name":"Rechtlicher Hinweis"}]},{"@type":"WebSite","@id":"https:\/\/www.marbesur.com\/de\/#website","url":"https:\/\/www.marbesur.com\/de\/","name":"Marbesur - Empresa de Proyectos y Obras en Granada y M\u00e1laga.","description":"Empresa especializada en proyectos de obras en Granada y M\u00e1laga. Especialistas en la realizaci\u00f3n de reformas y rehabilitaciones integrales.","potentialAction":[{"@type":"SearchAction","target":{"@type":"EntryPoint","urlTemplate":"https:\/\/www.marbesur.com\/de\/?s={search_term_string}"},"query-input":{"@type":"PropertyValueSpecification","valueRequired":true,"valueName":"search_term_string"}}],"inLanguage":"de"}]}},"_links":{"self":[{"href":"https:\/\/www.marbesur.com\/de\/wp-json\/wp\/v2\/pages\/1973","targetHints":{"allow":["GET"]}}],"collection":[{"href":"https:\/\/www.marbesur.com\/de\/wp-json\/wp\/v2\/pages"}],"about":[{"href":"https:\/\/www.marbesur.com\/de\/wp-json\/wp\/v2\/types\/page"}],"author":[{"embeddable":true,"href":"https:\/\/www.marbesur.com\/de\/wp-json\/wp\/v2\/users\/1"}],"replies":[{"embeddable":true,"href":"https:\/\/www.marbesur.com\/de\/wp-json\/wp\/v2\/comments?post=1973"}],"version-history":[{"count":1,"href":"https:\/\/www.marbesur.com\/de\/wp-json\/wp\/v2\/pages\/1973\/revisions"}],"predecessor-version":[{"id":1976,"href":"https:\/\/www.marbesur.com\/de\/wp-json\/wp\/v2\/pages\/1973\/revisions\/1976"}],"wp:attachment":[{"href":"https:\/\/www.marbesur.com\/de\/wp-json\/wp\/v2\/media?parent=1973"}],"curies":[{"name":"wp","href":"https:\/\/api.w.org\/{rel}","templated":true}]}}