{"id":1965,"date":"2025-03-24T12:59:19","date_gmt":"2025-03-24T12:59:19","guid":{"rendered":"https:\/\/www.marbesur.com\/umgang-mit-asbest\/"},"modified":"2026-03-30T15:57:20","modified_gmt":"2026-03-30T15:57:20","slug":"umgang-mit-asbest","status":"publish","type":"page","link":"https:\/\/www.marbesur.com\/de\/umgang-mit-asbest\/","title":{"rendered":"Umgang mit Asbest"},"content":{"rendered":"<p>[et_pb_section fb_built=&#8220;1&#8243; _builder_version=&#8220;4.27.4&#8243; _module_preset=&#8220;default&#8220; global_colors_info=&#8220;{}&#8220;][et_pb_row column_structure=&#8220;1_2,1_2&#8243; _builder_version=&#8220;4.27.4&#8243; _module_preset=&#8220;default&#8220; max_width=&#8220;1500px&#8220; custom_padding=&#8220;||9px|||&#8220; global_colors_info=&#8220;{}&#8220;][et_pb_column type=&#8220;1_2&#8243; _builder_version=&#8220;4.27.4&#8243; _module_preset=&#8220;default&#8220; global_colors_info=&#8220;{}&#8220;][dnxte_multi_heading text_one=&#8220;Umgang mit Asbest&#8220; text_two=&#8220;Die Zukunft gestalten in M\u00e1laga und Granada&#8220; display_type_select=&#8220;on&#8220; text_one_reveal_effect=&#8220;on&#8220; text_one_reveal_color_before=&#8220;#52B3DE&#8220; _builder_version=&#8220;4.27.4&#8243; _module_preset=&#8220;default&#8220; text_one_font=&#8220;|||on|||||&#8220; text_one_font_size=&#8220;36px&#8220; text_one_line_height=&#8220;1.1em&#8220; text_two_font=&#8220;|300|||||||&#8220; text_two_font_size=&#8220;22px&#8220; text_two_line_height=&#8220;1.2em&#8220; custom_margin=&#8220;||0px||false|false&#8220; custom_padding=&#8220;||0px||false|false&#8220; hover_enabled=&#8220;0&#8243; global_colors_info=&#8220;{}&#8220; sticky_enabled=&#8220;0&#8243;][\/dnxte_multi_heading][et_pb_text _builder_version=&#8220;4.27.4&#8243; _module_preset=&#8220;default&#8220; custom_margin=&#8220;0px||0px||false|false&#8220; custom_padding=&#8220;0px||0px||false|false&#8220; global_colors_info=&#8220;{}&#8220;]Wir sind ein Unternehmen, das von der<span> <\/span><strong>JUNTA DE ANDALUCIA<\/strong><span> <\/span>f\u00fcr<span> <\/span><strong>Umgang mit und<span> <\/span><a title=\"Asbestentfernung Malaga und Granada\" href=\"https:\/\/www.marbesur.com\/de\/asbest-handler\/\">Entfernung von Asbest<\/a><\/strong><span> <\/span>mit der Nr. 18\/00050 im RERA (Register f\u00fcr Unternehmen mit Asbestrisiko).<\/p>\n<p>Wir \u00fcbernehmen die n\u00e4chsten Phasen des Projekts:<\/p>\n<p>&nbsp;<\/p>\n<ul>\n<li>Einreichung von Asbest-Arbeitspl\u00e4nen bei der zust\u00e4ndigen Arbeitsbeh\u00f6rde<\/li>\n<li>Probenahme f\u00fcr die Asbestfaserz\u00e4hlung in einem zugelassenen Labor.<\/li>\n<li>Asbestsanierungsarbeiten.<\/li>\n<li>Transport und Verwaltung der erzeugten Abf\u00e4lle.<\/li>\n<li>Endg\u00fcltige Abfallentsorgungszertifikate.<\/li>\n<\/ul>\n<p>[\/et_pb_text][\/et_pb_column][et_pb_column type=&#8220;1_2&#8243; _builder_version=&#8220;4.27.4&#8243; _module_preset=&#8220;default&#8220; global_colors_info=&#8220;{}&#8220;][et_pb_image src=&#8220;https:\/\/www.marbesur.com\/wp-content\/uploads\/2025\/03\/manipulacion.png&#8220; alt=&#8220;Manipulation&#8220; title_text=&#8220;Manipulation&#8220; force_fullwidth=&#8220;on&#8220; _builder_version=&#8220;4.27.4&#8243; _module_preset=&#8220;default&#8220; transform_translate=&#8220;4px|23px&#8220; custom_padding=&#8220;||0px|||&#8220; global_colors_info=&#8220;{}&#8220;][\/et_pb_image][\/et_pb_column][\/et_pb_row][et_pb_row _builder_version=&#8220;4.27.4&#8243; _module_preset=&#8220;default&#8220; custom_margin=&#8220;|auto||148px||&#8220; global_colors_info=&#8220;{}&#8220;][et_pb_column type=&#8220;4_4&#8243; _builder_version=&#8220;4.27.4&#8243; _module_preset=&#8220;default&#8220; global_colors_info=&#8220;{}&#8220;][et_pb_heading title=&#8220;Die h\u00e4ufigsten Asbestentfernungsarbeiten&#8220; _builder_version=&#8220;4.27.4&#8243; _module_preset=&#8220;default&#8220; custom_padding=&#8220;||0px|0px||&#8220; global_colors_info=&#8220;{}&#8220;][\/et_pb_heading][\/et_pb_column][\/et_pb_row][et_pb_row _builder_version=&#8220;4.27.4&#8243; _module_preset=&#8220;default&#8220; max_width=&#8220;1500px&#8220; custom_padding=&#8220;0px||0px||false|false&#8220; global_colors_info=&#8220;{}&#8220;][et_pb_column type=&#8220;4_4&#8243; _builder_version=&#8220;4.27.4&#8243; _module_preset=&#8220;default&#8220; global_colors_info=&#8220;{}&#8220;][et_pb_text _builder_version=&#8220;4.27.4&#8243; _module_preset=&#8220;default&#8220; custom_margin=&#8220;2px||0px||false|false&#8220; custom_padding=&#8220;0px||0px|22px|false|false&#8220; global_colors_info=&#8220;{}&#8220;]<\/p>\n<div class=\"wpb_text_column wpb_content_element \">\n<div class=\"wpb_wrapper\">\n<ul>\n<li>Abbrucharbeiten von D\u00e4chern (Faserzementplatten), Ziegeln, Decken, W\u00e4nden usw&#8230;<\/li>\n<li>Wassertanks, Rohre, Fallrohre, Ventile und andere Sanit\u00e4r- und Entw\u00e4sserungselemente.<\/li>\n<li>L\u00fcftungskan\u00e4le<\/li>\n<li>Heizungssysteme (Heizkessel, W\u00e4rmed\u00e4mmung, etc.)<\/li>\n<li>Elektrische Systeme.<\/li>\n<\/ul>\n<\/div>\n<\/div>\n<p>[\/et_pb_text][\/et_pb_column][\/et_pb_row][et_pb_row _builder_version=&#8220;4.27.4&#8243; _module_preset=&#8220;default&#8220; max_width=&#8220;1500px&#8220; global_colors_info=&#8220;{}&#8220;][et_pb_column type=&#8220;4_4&#8243; _builder_version=&#8220;4.27.4&#8243; _module_preset=&#8220;default&#8220; global_colors_info=&#8220;{}&#8220;][dnxte_coverflowslider_parent dnxte_coverflow_speed=&#8220;300&#8243; dnxte_coverflow_arrows=&#8220;on&#8220; dnxte_coverflow_arrow_color=&#8220;#52B3DE&#8220; _builder_version=&#8220;4.27.4&#8243; _module_preset=&#8220;default&#8220; custom_padding=&#8220;|||0px||&#8220; global_colors_info=&#8220;{}&#8220;][dnxte_coverflowslider_child coverflowslider_image=&#8220;https:\/\/www.marbesur.com\/wp-content\/uploads\/2025\/03\/manipulacion-amianto-1.png&#8220; _builder_version=&#8220;4.27.4&#8243; _module_preset=&#8220;default&#8220; global_colors_info=&#8220;{}&#8220;][\/dnxte_coverflowslider_child][dnxte_coverflowslider_child coverflowslider_image=&#8220;https:\/\/www.marbesur.com\/wp-content\/uploads\/2025\/03\/manipulacion-amianto-2.png&#8220; _builder_version=&#8220;4.27.4&#8243; _module_preset=&#8220;default&#8220; global_colors_info=&#8220;{}&#8220;][\/dnxte_coverflowslider_child][dnxte_coverflowslider_child coverflowslider_image=&#8220;https:\/\/www.marbesur.com\/wp-content\/uploads\/2025\/03\/manipulacion-amianto-4.png&#8220; _builder_version=&#8220;4.27.4&#8243; _module_preset=&#8220;default&#8220; global_colors_info=&#8220;{}&#8220;][\/dnxte_coverflowslider_child][dnxte_coverflowslider_child coverflowslider_image=&#8220;https:\/\/www.marbesur.com\/wp-content\/uploads\/2025\/03\/manipulacion-amianto-5.png&#8220; _builder_version=&#8220;4.27.4&#8243; _module_preset=&#8220;default&#8220; global_colors_info=&#8220;{}&#8220;][\/dnxte_coverflowslider_child][dnxte_coverflowslider_child coverflowslider_image=&#8220;https:\/\/www.marbesur.com\/wp-content\/uploads\/2025\/03\/manipulacion-amianto-6.png&#8220; _builder_version=&#8220;4.27.4&#8243; _module_preset=&#8220;default&#8220; global_colors_info=&#8220;{}&#8220;][\/dnxte_coverflowslider_child][dnxte_coverflowslider_child coverflowslider_image=&#8220;https:\/\/www.marbesur.com\/wp-content\/uploads\/2025\/03\/manipulacion-amianto-8.png&#8220; _builder_version=&#8220;4.27.4&#8243; _module_preset=&#8220;default&#8220; global_colors_info=&#8220;{}&#8220;][\/dnxte_coverflowslider_child][dnxte_coverflowslider_child coverflowslider_image=&#8220;https:\/\/www.marbesur.com\/wp-content\/uploads\/2025\/03\/manipulacion-amianto-9.png&#8220; _builder_version=&#8220;4.27.4&#8243; _module_preset=&#8220;default&#8220; global_colors_info=&#8220;{}&#8220;][\/dnxte_coverflowslider_child][dnxte_coverflowslider_child coverflowslider_image=&#8220;https:\/\/www.marbesur.com\/wp-content\/uploads\/2025\/03\/manipulacion-amianto-10.png&#8220; _builder_version=&#8220;4.27.4&#8243; _module_preset=&#8220;default&#8220; global_colors_info=&#8220;{}&#8220;][\/dnxte_coverflowslider_child][dnxte_coverflowslider_child coverflowslider_image=&#8220;https:\/\/www.marbesur.com\/wp-content\/uploads\/2025\/03\/manipulacion-amianto-11.png&#8220; _builder_version=&#8220;4.27.4&#8243; _module_preset=&#8220;default&#8220; global_colors_info=&#8220;{}&#8220;][\/dnxte_coverflowslider_child][\/dnxte_coverflowslider_parent][\/et_pb_column][\/et_pb_row][\/et_pb_section]<\/p>\n","protected":false},"excerpt":{"rendered":"<p><div class=\"et_pb_module dnxte_multi_heading dnxte_multi_heading_0\">\n\t\t\t\t\n\t\t\t\t\n\t\t\t\t\n\t\t\t\t\n\t\t\t\t\n\t\t\t\t\n\t\t\t\t<div class=\"et_pb_module_inner\">\n\t\t\t\t\t<div class=\"wrapper\"><h1 class='header-level '><span class=\"dnxt-text-one reveal-effect masker wow\"><span class=\"dnxt-gradient-text-color-1\">Umgang mit Asbest<\/span><\/span><span class=\"dnxt-text-two \"><span class=\"dnxt-gradient-text-color-2\">Die Zukunft gestalten in M\u00e1laga und Granada<\/span><\/span><\/h1><\/div>\n\t\t\t\t<\/div>\n\t\t\t<\/div>Wir sind ein Unternehmen, das von der JUNTA DE ANDALUCIA f\u00fcr Umgang mit und Entfernung von Asbest mit der Nr. 18\/00050 im RERA (Register f\u00fcr Unternehmen mit Asbestrisiko). Wir [&hellip;]<\/p>\n","protected":false},"author":1,"featured_media":0,"parent":0,"menu_order":0,"comment_status":"closed","ping_status":"closed","template":"","meta":{"_et_pb_use_builder":"on","_et_pb_old_content":"","_et_gb_content_width":"","footnotes":""},"class_list":["post-1965","page","type-page","status-publish","hentry"],"yoast_head":"<!-- This site is optimized with the Yoast SEO plugin v27.2 - https:\/\/yoast.com\/product\/yoast-seo-wordpress\/ -->\n<title>Spezialisten im Umgang mit Asbest. Marbesur.<\/title>\n<meta name=\"description\" content=\"Wir sind ein von der JUNTA DE ANDALUCIA f\u00fcr den Umgang mit Asbest zugelassenes Unternehmen mit der Nummer 18 00050 in der RERA.\" \/>\n<meta name=\"robots\" content=\"index, follow, max-snippet:-1, max-image-preview:large, max-video-preview:-1\" \/>\n<link rel=\"canonical\" href=\"https:\/\/www.marbesur.com\/de\/umgang-mit-asbest\/\" \/>\n<meta property=\"og:locale\" content=\"de_DE\" \/>\n<meta property=\"og:type\" content=\"article\" \/>\n<meta property=\"og:title\" content=\"Spezialisten im Umgang mit Asbest. Marbesur.\" \/>\n<meta property=\"og:description\" content=\"Wir sind ein von der JUNTA DE ANDALUCIA f\u00fcr den Umgang mit Asbest zugelassenes Unternehmen mit der Nummer 18 00050 in der RERA.\" \/>\n<meta property=\"og:url\" content=\"https:\/\/www.marbesur.com\/de\/umgang-mit-asbest\/\" \/>\n<meta property=\"og:site_name\" content=\"Marbesur - Empresa de Proyectos y Obras en Granada y M\u00e1laga.\" \/>\n<meta property=\"article:modified_time\" content=\"2026-03-30T15:57:20+00:00\" \/>\n<meta name=\"twitter:card\" content=\"summary_large_image\" \/>\n<meta name=\"twitter:label1\" content=\"Gesch\u00e4tzte Lesezeit\" \/>\n\t<meta name=\"twitter:data1\" content=\"4\u00a0Minuten\" \/>\n<script type=\"application\/ld+json\" class=\"yoast-schema-graph\">{\"@context\":\"https:\/\/schema.org\",\"@graph\":[{\"@type\":\"WebPage\",\"@id\":\"https:\/\/www.marbesur.com\/de\/umgang-mit-asbest\/\",\"url\":\"https:\/\/www.marbesur.com\/de\/umgang-mit-asbest\/\",\"name\":\"Spezialisten im Umgang mit Asbest. Marbesur.\",\"isPartOf\":{\"@id\":\"https:\/\/www.marbesur.com\/de\/#website\"},\"datePublished\":\"2025-03-24T12:59:19+00:00\",\"dateModified\":\"2026-03-30T15:57:20+00:00\",\"description\":\"Wir sind ein von der JUNTA DE ANDALUCIA f\u00fcr den Umgang mit Asbest zugelassenes Unternehmen mit der Nummer 18 00050 in der RERA.\",\"breadcrumb\":{\"@id\":\"https:\/\/www.marbesur.com\/de\/umgang-mit-asbest\/#breadcrumb\"},\"inLanguage\":\"de\",\"potentialAction\":[{\"@type\":\"ReadAction\",\"target\":[\"https:\/\/www.marbesur.com\/de\/umgang-mit-asbest\/\"]}]},{\"@type\":\"BreadcrumbList\",\"@id\":\"https:\/\/www.marbesur.com\/de\/umgang-mit-asbest\/#breadcrumb\",\"itemListElement\":[{\"@type\":\"ListItem\",\"position\":1,\"name\":\"Portada\",\"item\":\"https:\/\/www.marbesur.com\/de\/\"},{\"@type\":\"ListItem\",\"position\":2,\"name\":\"Umgang mit Asbest\"}]},{\"@type\":\"WebSite\",\"@id\":\"https:\/\/www.marbesur.com\/de\/#website\",\"url\":\"https:\/\/www.marbesur.com\/de\/\",\"name\":\"Marbesur - Empresa de Proyectos y Obras en Granada y M\u00e1laga.\",\"description\":\"Empresa especializada en proyectos de obras en Granada y M\u00e1laga. Especialistas en la realizaci\u00f3n de reformas y rehabilitaciones integrales.\",\"potentialAction\":[{\"@type\":\"SearchAction\",\"target\":{\"@type\":\"EntryPoint\",\"urlTemplate\":\"https:\/\/www.marbesur.com\/de\/?s={search_term_string}\"},\"query-input\":{\"@type\":\"PropertyValueSpecification\",\"valueRequired\":true,\"valueName\":\"search_term_string\"}}],\"inLanguage\":\"de\"}]}<\/script>\n<!-- \/ Yoast SEO plugin. -->","yoast_head_json":{"title":"Spezialisten im Umgang mit Asbest. Marbesur.","description":"Wir sind ein von der JUNTA DE ANDALUCIA f\u00fcr den Umgang mit Asbest zugelassenes Unternehmen mit der Nummer 18 00050 in der RERA.","robots":{"index":"index","follow":"follow","max-snippet":"max-snippet:-1","max-image-preview":"max-image-preview:large","max-video-preview":"max-video-preview:-1"},"canonical":"https:\/\/www.marbesur.com\/de\/umgang-mit-asbest\/","og_locale":"de_DE","og_type":"article","og_title":"Spezialisten im Umgang mit Asbest. Marbesur.","og_description":"Wir sind ein von der JUNTA DE ANDALUCIA f\u00fcr den Umgang mit Asbest zugelassenes Unternehmen mit der Nummer 18 00050 in der RERA.","og_url":"https:\/\/www.marbesur.com\/de\/umgang-mit-asbest\/","og_site_name":"Marbesur - Empresa de Proyectos y Obras en Granada y M\u00e1laga.","article_modified_time":"2026-03-30T15:57:20+00:00","twitter_card":"summary_large_image","twitter_misc":{"Gesch\u00e4tzte Lesezeit":"4\u00a0Minuten"},"schema":{"@context":"https:\/\/schema.org","@graph":[{"@type":"WebPage","@id":"https:\/\/www.marbesur.com\/de\/umgang-mit-asbest\/","url":"https:\/\/www.marbesur.com\/de\/umgang-mit-asbest\/","name":"Spezialisten im Umgang mit Asbest. Marbesur.","isPartOf":{"@id":"https:\/\/www.marbesur.com\/de\/#website"},"datePublished":"2025-03-24T12:59:19+00:00","dateModified":"2026-03-30T15:57:20+00:00","description":"Wir sind ein von der JUNTA DE ANDALUCIA f\u00fcr den Umgang mit Asbest zugelassenes Unternehmen mit der Nummer 18 00050 in der RERA.","breadcrumb":{"@id":"https:\/\/www.marbesur.com\/de\/umgang-mit-asbest\/#breadcrumb"},"inLanguage":"de","potentialAction":[{"@type":"ReadAction","target":["https:\/\/www.marbesur.com\/de\/umgang-mit-asbest\/"]}]},{"@type":"BreadcrumbList","@id":"https:\/\/www.marbesur.com\/de\/umgang-mit-asbest\/#breadcrumb","itemListElement":[{"@type":"ListItem","position":1,"name":"Portada","item":"https:\/\/www.marbesur.com\/de\/"},{"@type":"ListItem","position":2,"name":"Umgang mit Asbest"}]},{"@type":"WebSite","@id":"https:\/\/www.marbesur.com\/de\/#website","url":"https:\/\/www.marbesur.com\/de\/","name":"Marbesur - Empresa de Proyectos y Obras en Granada y M\u00e1laga.","description":"Empresa especializada en proyectos de obras en Granada y M\u00e1laga. Especialistas en la realizaci\u00f3n de reformas y rehabilitaciones integrales.","potentialAction":[{"@type":"SearchAction","target":{"@type":"EntryPoint","urlTemplate":"https:\/\/www.marbesur.com\/de\/?s={search_term_string}"},"query-input":{"@type":"PropertyValueSpecification","valueRequired":true,"valueName":"search_term_string"}}],"inLanguage":"de"}]}},"_links":{"self":[{"href":"https:\/\/www.marbesur.com\/de\/wp-json\/wp\/v2\/pages\/1965","targetHints":{"allow":["GET"]}}],"collection":[{"href":"https:\/\/www.marbesur.com\/de\/wp-json\/wp\/v2\/pages"}],"about":[{"href":"https:\/\/www.marbesur.com\/de\/wp-json\/wp\/v2\/types\/page"}],"author":[{"embeddable":true,"href":"https:\/\/www.marbesur.com\/de\/wp-json\/wp\/v2\/users\/1"}],"replies":[{"embeddable":true,"href":"https:\/\/www.marbesur.com\/de\/wp-json\/wp\/v2\/comments?post=1965"}],"version-history":[{"count":11,"href":"https:\/\/www.marbesur.com\/de\/wp-json\/wp\/v2\/pages\/1965\/revisions"}],"predecessor-version":[{"id":2304,"href":"https:\/\/www.marbesur.com\/de\/wp-json\/wp\/v2\/pages\/1965\/revisions\/2304"}],"wp:attachment":[{"href":"https:\/\/www.marbesur.com\/de\/wp-json\/wp\/v2\/media?parent=1965"}],"curies":[{"name":"wp","href":"https:\/\/api.w.org\/{rel}","templated":true}]}}