{"id":1931,"date":"2025-03-11T14:42:27","date_gmt":"2025-03-11T14:42:27","guid":{"rendered":"https:\/\/www.marbesur.com\/jobs\/"},"modified":"2026-03-31T06:29:17","modified_gmt":"2026-03-31T06:29:17","slug":"jobs","status":"publish","type":"page","link":"https:\/\/www.marbesur.com\/de\/jobs\/","title":{"rendered":"Jobs"},"content":{"rendered":"<p>[et_pb_section fb_built=&#8220;1&#8243; _builder_version=&#8220;4.27.4&#8243; _module_preset=&#8220;default&#8220; custom_padding=&#8220;||40px|||&#8220; global_colors_info=&#8220;{}&#8220;][et_pb_row _builder_version=&#8220;4.27.4&#8243; _module_preset=&#8220;default&#8220; max_width=&#8220;1500px&#8220; global_colors_info=&#8220;{}&#8220;][et_pb_column type=&#8220;4_4&#8243; _builder_version=&#8220;4.27.4&#8243; _module_preset=&#8220;default&#8220; global_colors_info=&#8220;{}&#8220;][dnxte_multi_heading text_one=&#8220;jobs&#8220; text_two=&#8220;Projekte, die etwas bewirken&#8220; display_type_select=&#8220;on&#8220; text_one_reveal_effect=&#8220;on&#8220; text_one_reveal_color_before=&#8220;#52B3DE&#8220; _builder_version=&#8220;4.27.4&#8243; _module_preset=&#8220;default&#8220; text_one_font=&#8220;|||on|||||&#8220; text_one_text_align=&#8220;center&#8220; text_one_font_size=&#8220;36px&#8220; text_one_line_height=&#8220;1.1em&#8220; text_two_font=&#8220;|300|||||||&#8220; text_two_text_align=&#8220;center&#8220; text_two_font_size=&#8220;22px&#8220; text_two_line_height=&#8220;1.2em&#8220; hover_enabled=&#8220;0&#8243; global_colors_info=&#8220;{}&#8220; sticky_enabled=&#8220;0&#8243;][\/dnxte_multi_heading][et_pb_filterable_portfolio fullwidth=&#8220;off&#8220; posts_number=&#8220;12&#8243; include_categories=&#8220;25,24,27,23,28,36,38,37&#8243; show_categories=&#8220;off&#8220; hover_overlay_color=&#8220;rgba(255,255,255,0.5)&#8220; _builder_version=&#8220;4.27.4&#8243; _module_preset=&#8220;default&#8220; filter_font=&#8220;&#8211;et_global_heading_font|||on|||||&#8220; filter_text_color=&#8220;#000000&#8243; filter_font_size=&#8220;17px&#8220; global_colors_info=&#8220;{}&#8220;][\/et_pb_filterable_portfolio][et_pb_text _builder_version=&#8220;4.27.4&#8243; _module_preset=&#8220;default&#8220; hover_enabled=&#8220;0&#8243; global_colors_info=&#8220;{}&#8220; sticky_enabled=&#8220;0&#8243;]<\/p>\n<p>Diese Ma\u00dfnahmen konzentrieren sich im Wesentlichen auf den<span> <\/span><strong>Wohnungsbau<\/strong>, mit der<span> <\/span><strong>Errichtung von Ein- und Mehrfamilienh\u00e4usern<\/strong>, sowie auf den<span> <\/span><strong>Zivil- und \u00f6ffentlichen Bau<\/strong>, mit der Realisierung hochkomplexer Projekte, unter denen<span> <\/span><strong>Gesundheitszentren, Bildungs- und Sporteinrichtungen<\/strong><span> <\/span>hervorzuheben sind. Zu jeder Zeit gelten<span> <\/span><strong>h\u00f6chste Qualit\u00e4tsstandards<\/strong>, Pr\u00e4zision und die Einhaltung der<span> <\/span><strong>Ausf\u00fchrungsfristen<\/strong> \u2013 Elemente, die zu den Identit\u00e4tsmerkmalen unseres Unternehmens geworden sind.<\/p>\n<p>Im Folgenden finden Sie einige der<span> <\/span><strong>wichtigsten in den letzten Jahren ausgef\u00fchrten Bauvorhaben<\/strong>, bei denen wir unsere<span> <\/span><strong>Arbeit zur vollen Zufriedenheit<\/strong><span> <\/span>unserer Kunden und Nutzer geleistet haben:<\/p>\n<ul>\n<li>Bildungszentrum Geb\u00e4ude \u201eEureka\u201c im Gewerbegebiet Geolit (Ja\u00e9n).<\/li>\n<li>51 Sozialwohnungen (VPO) in San Roque (C\u00e1diz).<\/li>\n<li>Freibad in Moraleda de Zafayona (Granada).<\/li>\n<li>Medizinisches Zentrum in Beas de Segura (Ja\u00e9n).<\/li>\n<li>Sportzentrum in Santa Fe (Granada).<\/li>\n<li>Fertigstellung von 39 Wohnungen in der Urbanisation \u201eLas Palmeras\u201c in Calahonda (M\u00e1laga).<\/li>\n<li>Gesundheitszentrum \u201eBola de Oro\u201c in Granada.<\/li>\n<li>141 Wohnungen in der Urbanisation \u201eAloha Hill Club\u201c in Nueva Andaluc\u00eda, Marbella (M\u00e1laga).<\/li>\n<li>Erweiterung und Renovierung der Schule f\u00fcr Dolmetschen und \u00dcbersetzen in der Calle La Paz (Universit\u00e4t Granada).<\/li>\n<\/ul>\n<p>Alle diese Projekte befinden sich<span> <\/span><strong>in Andalusien<\/strong>, wo wir derzeit unseren Haupteinflussbereich haben. Dennoch verlieren wir die<span> <\/span><strong>nationale und internationale Pr\u00e4senz<\/strong><span> <\/span>nicht aus den Augen, da es unser Ziel ist, unseren<span> <\/span><strong>T\u00e4tigkeitsbereich stetig zu erweitern und auszubauen.<\/strong><\/p>\n<p>Aus diesem Grund setzt<span> <\/span><strong>OBRAS Y PROYECTOS MARBESUR S. L.<\/strong><span> <\/span>entschlossen darauf,<span> <\/span><strong>Grenzen zu \u00fcberschreiten<\/strong><span> <\/span>und seinen<span> <\/span><strong>Expansionsprozess<\/strong><span> <\/span>fortzusetzen. Unser Bestreben ist es, unsere<span> <\/span><strong>Projekte in verschiedenen L\u00e4ndern<\/strong><span> <\/span>auszurollen, die voller Zukunft und Hoffnung sind. Dabei bringen wir unsere<span> <\/span><strong>Erfahrung, Kompetenz und Fachwissen<\/strong><span> <\/span>ein, auf der Suche nach einer neuen Etappe voller<span> <\/span><strong>spannender Projekte.<\/strong><\/p>\n<p>[\/et_pb_text][\/et_pb_column][\/et_pb_row][\/et_pb_section]<\/p>\n","protected":false},"excerpt":{"rendered":"<p><div class=\"et_pb_module dnxte_multi_heading dnxte_multi_heading_0\">\n\t\t\t\t\n\t\t\t\t\n\t\t\t\t\n\t\t\t\t\n\t\t\t\t\n\t\t\t\t\n\t\t\t\t<div class=\"et_pb_module_inner\">\n\t\t\t\t\t<div class=\"wrapper\"><h1 class='header-level '><span class=\"dnxt-text-one reveal-effect masker wow\"><span class=\"dnxt-gradient-text-color-1\">jobs<\/span><\/span><span class=\"dnxt-text-two \"><span class=\"dnxt-gradient-text-color-2\">Projekte, die etwas bewirken<\/span><\/span><\/h1><\/div>\n\t\t\t\t<\/div>\n\t\t\t<\/div>Diese Ma\u00dfnahmen konzentrieren sich im Wesentlichen auf den Wohnungsbau, mit der Errichtung von Ein- und Mehrfamilienh\u00e4usern, sowie auf den Zivil- und \u00f6ffentlichen Bau, mit der Realisierung hochkomplexer Projekte, unter denen Gesundheitszentren, Bildungs- und Sporteinrichtungen [&hellip;]<\/p>\n","protected":false},"author":1,"featured_media":0,"parent":0,"menu_order":0,"comment_status":"closed","ping_status":"closed","template":"","meta":{"_et_pb_use_builder":"on","_et_pb_old_content":"","_et_gb_content_width":"","footnotes":""},"class_list":["post-1931","page","type-page","status-publish","hentry"],"yoast_head":"<!-- This site is optimized with the Yoast SEO plugin v27.2 - https:\/\/yoast.com\/product\/yoast-seo-wordpress\/ -->\n<title>Von Marbesur durchgef\u00fchrte Arbeiten<\/title>\n<meta name=\"description\" content=\"Wir sind ein Unternehmen mit Sitz in Granada und M\u00e1laga, das sich auch der Erteilung von Er\u00f6ffnungslizenzen widmet Einzigartiges Unternehmen f\u00fcr den Umgang mit Asbest\" \/>\n<meta name=\"robots\" content=\"index, follow, max-snippet:-1, max-image-preview:large, max-video-preview:-1\" \/>\n<link rel=\"canonical\" href=\"https:\/\/www.marbesur.com\/de\/jobs\/\" \/>\n<meta property=\"og:locale\" content=\"de_DE\" \/>\n<meta property=\"og:type\" content=\"article\" \/>\n<meta property=\"og:title\" content=\"Von Marbesur durchgef\u00fchrte Arbeiten\" \/>\n<meta property=\"og:description\" content=\"Wir sind ein Unternehmen mit Sitz in Granada und M\u00e1laga, das sich auch der Erteilung von Er\u00f6ffnungslizenzen widmet Einzigartiges Unternehmen f\u00fcr den Umgang mit Asbest\" \/>\n<meta property=\"og:url\" content=\"https:\/\/www.marbesur.com\/de\/jobs\/\" \/>\n<meta property=\"og:site_name\" content=\"Marbesur - Empresa de Proyectos y Obras en Granada y M\u00e1laga.\" \/>\n<meta property=\"article:modified_time\" content=\"2026-03-31T06:29:17+00:00\" \/>\n<meta name=\"twitter:card\" content=\"summary_large_image\" \/>\n<meta name=\"twitter:label1\" content=\"Gesch\u00e4tzte Lesezeit\" \/>\n\t<meta name=\"twitter:data1\" content=\"2\u00a0Minuten\" \/>\n<script type=\"application\/ld+json\" class=\"yoast-schema-graph\">{\"@context\":\"https:\/\/schema.org\",\"@graph\":[{\"@type\":\"WebPage\",\"@id\":\"https:\/\/www.marbesur.com\/de\/jobs\/\",\"url\":\"https:\/\/www.marbesur.com\/de\/jobs\/\",\"name\":\"Von Marbesur durchgef\u00fchrte Arbeiten\",\"isPartOf\":{\"@id\":\"https:\/\/www.marbesur.com\/de\/#website\"},\"datePublished\":\"2025-03-11T14:42:27+00:00\",\"dateModified\":\"2026-03-31T06:29:17+00:00\",\"description\":\"Wir sind ein Unternehmen mit Sitz in Granada und M\u00e1laga, das sich auch der Erteilung von Er\u00f6ffnungslizenzen widmet Einzigartiges Unternehmen f\u00fcr den Umgang mit Asbest\",\"breadcrumb\":{\"@id\":\"https:\/\/www.marbesur.com\/de\/jobs\/#breadcrumb\"},\"inLanguage\":\"de\",\"potentialAction\":[{\"@type\":\"ReadAction\",\"target\":[\"https:\/\/www.marbesur.com\/de\/jobs\/\"]}]},{\"@type\":\"BreadcrumbList\",\"@id\":\"https:\/\/www.marbesur.com\/de\/jobs\/#breadcrumb\",\"itemListElement\":[{\"@type\":\"ListItem\",\"position\":1,\"name\":\"Portada\",\"item\":\"https:\/\/www.marbesur.com\/de\/\"},{\"@type\":\"ListItem\",\"position\":2,\"name\":\"Jobs\"}]},{\"@type\":\"WebSite\",\"@id\":\"https:\/\/www.marbesur.com\/de\/#website\",\"url\":\"https:\/\/www.marbesur.com\/de\/\",\"name\":\"Marbesur - Empresa de Proyectos y Obras en Granada y M\u00e1laga.\",\"description\":\"Empresa especializada en proyectos de obras en Granada y M\u00e1laga. Especialistas en la realizaci\u00f3n de reformas y rehabilitaciones integrales.\",\"potentialAction\":[{\"@type\":\"SearchAction\",\"target\":{\"@type\":\"EntryPoint\",\"urlTemplate\":\"https:\/\/www.marbesur.com\/de\/?s={search_term_string}\"},\"query-input\":{\"@type\":\"PropertyValueSpecification\",\"valueRequired\":true,\"valueName\":\"search_term_string\"}}],\"inLanguage\":\"de\"}]}<\/script>\n<!-- \/ Yoast SEO plugin. -->","yoast_head_json":{"title":"Von Marbesur durchgef\u00fchrte Arbeiten","description":"Wir sind ein Unternehmen mit Sitz in Granada und M\u00e1laga, das sich auch der Erteilung von Er\u00f6ffnungslizenzen widmet Einzigartiges Unternehmen f\u00fcr den Umgang mit Asbest","robots":{"index":"index","follow":"follow","max-snippet":"max-snippet:-1","max-image-preview":"max-image-preview:large","max-video-preview":"max-video-preview:-1"},"canonical":"https:\/\/www.marbesur.com\/de\/jobs\/","og_locale":"de_DE","og_type":"article","og_title":"Von Marbesur durchgef\u00fchrte Arbeiten","og_description":"Wir sind ein Unternehmen mit Sitz in Granada und M\u00e1laga, das sich auch der Erteilung von Er\u00f6ffnungslizenzen widmet Einzigartiges Unternehmen f\u00fcr den Umgang mit Asbest","og_url":"https:\/\/www.marbesur.com\/de\/jobs\/","og_site_name":"Marbesur - Empresa de Proyectos y Obras en Granada y M\u00e1laga.","article_modified_time":"2026-03-31T06:29:17+00:00","twitter_card":"summary_large_image","twitter_misc":{"Gesch\u00e4tzte Lesezeit":"2\u00a0Minuten"},"schema":{"@context":"https:\/\/schema.org","@graph":[{"@type":"WebPage","@id":"https:\/\/www.marbesur.com\/de\/jobs\/","url":"https:\/\/www.marbesur.com\/de\/jobs\/","name":"Von Marbesur durchgef\u00fchrte Arbeiten","isPartOf":{"@id":"https:\/\/www.marbesur.com\/de\/#website"},"datePublished":"2025-03-11T14:42:27+00:00","dateModified":"2026-03-31T06:29:17+00:00","description":"Wir sind ein Unternehmen mit Sitz in Granada und M\u00e1laga, das sich auch der Erteilung von Er\u00f6ffnungslizenzen widmet Einzigartiges Unternehmen f\u00fcr den Umgang mit Asbest","breadcrumb":{"@id":"https:\/\/www.marbesur.com\/de\/jobs\/#breadcrumb"},"inLanguage":"de","potentialAction":[{"@type":"ReadAction","target":["https:\/\/www.marbesur.com\/de\/jobs\/"]}]},{"@type":"BreadcrumbList","@id":"https:\/\/www.marbesur.com\/de\/jobs\/#breadcrumb","itemListElement":[{"@type":"ListItem","position":1,"name":"Portada","item":"https:\/\/www.marbesur.com\/de\/"},{"@type":"ListItem","position":2,"name":"Jobs"}]},{"@type":"WebSite","@id":"https:\/\/www.marbesur.com\/de\/#website","url":"https:\/\/www.marbesur.com\/de\/","name":"Marbesur - Empresa de Proyectos y Obras en Granada y M\u00e1laga.","description":"Empresa especializada en proyectos de obras en Granada y M\u00e1laga. Especialistas en la realizaci\u00f3n de reformas y rehabilitaciones integrales.","potentialAction":[{"@type":"SearchAction","target":{"@type":"EntryPoint","urlTemplate":"https:\/\/www.marbesur.com\/de\/?s={search_term_string}"},"query-input":{"@type":"PropertyValueSpecification","valueRequired":true,"valueName":"search_term_string"}}],"inLanguage":"de"}]}},"_links":{"self":[{"href":"https:\/\/www.marbesur.com\/de\/wp-json\/wp\/v2\/pages\/1931","targetHints":{"allow":["GET"]}}],"collection":[{"href":"https:\/\/www.marbesur.com\/de\/wp-json\/wp\/v2\/pages"}],"about":[{"href":"https:\/\/www.marbesur.com\/de\/wp-json\/wp\/v2\/types\/page"}],"author":[{"embeddable":true,"href":"https:\/\/www.marbesur.com\/de\/wp-json\/wp\/v2\/users\/1"}],"replies":[{"embeddable":true,"href":"https:\/\/www.marbesur.com\/de\/wp-json\/wp\/v2\/comments?post=1931"}],"version-history":[{"count":3,"href":"https:\/\/www.marbesur.com\/de\/wp-json\/wp\/v2\/pages\/1931\/revisions"}],"predecessor-version":[{"id":2312,"href":"https:\/\/www.marbesur.com\/de\/wp-json\/wp\/v2\/pages\/1931\/revisions\/2312"}],"wp:attachment":[{"href":"https:\/\/www.marbesur.com\/de\/wp-json\/wp\/v2\/media?parent=1931"}],"curies":[{"name":"wp","href":"https:\/\/api.w.org\/{rel}","templated":true}]}}